{"id":1194,"date":"2020-03-28T12:16:49","date_gmt":"2020-03-28T11:16:49","guid":{"rendered":"https:\/\/chastitylifestyle.club\/?post_type=product&#038;p=1194"},"modified":"2020-03-28T12:17:22","modified_gmt":"2020-03-28T11:17:22","slug":"raycity-cock-cage","status":"publish","type":"product","link":"https:\/\/chastitylifestyle.club\/en\/raycity-cock-cage\/","title":{"rendered":"Raycity Cock Cage"},"content":{"rendered":"<p>Ein sehr angenehm und dauerhaft tragbarer Keuschheitsk\u00e4fig. Als kleine aber\u00a0 gemeine Besonderheit verf\u00fcgt er \u00fcber <a href=\"https:\/\/amzn.to\/2JieWqt\" target=\"_blank\" rel=\"noopener noreferrer\">eStim<\/a>-kompatible Anschl\u00fcsse f\u00fcr &#8222;spannende Therapie-Sessions&#8220;.<\/p>\n<p>&nbsp;<\/p>\n<ul>\n<li><span class=\"a-list-item\"> Hergestellt aus hochwertigem Kunststoff, geruchlos und langlebig. <\/span><\/li>\n<li><span class=\"a-list-item\"> Der K\u00e4fig ist poliert und die Oberfl\u00e4che des Dilators ist glatt und schadet Ihrer Haut nicht. <\/span><\/li>\n<li><span class=\"a-list-item\"> Das Design ist komfortabel und atmungsaktiv, der Pulsstrom sorgt f\u00fcr eine beispiellose Stimulation.<\/span><\/li>\n<\/ul>\n<p>3 Gr\u00f6\u00dfenunterschiedliche Ringe: 40 mm \/ 45 mm \/ 50 mm.<\/p>\n<p>Paket beinhaltet:<\/p>\n<ul>\n<li>1x K\u00e4fig<\/li>\n<li>1x Ringe<\/li>\n<li>1x Schloss und Schl\u00fcssel<\/li>\n<li>1x elektrischer Harnr\u00f6hrenstecker aus Silikon<\/li>\n<li>1x elektrisches Pad<\/li>\n<li>1x Kabel<\/li>\n<\/ul>\n<p><strong>BITTE BEACHTEN:<\/strong> Setzen Sie Elektro-Stimulationen nur sehr bedacht ein und wenn Sie BEIDE sich sehr gut kennen und ihre Grenzen sehr gut einsch\u00e4tzen k\u00f6nnen.<\/p>\n<p style=\"text-align: center;\"><a class=\"btn btn-default\" href=\"https:\/\/amzn.to\/33RPMIr\" target=\"_blank\" rel=\"noopener\">Preis anzeigen<\/a>\n<p>&nbsp;<\/p>","protected":false},"excerpt":{"rendered":"<p>Ein sehr angenehm und dauerhaft tragbarer Keuschheitsk\u00e4fig. Als kleine aber\u00a0 gemeine Besonderheit verf\u00fcgt er \u00fcber eStim-kompatible Anschl\u00fcsse f\u00fcr &#8222;spannende Therapie-Sessions&#8220;. &nbsp; Hergestellt aus hochwertigem Kunststoff, geruchlos und langlebig. Der K\u00e4fig ist poliert und die Oberfl\u00e4che des Dilators ist glatt und schadet Ihrer Haut nicht. Das Design ist komfortabel und atmungsaktiv, der Pulsstrom sorgt f\u00fcr eine beispiellose Stimulation. 3 Gr\u00f6\u00dfenunterschiedliche Ringe: [&hellip;]<\/p>\n","protected":false},"featured_media":1206,"comment_status":"open","ping_status":"closed","template":"","meta":[],"product_brand":[],"product_cat":[40],"product_tag":[66,65],"class_list":{"0":"post-1194","1":"product","2":"type-product","3":"status-publish","4":"has-post-thumbnail","6":"product_cat-keuschheitskaefige","7":"product_tag-dilator","8":"product_tag-estimulation","10":"first","11":"instock","12":"taxable","13":"shipping-taxable","14":"product-type-external"},"_links":{"self":[{"href":"https:\/\/chastitylifestyle.club\/en\/wp-json\/wp\/v2\/product\/1194","targetHints":{"allow":["GET"]}}],"collection":[{"href":"https:\/\/chastitylifestyle.club\/en\/wp-json\/wp\/v2\/product"}],"about":[{"href":"https:\/\/chastitylifestyle.club\/en\/wp-json\/wp\/v2\/types\/product"}],"replies":[{"embeddable":true,"href":"https:\/\/chastitylifestyle.club\/en\/wp-json\/wp\/v2\/comments?post=1194"}],"wp:featuredmedia":[{"embeddable":true,"href":"https:\/\/chastitylifestyle.club\/en\/wp-json\/wp\/v2\/media\/1206"}],"wp:attachment":[{"href":"https:\/\/chastitylifestyle.club\/en\/wp-json\/wp\/v2\/media?parent=1194"}],"wp:term":[{"taxonomy":"product_brand","embeddable":true,"href":"https:\/\/chastitylifestyle.club\/en\/wp-json\/wp\/v2\/product_brand?post=1194"},{"taxonomy":"product_cat","embeddable":true,"href":"https:\/\/chastitylifestyle.club\/en\/wp-json\/wp\/v2\/product_cat?post=1194"},{"taxonomy":"product_tag","embeddable":true,"href":"https:\/\/chastitylifestyle.club\/en\/wp-json\/wp\/v2\/product_tag?post=1194"}],"curies":[{"name":"wp","href":"https:\/\/api.w.org\/{rel}","templated":true}]}}