{"id":1226,"date":"2020-03-28T14:59:19","date_gmt":"2020-03-28T13:59:19","guid":{"rendered":"https:\/\/chastitylifestyle.club\/?post_type=product&#038;p=1226"},"modified":"2020-03-28T14:59:19","modified_gmt":"2020-03-28T13:59:19","slug":"erziehung-zum-keuschen-cuckold","status":"publish","type":"product","link":"https:\/\/chastitylifestyle.club\/en\/erziehung-zum-keuschen-cuckold\/","title":{"rendered":"Erziehung zum keuschen Cuckold"},"content":{"rendered":"<h2>Eine Fetisch Hypnose<\/h2>\n<p>Eine bitters\u00fc\u00dfe Qual erwartet Dich w\u00e4hrend dieser Traumreise.<\/p>\n<p>Nach der Induktion der Entspannung, durch die Imagination einer wundervollen erotischen Massage, zeigt Dir Deine Herrin Deine zuk\u00fcnftige Bestimmung. \u2028\u2028Gefangen in einem Keuschheitsg\u00fcrtel darfst Du ihr dabei zusehen, wie sie sich mit einem fremden Mann vergn\u00fcgt. Du wirst zu ihrem Cuckold, aber sie hat auch noch ein &#8222;Geschenk&#8220; f\u00fcr Dich \u2026!<\/p>\n<p>Mit dieser Hypnose-Sitzung werden keine bleibenden Ver\u00e4nderungen suggeriert.\u2028Doch wirst Du Dich an alles Erlebte erinnern k\u00f6nnen. Bilder, Ber\u00fchrungen und sogar Ger\u00fcche.<\/p>\n<p>Die Verwendung der hier angebotenen Hypnose-Sitzung erfolgt auf eigene Gefahr. Menschen mit Beschwerden wie Epilepsie, Asthma, Kreislaufbeschwerden o.\u00e4. sollten Hypnose generell nur nach R\u00fccksprache mit ihrem Arzt oder Therapeuten durchf\u00fchren. Die Sitzung bitte nicht unter Drogeneinfluss (auch Alkohol) genie\u00dfen! Die hier angebotene Hypnose-Sitzung erhebt keinen Heil- oder Therapieanspruch! Sie ist zur Unterhaltung gedacht und sollte auch nur so verwendet werden.<\/p>\n<p style=\"text-align: center;\"><a class=\"btn btn-default\" href=\"https:\/\/bit.ly\/2vWb1wr\" target=\"_blank\" rel=\"noopener\">Zur H\u00f6rprobe<\/a>","protected":false},"excerpt":{"rendered":"<p>Eine Fetisch Hypnose Eine bitters\u00fc\u00dfe Qual erwartet Dich w\u00e4hrend dieser Traumreise. Nach der Induktion der Entspannung, durch die Imagination einer wundervollen erotischen Massage, zeigt Dir Deine Herrin Deine zuk\u00fcnftige Bestimmung. \u2028\u2028Gefangen in einem Keuschheitsg\u00fcrtel darfst Du ihr dabei zusehen, wie sie sich mit einem fremden Mann vergn\u00fcgt. Du wirst zu ihrem Cuckold, aber sie hat auch noch ein &#8222;Geschenk&#8220; f\u00fcr [&hellip;]<\/p>\n","protected":false},"featured_media":1227,"comment_status":"open","ping_status":"closed","template":"","meta":[],"product_brand":[],"product_cat":[68],"product_tag":[69,70,71],"class_list":{"0":"post-1226","1":"product","2":"type-product","3":"status-publish","4":"has-post-thumbnail","6":"product_cat-hoerbuecher","7":"product_tag-cuckold","8":"product_tag-hypnose","9":"product_tag-keuschhaltung","11":"first","12":"instock","13":"taxable","14":"shipping-taxable","15":"product-type-external"},"_links":{"self":[{"href":"https:\/\/chastitylifestyle.club\/en\/wp-json\/wp\/v2\/product\/1226","targetHints":{"allow":["GET"]}}],"collection":[{"href":"https:\/\/chastitylifestyle.club\/en\/wp-json\/wp\/v2\/product"}],"about":[{"href":"https:\/\/chastitylifestyle.club\/en\/wp-json\/wp\/v2\/types\/product"}],"replies":[{"embeddable":true,"href":"https:\/\/chastitylifestyle.club\/en\/wp-json\/wp\/v2\/comments?post=1226"}],"wp:featuredmedia":[{"embeddable":true,"href":"https:\/\/chastitylifestyle.club\/en\/wp-json\/wp\/v2\/media\/1227"}],"wp:attachment":[{"href":"https:\/\/chastitylifestyle.club\/en\/wp-json\/wp\/v2\/media?parent=1226"}],"wp:term":[{"taxonomy":"product_brand","embeddable":true,"href":"https:\/\/chastitylifestyle.club\/en\/wp-json\/wp\/v2\/product_brand?post=1226"},{"taxonomy":"product_cat","embeddable":true,"href":"https:\/\/chastitylifestyle.club\/en\/wp-json\/wp\/v2\/product_cat?post=1226"},{"taxonomy":"product_tag","embeddable":true,"href":"https:\/\/chastitylifestyle.club\/en\/wp-json\/wp\/v2\/product_tag?post=1226"}],"curies":[{"name":"wp","href":"https:\/\/api.w.org\/{rel}","templated":true}]}}