{"id":1228,"date":"2020-03-28T15:28:18","date_gmt":"2020-03-28T14:28:18","guid":{"rendered":"https:\/\/chastitylifestyle.club\/?post_type=product&#038;p=1228"},"modified":"2026-02-02T05:34:13","modified_gmt":"2026-02-02T04:34:13","slug":"keuschhaltung-trainings-ausgabe-fuer-anfaenger","status":"publish","type":"product","link":"https:\/\/chastitylifestyle.club\/en\/keuschhaltung-trainings-ausgabe-fuer-anfaenger\/","title":{"rendered":"Keuschhaltung: Trainings-Ausgabe f\u00fcr Anf\u00e4nger"},"content":{"rendered":"<h2>Lady sucht C2<\/h2>\n<p>oder<\/p>\n<h2>Der Weg der Schl\u00fcsselherrin &#8211; ein Chastity Ratgeber<\/h2>\n<p><b>Dein Mann oder Freund m\u00f6chte keusch gehalten werden?<\/b> Dein Interesse dreht sich um <b>m\u00e4nnlicher Keuschheit<\/b> und du fragst dich auf was es ankommt? Du m\u00f6chtest mehr \u00fcber <b>die Vorteile der m\u00e4nnlichen Keuschhaltung<\/b> erfahren? Was ist beim <b>Kauf eines Penisk\u00e4fig<\/b> zu beachten und wozu dient ein Keuschheitsg\u00fcrtel f\u00fcr den Mann? Was reizt einer <b>Herrin<\/b> an einem <b>keuschen Sklaven<\/b>?<\/p>\n<p>Diese und weitere Fragen werden im Buch,<em> Keuschhaltung: Der Weg der Schl\u00fcsselherrin als Trainings-Ausgabe<\/em>, beantwortet. Ohne Frage geh\u00f6rt die Keuschhaltung zu den <em>aufregendsten BDSM Spielen<\/em> f\u00fcr Paare.<\/p>\n<p>Durch einen <b>Chastity Cage<\/b>, wie <b>die Penisschelle<\/b> auch genannt wird bindet man seinen Partner an sich und kann ihn so gekonnt manipulieren. Man kann als <b>Schl\u00fcsselherrin<\/b> nicht nur seine Orgasmen kontrollieren sondern diese Sextoy greift tief in die Beziehung ein.<\/p>\n<p>Der Sexratgeber unterst\u00fctzt nicht nur Anf\u00e4nger sondern gibt dir auch einen Einblick in die Welt einer Schl\u00fcsselherrin.<\/p>\n<p>Das Buch richtet sich an die ratlose Frau, die mit dem Gest\u00e4ndnis des Mannes nichts anfangen k\u00f6nnen, an Single M\u00e4nner und nat\u00fcrlich an Paare die Ganzheitlich ihre Sexualit\u00e4t neu erforschen und den Fetisch f\u00fcr sich entdecken wollen. Gemeinsam k\u00f6nnt ihr so auf Entdeckungstour zu eurer Lust gehen, Experimentieren und in kleinen Schritten erfahren was man aus einem devoten Mann und Liebesdiener herausholen kann.<\/p>\n<p>Weiters findest du ihm Kindle Buch die ultimative Anleitung zur erfolgreiche Orgasmuskontrolle, dominant devote Spielideen auch D\/S genannt oder Tease and Denial ( Erregen und Verweigern).<\/p>\n<p>Du suchst nach einem neuen Rollenspiel-Idee? Oder strebst du eine FLR Beziehung an<br \/>\n(female lead relationship oder auf Deutsch weiblich gef\u00fchrte Beziehung)? Das Buch kann dir dabei helfen!<\/p>\n<p>Au\u00dferdem gibt es neben dem Sex-Ratgeber zur Keuschhaltung zahlreiche Keuschhaltung und Cuckold Geschichten.<\/p>\n<p>Der Ratgeber gibt dir einen Einblick in eine Beziehung, als Fetisch Form von Rollenspielen bis hin zum Cuckolding ausgelebt wird. F\u00fcr Anf\u00e4nger und Einsteiger und neugierige Paare. Wissenswertes wie du als Herrin, Keyholder oder Schl\u00fcsselherrin die m\u00e4nnliche Sexulit\u00e4t in Form einer D\/S Beziehung gemeinsam ausleben wirst und nat\u00fcrlich wie du mit deinen Partner Pl\u00e4ne schmidest und deine Fantasien zu besprechen lernst runden das Buch ab.<\/p>\n<p>Du hast ein Problem damit das dein Mann ohne dich heimlich masturibert? Kauf deinem Ehe-Sklaven einen Penisk\u00e4fig. Wieso also warten, halte deinen Partner keusch und \u00fcberzeuge dich selbst. Binde deinen Mann an dich mit einem Keuschheitsg\u00fcrtel! Spielspass und aufregnede Lust garantiert!<\/p>\n<p>Keuschheit: Der Weg der Schl\u00fcsselherrin erscheint vorerst auf als Kindle Buch, als <b>Taschenbuch erscheint es ab Mitte Oktober.<\/b><\/p>\n<p>Inhalt: (Auswahl):<\/p>\n<ol>\n<li>Wie ich Keuschlinge und Cuckolds sehe<\/li>\n<li>Wie mein Mann die eigene Keuschheit sieht<\/li>\n<li>Die ultimative Zone eines Keuschlings<\/li>\n<li>Dein Beginn als Schl\u00fcsselherrin<\/li>\n<li>Rollenspiele in der \u00d6ffentlichkeit uvw.<\/li>\n<\/ol>\n<p style=\"text-align: center;\"><a class=\"btn btn-default\" href=\"https:\/\/amzn.to\/2WRZLfs\" target=\"_blank\" rel=\"noopener\">Jetzt kostenlos lesen<\/a>","protected":false},"excerpt":{"rendered":"<p>Lady sucht C2 oder Der Weg der Schl\u00fcsselherrin &#8211; ein Chastity Ratgeber Dein Mann oder Freund m\u00f6chte keusch gehalten werden? Dein Interesse dreht sich um m\u00e4nnlicher Keuschheit und du fragst dich auf was es ankommt? Du m\u00f6chtest mehr \u00fcber die Vorteile der m\u00e4nnlichen Keuschhaltung erfahren? Was ist beim Kauf eines Penisk\u00e4fig zu beachten und wozu dient ein Keuschheitsg\u00fcrtel f\u00fcr den [&hellip;]<\/p>\n","protected":false},"featured_media":1229,"comment_status":"open","ping_status":"closed","template":"","meta":[],"product_brand":[],"product_cat":[72],"product_tag":[],"class_list":{"0":"post-1228","1":"product","2":"type-product","3":"status-publish","4":"has-post-thumbnail","6":"product_cat-ebook","8":"first","9":"instock","10":"taxable","11":"shipping-taxable","12":"product-type-external"},"_links":{"self":[{"href":"https:\/\/chastitylifestyle.club\/en\/wp-json\/wp\/v2\/product\/1228","targetHints":{"allow":["GET"]}}],"collection":[{"href":"https:\/\/chastitylifestyle.club\/en\/wp-json\/wp\/v2\/product"}],"about":[{"href":"https:\/\/chastitylifestyle.club\/en\/wp-json\/wp\/v2\/types\/product"}],"replies":[{"embeddable":true,"href":"https:\/\/chastitylifestyle.club\/en\/wp-json\/wp\/v2\/comments?post=1228"}],"wp:featuredmedia":[{"embeddable":true,"href":"https:\/\/chastitylifestyle.club\/en\/wp-json\/wp\/v2\/media\/1229"}],"wp:attachment":[{"href":"https:\/\/chastitylifestyle.club\/en\/wp-json\/wp\/v2\/media?parent=1228"}],"wp:term":[{"taxonomy":"product_brand","embeddable":true,"href":"https:\/\/chastitylifestyle.club\/en\/wp-json\/wp\/v2\/product_brand?post=1228"},{"taxonomy":"product_cat","embeddable":true,"href":"https:\/\/chastitylifestyle.club\/en\/wp-json\/wp\/v2\/product_cat?post=1228"},{"taxonomy":"product_tag","embeddable":true,"href":"https:\/\/chastitylifestyle.club\/en\/wp-json\/wp\/v2\/product_tag?post=1228"}],"curies":[{"name":"wp","href":"https:\/\/api.w.org\/{rel}","templated":true}]}}