{"id":1384,"date":"2020-05-22T10:20:35","date_gmt":"2020-05-22T08:20:35","guid":{"rendered":"https:\/\/chastitylifestyle.club\/?post_type=product&#038;p=1384"},"modified":"2025-05-16T06:25:01","modified_gmt":"2025-05-16T04:25:01","slug":"edelstahl-mini-peniskaefig","status":"publish","type":"product","link":"https:\/\/chastitylifestyle.club\/en\/edelstahl-mini-peniskaefig\/","title":{"rendered":"Edelstahl-Mini-Penisk\u00e4fig"},"content":{"rendered":"<p>Dem\u00fctigung und Strafe zugleich. F\u00fcr alle, die auf Minimalismus und Minimalisierungs-Drill stehen!<\/p>\n<p>Penisk\u00e4fige aus Kunststoff haben oft das Problem, dass sie irgendwann im wahrsten Sinne des Wortes aus den N\u00e4hten platzen &#8211; nicht so dieses Modell. Der Edelstahl-Mini-Penisk\u00e4fig vereint kleinste Ausma\u00dfe mit maximaler Haltbarkeit.<\/p>\n<p><span class=\"a-list-item\"> Es k\u00f6nnen 3 Gr\u00f6\u00dfen ausgew\u00e4hlt werden: <\/span><\/p>\n<ul>\n<li><span class=\"a-list-item\">Innendurchmesser Innendurchmesser 40 mm, <\/span><\/li>\n<li><span class=\"a-list-item\">Innendurchmesser des Sprengrings 45 mm, <\/span><\/li>\n<li><span class=\"a-list-item\">Innendurchmesser des Sprengrings 50 mm <\/span><\/li>\n<\/ul>\n<p><span class=\"a-list-item\"> Der ZWFUN Edelstahl Penisk\u00e4fig l\u00e4sst sich bequem anlegen. Der Hodenring mit Stecksystem und die glatte Verarbeitung bieten einen hoher Tragekomfort. <\/span><\/p>\n<p><span class=\"a-list-item\">Die Lieferung erolgt inkl. Schloss und Schl\u00fcssel. <\/span><\/p>\n<p style=\"text-align: center;\"><a class=\"btn btn-primary\" href=\"https:\/\/amzn.to\/3gcwxPA\" target=\"_blank\" rel=\"noopener\">Preis anzeigen<\/a>","protected":false},"excerpt":{"rendered":"<p>Dem\u00fctigung und Strafe zugleich. F\u00fcr alle, die auf Minimalismus und Minimalisierungs-Drill stehen! Penisk\u00e4fige aus Kunststoff haben oft das Problem, dass sie irgendwann im wahrsten Sinne des Wortes aus den N\u00e4hten platzen &#8211; nicht so dieses Modell. Der Edelstahl-Mini-Penisk\u00e4fig vereint kleinste Ausma\u00dfe mit maximaler Haltbarkeit. Es k\u00f6nnen 3 Gr\u00f6\u00dfen ausgew\u00e4hlt werden: Innendurchmesser Innendurchmesser 40 mm, Innendurchmesser des Sprengrings 45 mm, Innendurchmesser [&hellip;]<\/p>\n","protected":false},"featured_media":1385,"comment_status":"open","ping_status":"closed","template":"","meta":[],"product_brand":[],"product_cat":[40],"product_tag":[87,89,88,90],"class_list":{"0":"post-1384","1":"product","2":"type-product","3":"status-publish","4":"has-post-thumbnail","6":"product_cat-keuschheitskaefige","7":"product_tag-edelstahl","8":"product_tag-mini","9":"product_tag-small","10":"product_tag-zwfun","12":"first","13":"instock","14":"taxable","15":"shipping-taxable","16":"product-type-external"},"_links":{"self":[{"href":"https:\/\/chastitylifestyle.club\/en\/wp-json\/wp\/v2\/product\/1384","targetHints":{"allow":["GET"]}}],"collection":[{"href":"https:\/\/chastitylifestyle.club\/en\/wp-json\/wp\/v2\/product"}],"about":[{"href":"https:\/\/chastitylifestyle.club\/en\/wp-json\/wp\/v2\/types\/product"}],"replies":[{"embeddable":true,"href":"https:\/\/chastitylifestyle.club\/en\/wp-json\/wp\/v2\/comments?post=1384"}],"wp:featuredmedia":[{"embeddable":true,"href":"https:\/\/chastitylifestyle.club\/en\/wp-json\/wp\/v2\/media\/1385"}],"wp:attachment":[{"href":"https:\/\/chastitylifestyle.club\/en\/wp-json\/wp\/v2\/media?parent=1384"}],"wp:term":[{"taxonomy":"product_brand","embeddable":true,"href":"https:\/\/chastitylifestyle.club\/en\/wp-json\/wp\/v2\/product_brand?post=1384"},{"taxonomy":"product_cat","embeddable":true,"href":"https:\/\/chastitylifestyle.club\/en\/wp-json\/wp\/v2\/product_cat?post=1384"},{"taxonomy":"product_tag","embeddable":true,"href":"https:\/\/chastitylifestyle.club\/en\/wp-json\/wp\/v2\/product_tag?post=1384"}],"curies":[{"name":"wp","href":"https:\/\/api.w.org\/{rel}","templated":true}]}}