{"id":1414,"date":"2020-09-20T12:59:28","date_gmt":"2020-09-20T10:59:28","guid":{"rendered":"https:\/\/chastitylifestyle.club\/?post_type=product&#038;p=1414"},"modified":"2021-11-17T10:48:29","modified_gmt":"2021-11-17T09:48:29","slug":"neu-v4-silikagel-keuschheitskaefig-ht-design","status":"publish","type":"product","link":"https:\/\/chastitylifestyle.club\/en\/neu-v4-silikagel-keuschheitskaefig-ht-design\/","title":{"rendered":"NEU: V4 Silikagel-Keuschheitsk\u00e4fig HT-Design"},"content":{"rendered":"<p>Neuer Keuschheitsk\u00e4fig im HolyTrainer V4 Design<\/p>\n<p><strong>Material<\/strong>: Silica Gel<\/p>\n<p>Dieser Keuschheitsk\u00e4fig entspricht dem neuen HTV4-Konstruktionsk\u00e4fig. Gleiche Qualit\u00e4t, 3-mal billiger und mit allen Ringgr\u00f6\u00dfen lieferbar. Herz was willst DU mehr?<\/p>\n<h2>Das ist neu (V3 vs. V4)<\/h2>\n<p>Bequemer als V3 in der Ringsektion + bessere Ateml\u00f6cher. Keine scharfen Kanten. Das Gesamtdesign ist kompakter und ergonomischer. Absolute Diskretion und elegantes Aussehen f\u00fcr Ihre t\u00e4gliche Keuschheitserfahrung.<\/p>\n<p>Der neue Keuschheitsk\u00e4fig HT erm\u00f6glicht eine bessere Anpassung an den menschlichen K\u00f6rper. Der K\u00e4fig wird in die Innenseite des Ringes eingesetzt. Sobald der K\u00e4fig an seinem Platz ist, ist es unm\u00f6glich, das Ger\u00e4t zu entfernen.<\/p>\n<p>Anzahl der Bel\u00fcftungs\u00f6ffnungen: 3<\/p>\n<h2>Modelle zur Auswahl:<\/h2>\n<p><strong>Innendurchmesser<\/strong><\/p>\n<p>von 33mm (Nub) bis 35mm (Maxi)<\/p>\n<p><strong>K\u00e4fig-L\u00e4nge<\/strong><\/p>\n<p>Nub = 26 mm<br \/>\nNano = 36mm<br \/>\nKlein = 44 mm<br \/>\nStandard = 55mm<br \/>\nMaxi = 70mm<\/p>\n<p><strong>Der gesamte Satz enth\u00e4lt:<\/strong><\/p>\n<ul>\n<li>4 verschiedene Gr\u00f6\u00dfen der Ringe &#8211; 36, 40, 45, 55mm)<\/li>\n<li>1 K\u00e4figrohr zur Auswahl<\/li>\n<li>1 Magic Locker (hohe Qualit\u00e4t) mit 2 Schl\u00fcsseln<\/li>\n<\/ul>\n<p>Bitte beachten Sie, dass dies nicht der Original HolyTrainer ist.<\/p>\n<p style=\"text-align: center;\"><a class=\"btn btn-primary\" href=\"https:\/\/bit.ly\/2RHTmj9\" target=\"_blank\" rel=\"noopener\">Weitere Details anzeigen<\/a>","protected":false},"excerpt":{"rendered":"<p>Neuer Keuschheitsk\u00e4fig im HolyTrainer V4 Design Material: Silica Gel Dieser Keuschheitsk\u00e4fig entspricht dem neuen HTV4-Konstruktionsk\u00e4fig. Gleiche Qualit\u00e4t, 3-mal billiger und mit allen Ringgr\u00f6\u00dfen lieferbar. Herz was willst DU mehr? Das ist neu (V3 vs. V4) Bequemer als V3 in der Ringsektion + bessere Ateml\u00f6cher. Keine scharfen Kanten. Das Gesamtdesign ist kompakter und ergonomischer. Absolute Diskretion und elegantes Aussehen f\u00fcr Ihre [&hellip;]<\/p>\n","protected":false},"featured_media":1415,"comment_status":"open","ping_status":"closed","template":"","meta":[],"product_brand":[],"product_cat":[40],"product_tag":[],"class_list":{"0":"post-1414","1":"product","2":"type-product","3":"status-publish","4":"has-post-thumbnail","6":"product_cat-keuschheitskaefige","8":"first","9":"instock","10":"taxable","11":"shipping-taxable","12":"product-type-external"},"_links":{"self":[{"href":"https:\/\/chastitylifestyle.club\/en\/wp-json\/wp\/v2\/product\/1414","targetHints":{"allow":["GET"]}}],"collection":[{"href":"https:\/\/chastitylifestyle.club\/en\/wp-json\/wp\/v2\/product"}],"about":[{"href":"https:\/\/chastitylifestyle.club\/en\/wp-json\/wp\/v2\/types\/product"}],"replies":[{"embeddable":true,"href":"https:\/\/chastitylifestyle.club\/en\/wp-json\/wp\/v2\/comments?post=1414"}],"wp:featuredmedia":[{"embeddable":true,"href":"https:\/\/chastitylifestyle.club\/en\/wp-json\/wp\/v2\/media\/1415"}],"wp:attachment":[{"href":"https:\/\/chastitylifestyle.club\/en\/wp-json\/wp\/v2\/media?parent=1414"}],"wp:term":[{"taxonomy":"product_brand","embeddable":true,"href":"https:\/\/chastitylifestyle.club\/en\/wp-json\/wp\/v2\/product_brand?post=1414"},{"taxonomy":"product_cat","embeddable":true,"href":"https:\/\/chastitylifestyle.club\/en\/wp-json\/wp\/v2\/product_cat?post=1414"},{"taxonomy":"product_tag","embeddable":true,"href":"https:\/\/chastitylifestyle.club\/en\/wp-json\/wp\/v2\/product_tag?post=1414"}],"curies":[{"name":"wp","href":"https:\/\/api.w.org\/{rel}","templated":true}]}}