{"id":1581,"date":"2020-11-28T13:36:39","date_gmt":"2020-11-28T12:36:39","guid":{"rendered":"https:\/\/chastitylifestyle.club\/?post_type=product&#038;p=1581"},"modified":"2025-04-16T03:27:15","modified_gmt":"2025-04-16T01:27:15","slug":"cbt-500-ball-crusher-eggs","status":"publish","type":"product","link":"https:\/\/chastitylifestyle.club\/en\/cbt-500-ball-crusher-eggs\/","title":{"rendered":"CBT 500 &#8211; Ball Crusher Eggs"},"content":{"rendered":"<ul class=\"a-unordered-list a-vertical a-spacing-mini\">\n<li><span class=\"a-list-item\"> Nur das Original mit <strong>300 Gramm<\/strong> XTRM (R) Logo und der schwarzen XTRM Metalldose. <strong>Achtung viele schlechte Kopien sind leider gerade im Umlau!<\/strong> <\/span><\/li>\n<li><span class=\"a-list-item\"> Sowas gibt es nicht jeden Tag denn dein Sub muss sich diesen geilen Schmerz bei Dir erarbeiten. BDSM Deluxe bei Tigerversand. Mit diesen extremen zweiteiligen Nussknacker wird es intensive unter der Lust leiden.<\/span><\/li>\n<li><span class=\"a-list-item\">Wir garantieren CBT vom besten f\u00fcr alle Sado-Masochisten, CBT-Enthusiasten, Ball Stretcher Liebhaber oder devote M\u00e4nnern. <\/span><\/li>\n<li><span class=\"a-list-item\"> Bei jedem anderen CBT werden normalerweise beide Hoden gleichzeitig stimuliert, bei unseren <em><strong>CBT Ball Crusher, extreme Ausf\u00fchrung &#8211; Nussknacker Deluxe<\/strong><\/em> kannst &#8211; kannst Du oder Dein Sub jeden Hoden einzeln stimulieren &#8211; <strong>2 x 14 s\u00fc\u00dfer Schmerz! <\/strong><\/span><\/li>\n<li><span class=\"a-list-item\"> Je nach Stimmung oder Stimulation k\u00f6nnen die spitzen Schrauben tief hineingedreht werden. Diese k\u00f6nnen aber auch ganz weggelassen werden. Die beiden hohlen edlen Stahlkammern sind abschlie\u00dfbar, so dass Dein ToyBoy auch dauerhaft in den Ball Crusher Eggs verschlossen bleiben kann. &#8211; Eier aus Stahl! Ohne Schl\u00fcssel gibt es keine N\u00fcsse. Der B\u00fcgel kann als F\u00fchrung, zum Fixieren oder f\u00fcr Gewichte genutzt werden. <\/span><\/li>\n<li><span class=\"a-list-item\"> Einzigartiges Design: <\/span>\n<ul class=\"a-unordered-list a-vertical a-spacing-mini\">\n<li><span class=\"a-list-item\">Zum \u00dcberschreiten von Grenzen und Tabus, <\/span><\/li>\n<li><span class=\"a-list-item\">2 x 14 Inbusschrauben mit angespitztem Kopf zum tiefen Eindrehen wie gew\u00fcnscht, <\/span><\/li>\n<li><span class=\"a-list-item\">Tiefe ca. 2 x 25 mm, L\u00e4nge circa 70 mm x Breite circa 50 mm, <\/span><\/li>\n<li><span class=\"a-list-item\">Material aus Edelstahl, <\/span><\/li>\n<li><span class=\"a-list-item\">1 Paar CBT Eier Crusher und Presser mit Verbindungsb\u00fcgel und 2 Schl\u00f6ssern mit Aufschrift <em><strong>Slave<\/strong> <\/em><\/span><\/li>\n<li><span class=\"a-list-item\">Exclusiv bei Tigerversand Made by XTRM <\/span><\/li>\n<\/ul>\n<\/li>\n<\/ul>\n<p style=\"text-align: center;\"><a class=\"btn btn-default\" href=\"https:\/\/amzn.to\/2Jfz2Fi\" target=\"_blank\" rel=\"noopener\">Preis anzeigen<\/a>","protected":false},"excerpt":{"rendered":"<p>Sowas gibt es nicht jeden Tag denn dein Sub muss sich diesen geilen Schmerz bei Dir erarbeiten. Mit diesen extremen 300 Gramm schweren CBT 500 &#8211; Ball Crusher Eggs wird es intensiv unter der Lust leiden.<\/p>","protected":false},"featured_media":1582,"comment_status":"open","ping_status":"closed","template":"","meta":[],"product_brand":[],"product_cat":[95],"product_tag":[],"class_list":{"0":"post-1581","1":"product","2":"type-product","3":"status-publish","4":"has-post-thumbnail","6":"product_cat-lustschmerz_cbt","8":"first","9":"instock","10":"taxable","11":"shipping-taxable","12":"product-type-external"},"_links":{"self":[{"href":"https:\/\/chastitylifestyle.club\/en\/wp-json\/wp\/v2\/product\/1581","targetHints":{"allow":["GET"]}}],"collection":[{"href":"https:\/\/chastitylifestyle.club\/en\/wp-json\/wp\/v2\/product"}],"about":[{"href":"https:\/\/chastitylifestyle.club\/en\/wp-json\/wp\/v2\/types\/product"}],"replies":[{"embeddable":true,"href":"https:\/\/chastitylifestyle.club\/en\/wp-json\/wp\/v2\/comments?post=1581"}],"wp:featuredmedia":[{"embeddable":true,"href":"https:\/\/chastitylifestyle.club\/en\/wp-json\/wp\/v2\/media\/1582"}],"wp:attachment":[{"href":"https:\/\/chastitylifestyle.club\/en\/wp-json\/wp\/v2\/media?parent=1581"}],"wp:term":[{"taxonomy":"product_brand","embeddable":true,"href":"https:\/\/chastitylifestyle.club\/en\/wp-json\/wp\/v2\/product_brand?post=1581"},{"taxonomy":"product_cat","embeddable":true,"href":"https:\/\/chastitylifestyle.club\/en\/wp-json\/wp\/v2\/product_cat?post=1581"},{"taxonomy":"product_tag","embeddable":true,"href":"https:\/\/chastitylifestyle.club\/en\/wp-json\/wp\/v2\/product_tag?post=1581"}],"curies":[{"name":"wp","href":"https:\/\/api.w.org\/{rel}","templated":true}]}}