{"id":1630,"date":"2020-12-21T16:48:35","date_gmt":"2020-12-21T15:48:35","guid":{"rendered":"https:\/\/chastitylifestyle.club\/?post_type=product&#038;p=1630"},"modified":"2025-05-28T21:21:57","modified_gmt":"2025-05-28T19:21:57","slug":"ultrakleiner-keuschheitskaefig-edelstahl-peniskaefig","status":"publish","type":"product","link":"https:\/\/chastitylifestyle.club\/en\/ultrakleiner-keuschheitskaefig-edelstahl-peniskaefig\/","title":{"rendered":"Ultrakleiner Keuschheitsk\u00e4fig, Edelstahl Penisk\u00e4fig, &#8222;Schandk\u00e4fig&#8220;"},"content":{"rendered":"<h3><span id=\"productTitle\" class=\"a-size-large product-title-word-break\">ULTRAKLEINER, mit Katheter-Penisplug, Dilator und Stacheln versehener Painring &#8211; der Schandk\u00e4fig<br \/>\n<\/span><\/h3>\n<p><span class=\"a-list-item\"> \u2764 MATERIAL: Edelstahlmetall, nie rostig, dichtes Schwei\u00dfen, glatte Oberfl\u00e4che. Es kann direkt mit der Haut in Kontakt treten, um Allergien zu vermeiden und ist sehr angenehm zu tragen. <\/span><\/p>\n<p><span class=\"a-list-item\"> \u2764 GR\u00f6\u00dfE: Der Keuschheitsg\u00fcrtel besteht aus hochwertigem Edelstahl mit insgesamt drei Ringgr\u00f6\u00dfen (40 mm \/ 45 mm \/ 50 mm), sodass der K\u00e4fig f\u00fcr viele Menschen geeignet ist. Bitte w\u00e4hlen Sie Ihren eigenen Keuschheitsg\u00fcrtel. <\/span><\/p>\n<p><span class=\"a-list-item\"> \u2764 INNOVATIVES DESIGN: 2020 neuer innovativer perfekter Miniatur-Penisk\u00e4fig, ergonomisch, angenehm zu tragen, leicht zu tragen. <\/span><\/p>\n<p><span class=\"a-list-item\"> \u2764 EIGENSCHAFTEN:Unsichtbares Schlossdesign, bequemer zu bedienen, wenn beim Tragen keine Metallkollision auftritt, ist es bequemer beim Ausgehen zu verwenden <\/span><\/p>\n<p><span class=\"a-list-item\"> \u2764 DISKRETE VERPACKUNG: Wir verpacken das Produkt in einem Karton. Das Produkt ist in Schaumstoff eingewickelt, um Ihre Privatsph\u00e4re zu gew\u00e4hrleisten. <\/span><\/p>\n<p><span class=\"a-list-item\">\u2764 <\/span>SPEZIELL entwickelt mit einem Urinierloch an der Spitze, damit der Urin normal flie\u00dft. Dar\u00fcber hinaus verf\u00fcgt unser Keuschheitsg\u00fcrtel \u00fcber ein ausgeh\u00f6hltes Design f\u00fcr eine bessere Atmungsaktivit\u00e4t.<\/p>\n<p><span class=\"a-list-item\">\u2764 <\/span>VERBESSERTES verstecktes Schloss<\/p>\n<p><span class=\"a-list-item\">\u2764<\/span> IEAL f\u00fcr Shrinking (Small Penis Humiliation)<\/p>\n<p><strong><big>Testurteil: &#8222;<em>Nicht unbedingt f\u00fcr dauerhaftes Tragen, aber sehr gut zur Disziplinierung und Dem\u00fctigung geeignet!<\/em>&#8220; (<a href=\"https:\/\/madamekyra.de\/de\/keuschhaltung\/\" target=\"_blank\" rel=\"noopener\">Madame Kyra<\/a>)<br \/>\n<\/big><\/strong><\/p>\n<p style=\"text-align: center;\"><a class=\"btn btn-highlight\" href=\"https:\/\/amzn.to\/3zwRwGP\" target=\"_blank\" rel=\"noopener\">PREIS ANZEIGEN<\/a>","protected":false},"excerpt":{"rendered":"<h2 id=\"title\" class=\"a-size-large a-spacing-none\"><span id=\"productTitle\" class=\"a-size-large product-title-word-break\">Mit Katheter-Penisplug, Dilator und Stacheln versehener Painring<\/span><\/h2>","protected":false},"featured_media":1631,"comment_status":"open","ping_status":"closed","template":"","meta":[],"product_brand":[],"product_cat":[40],"product_tag":[66,99,101,100],"class_list":{"0":"post-1630","1":"product","2":"type-product","3":"status-publish","4":"has-post-thumbnail","6":"product_cat-keuschheitskaefige","7":"product_tag-dilator","8":"product_tag-shrinking","9":"product_tag-small-penis-humiliation","10":"product_tag-stacheln","12":"first","13":"instock","14":"taxable","15":"shipping-taxable","16":"product-type-external"},"_links":{"self":[{"href":"https:\/\/chastitylifestyle.club\/en\/wp-json\/wp\/v2\/product\/1630","targetHints":{"allow":["GET"]}}],"collection":[{"href":"https:\/\/chastitylifestyle.club\/en\/wp-json\/wp\/v2\/product"}],"about":[{"href":"https:\/\/chastitylifestyle.club\/en\/wp-json\/wp\/v2\/types\/product"}],"replies":[{"embeddable":true,"href":"https:\/\/chastitylifestyle.club\/en\/wp-json\/wp\/v2\/comments?post=1630"}],"wp:featuredmedia":[{"embeddable":true,"href":"https:\/\/chastitylifestyle.club\/en\/wp-json\/wp\/v2\/media\/1631"}],"wp:attachment":[{"href":"https:\/\/chastitylifestyle.club\/en\/wp-json\/wp\/v2\/media?parent=1630"}],"wp:term":[{"taxonomy":"product_brand","embeddable":true,"href":"https:\/\/chastitylifestyle.club\/en\/wp-json\/wp\/v2\/product_brand?post=1630"},{"taxonomy":"product_cat","embeddable":true,"href":"https:\/\/chastitylifestyle.club\/en\/wp-json\/wp\/v2\/product_cat?post=1630"},{"taxonomy":"product_tag","embeddable":true,"href":"https:\/\/chastitylifestyle.club\/en\/wp-json\/wp\/v2\/product_tag?post=1630"}],"curies":[{"name":"wp","href":"https:\/\/api.w.org\/{rel}","templated":true}]}}