{"id":1707,"date":"2021-01-31T11:40:32","date_gmt":"2021-01-31T10:40:32","guid":{"rendered":"https:\/\/chastitylifestyle.club\/?post_type=product&#038;p=1707"},"modified":"2025-04-18T11:55:23","modified_gmt":"2025-04-18T09:55:23","slug":"kalis-teeth-silber-nicht-entfernbare-dornen","status":"publish","type":"product","link":"https:\/\/chastitylifestyle.club\/en\/kalis-teeth-silber-nicht-entfernbare-dornen\/","title":{"rendered":"Kali&#8217;s Teeth &#8211; silber, nicht entfernbare Dornen"},"content":{"rendered":"<p>KTB (Kal&#8217;s Teeth Bracelet) mit silbernen, nicht abnehmbaren Spikes<\/p>\n<p>Kali&#8217;s Teeth mit zwei oder vier Reihen schmerzhafter Dornen (&#8222;<em>Kali&#8217;s Z\u00e4hne<\/em>&#8222;). Diese Z\u00e4hne sind nicht abnehmbar, was sofort heftige Lustschmerzen erzeugt. Jede Erektion ist sofort mit heftiger Qual verbunden werden, stellen Sie sich dieses einmal w\u00e4hrend einer <strong>Tease &amp; Denial<\/strong> Session vor!<\/p>\n<p>Auch zum Keuschheitstraining sind Kali&#8217;s Teeth bestens geeignet. Die Dornen lehren ihn, seine Erregung zu kontrollieren. Er ist also sowohl ein Anti-Erektionsger\u00e4t als auch ein Anti-Masturbationsger\u00e4t. Klein und leicht, ist der Kali&#8217;s Non Removable Teeth sehr diskret und unter der Hose nicht zu erkennen.<\/p>\n<p>Keuschheitsreif mit Stacheln &#8211; Kali&#8217;s Teetht kann auf 3 Arten verwendet werden (soweit wir uns das vorstellen k\u00f6nnen, Ihrer Phanatsie sind keine Grenzen gesetzt!):<\/p>\n<p style=\"text-align: center;\"><img loading=\"lazy\" decoding=\"async\" class=\"alignnone size-full wp-image-1708\" src=\"https:\/\/chastitylifestyle.club\/wp-content\/uploads\/2021\/01\/oxy-shopkalis-teeth-long-teeth-2-rows-golden-k03-18182808_2ff42920-3055-4a87-ad65-ac76c85f4554_5000x.jpg\" alt=\"Dreit Arten Kali&#039;s teeth Bracklet zu tragen\" width=\"900\" height=\"300\" title=\"\" srcset=\"https:\/\/chastitylifestyle.club\/wp-content\/uploads\/2021\/01\/oxy-shopkalis-teeth-long-teeth-2-rows-golden-k03-18182808_2ff42920-3055-4a87-ad65-ac76c85f4554_5000x.jpg 900w, https:\/\/chastitylifestyle.club\/wp-content\/uploads\/2021\/01\/oxy-shopkalis-teeth-long-teeth-2-rows-golden-k03-18182808_2ff42920-3055-4a87-ad65-ac76c85f4554_5000x-600x200.jpg 600w, https:\/\/chastitylifestyle.club\/wp-content\/uploads\/2021\/01\/oxy-shopkalis-teeth-long-teeth-2-rows-golden-k03-18182808_2ff42920-3055-4a87-ad65-ac76c85f4554_5000x-300x100.jpg 300w, https:\/\/chastitylifestyle.club\/wp-content\/uploads\/2021\/01\/oxy-shopkalis-teeth-long-teeth-2-rows-golden-k03-18182808_2ff42920-3055-4a87-ad65-ac76c85f4554_5000x-768x256.jpg 768w, https:\/\/chastitylifestyle.club\/wp-content\/uploads\/2021\/01\/oxy-shopkalis-teeth-long-teeth-2-rows-golden-k03-18182808_2ff42920-3055-4a87-ad65-ac76c85f4554_5000x-672x224.jpg 672w\" sizes=\"auto, (max-width: 900px) 100vw, 900px\" \/><\/p>\n<p>Unser Favorit ist die Verwendung als Ballstrecker-Ger\u00e4t, indem man es um den Hodensack gelegt und verschlossen wird.<\/p>\n<p>Probieren Sie es als effektives Keuschheitsger\u00e4t aus. Legen Sie es um den Schaft seines Penis, dann, wenn er eine Erektion bekommt, graben sich die Z\u00e4hne in sein empfindlichstes Fleisch.<\/p>\n<p>F\u00fcr Schmerz-Liebhaber! Spiked Cock Ring. Dazu legen Sie ihn an die Basis des Schwanzes und der Eier und schlie\u00dfen ihn mit einem Vorh\u00e4ngeschloss ab.<\/p>\n<p>&nbsp;<\/p>\n<p><iframe src=\"https:\/\/www.youtube.com\/embed\/geyJC3PAfzY\" frameborder=\"0\" allowfullscreen=\"allowfullscreen\"><\/iframe><\/p>\n<p style=\"text-align: center;\">KTB (Kal&#8217;s Teeth Bracklet) mit silbernen, nicht abnehmbaren Spikes, zwei oder vier Reihen silberner Dornen<\/p>\n<p style=\"text-align: center;\"><a class=\"btn btn-primary\" href=\"https:\/\/bit.ly\/3ov6IND\" target=\"_blank\" rel=\"noopener\">PREIS ANZEIGEN<\/a>","protected":false},"excerpt":{"rendered":"<p>Kali&#8217;s Teeth mit zwei oder vier Reihen schmerzhafter Dornen (&#8222;<em>Kali&#8217;s Z\u00e4hne<\/em>&#8222;).<\/p>","protected":false},"featured_media":1706,"comment_status":"open","ping_status":"closed","template":"","meta":[],"product_brand":[],"product_cat":[95],"product_tag":[107,109,106,108],"class_list":{"0":"post-1707","1":"product","2":"type-product","3":"status-publish","4":"has-post-thumbnail","6":"product_cat-lustschmerz_cbt","7":"product_tag-cbt","8":"product_tag-dornen","9":"product_tag-kbt","10":"product_tag-spikes","12":"first","13":"instock","14":"taxable","15":"shipping-taxable","16":"product-type-external"},"_links":{"self":[{"href":"https:\/\/chastitylifestyle.club\/en\/wp-json\/wp\/v2\/product\/1707","targetHints":{"allow":["GET"]}}],"collection":[{"href":"https:\/\/chastitylifestyle.club\/en\/wp-json\/wp\/v2\/product"}],"about":[{"href":"https:\/\/chastitylifestyle.club\/en\/wp-json\/wp\/v2\/types\/product"}],"replies":[{"embeddable":true,"href":"https:\/\/chastitylifestyle.club\/en\/wp-json\/wp\/v2\/comments?post=1707"}],"wp:featuredmedia":[{"embeddable":true,"href":"https:\/\/chastitylifestyle.club\/en\/wp-json\/wp\/v2\/media\/1706"}],"wp:attachment":[{"href":"https:\/\/chastitylifestyle.club\/en\/wp-json\/wp\/v2\/media?parent=1707"}],"wp:term":[{"taxonomy":"product_brand","embeddable":true,"href":"https:\/\/chastitylifestyle.club\/en\/wp-json\/wp\/v2\/product_brand?post=1707"},{"taxonomy":"product_cat","embeddable":true,"href":"https:\/\/chastitylifestyle.club\/en\/wp-json\/wp\/v2\/product_cat?post=1707"},{"taxonomy":"product_tag","embeddable":true,"href":"https:\/\/chastitylifestyle.club\/en\/wp-json\/wp\/v2\/product_tag?post=1707"}],"curies":[{"name":"wp","href":"https:\/\/api.w.org\/{rel}","templated":true}]}}