{"id":1745,"date":"2021-02-28T12:45:31","date_gmt":"2021-02-28T11:45:31","guid":{"rendered":"https:\/\/chastitylifestyle.club\/?post_type=product&#038;p=1745"},"modified":"2024-02-20T07:47:55","modified_gmt":"2024-02-20T06:47:55","slug":"new-holy-trainer-v3-the-nub-in-der-edelstahl-version","status":"publish","type":"product","link":"https:\/\/chastitylifestyle.club\/en\/new-holy-trainer-v3-the-nub-in-der-edelstahl-version\/","title":{"rendered":"NEW Holy Trainer V3 &#8218;The Nub&#8216; in der Edelstahl-Version"},"content":{"rendered":"<p>Unser Lieblings-Holy Trainer V3 &#8222;The Nub&#8220; ist nun auch in der Exclusiven Edelstahl Version erschienen.<\/p>\n<p>Best\u00e4ndig gegen wirklich ALLE Einfl\u00fcsse, unzerbrechlich und sehr sicher &#8211; &#8222;The Nub!&#8220;<\/p>\n<p>Es ist eine Mischung aus Keuschhaltung und Dem\u00fctigung, hervorragend geeignet f\u00fcr Penis Shrinking.<\/p>\n<p>Wir alle wissen, dass es eine schwierige Aufgabe sein kann, seinem Partner treu zu bleiben. Wenn Sie gereizt, verf\u00fchrt, verlockt, versucht werden und alles andere, was jemandem in den Sinn kommen k\u00f6nnte, ist es Zeit zu handeln!<\/p>\n<p>Machen Sie den ersten Schritt, um von einem Ehemann &amp; Partner zu einem engagierten Unterw\u00fcrfigen erzogen zu werden. Zeigen Sie Ihrer <a href=\"https:\/\/chastitylifestyle.club\/en\/schluesselherrinnen\/\" target=\"_blank\" rel=\"noopener\">Schl\u00fcsselherrin<\/a>, dass Sie bereit sind, ein loyaler Sub zu werden und sich in ihren Besitz zu begeben, dauerhaft mit Holy Trainer V3 &#8222;The Nub&#8220; in der Steel-Version.<\/p>\n<p>Ihre Herrin wird es genie\u00dfen Sie in dieses kleine Schmuckk\u00e4stchen gesperrt zu haben. Und wer wei\u00df, vielleicht wird sie Sie ja so ihren Freundinnen pr\u00e4sentieren&#8230; <strong>Ludi incipiant!<\/strong><\/p>\n<p>Das ganze Paket enth\u00e4lt:<br \/>\n1. 1 Gr\u00f6\u00dfe des Rings<br \/>\n2. 1 Stahlk\u00e4fig<br \/>\n3. 1 Magisches Schloss mit 2 Schl\u00fcsseln<\/p>\n<p>Es besteht die M\u00f6glichkeit, ALLE 4 verschiedenen Gr\u00f6\u00dfen f\u00fcr noch mehr Spa\u00df zu bekommen!<\/p>\n<p style=\"text-align: center;\"><iframe loading=\"lazy\" src=\"https:\/\/www.youtube-nocookie.com\/embed\/HMJv4tyYXGw\" width=\"560\" height=\"315\" frameborder=\"0\" allowfullscreen=\"allowfullscreen\"><\/iframe><\/p>\n<p>&nbsp;<\/p>\n<p style=\"text-align: center;\"><a class=\"btn btn-primary btn-large\" href=\"https:\/\/bit.ly\/2MhJSvC\" target=\"_blank\" rel=\"noopener\">Preis anzeigen<\/a>\n<p>&nbsp;<\/p>","protected":false},"excerpt":{"rendered":"<p>MICRO COCK CAGE &#8211; HT V3 MICRO CHASTITY CAGE STEEL VERSION<\/p>","protected":false},"featured_media":1746,"comment_status":"open","ping_status":"closed","template":"","meta":[],"product_brand":[],"product_cat":[40],"product_tag":[54,87,53,110],"class_list":{"0":"post-1745","1":"product","2":"type-product","3":"status-publish","4":"has-post-thumbnail","6":"product_cat-keuschheitskaefige","7":"product_tag-demuetigung","8":"product_tag-edelstahl","9":"product_tag-holy-trainer","10":"product_tag-the-nub","12":"first","13":"instock","14":"taxable","15":"shipping-taxable","16":"product-type-external"},"_links":{"self":[{"href":"https:\/\/chastitylifestyle.club\/en\/wp-json\/wp\/v2\/product\/1745","targetHints":{"allow":["GET"]}}],"collection":[{"href":"https:\/\/chastitylifestyle.club\/en\/wp-json\/wp\/v2\/product"}],"about":[{"href":"https:\/\/chastitylifestyle.club\/en\/wp-json\/wp\/v2\/types\/product"}],"replies":[{"embeddable":true,"href":"https:\/\/chastitylifestyle.club\/en\/wp-json\/wp\/v2\/comments?post=1745"}],"wp:featuredmedia":[{"embeddable":true,"href":"https:\/\/chastitylifestyle.club\/en\/wp-json\/wp\/v2\/media\/1746"}],"wp:attachment":[{"href":"https:\/\/chastitylifestyle.club\/en\/wp-json\/wp\/v2\/media?parent=1745"}],"wp:term":[{"taxonomy":"product_brand","embeddable":true,"href":"https:\/\/chastitylifestyle.club\/en\/wp-json\/wp\/v2\/product_brand?post=1745"},{"taxonomy":"product_cat","embeddable":true,"href":"https:\/\/chastitylifestyle.club\/en\/wp-json\/wp\/v2\/product_cat?post=1745"},{"taxonomy":"product_tag","embeddable":true,"href":"https:\/\/chastitylifestyle.club\/en\/wp-json\/wp\/v2\/product_tag?post=1745"}],"curies":[{"name":"wp","href":"https:\/\/api.w.org\/{rel}","templated":true}]}}