{"id":1785,"date":"2021-03-01T21:17:04","date_gmt":"2021-03-01T20:17:04","guid":{"rendered":"https:\/\/chastitylifestyle.club\/?post_type=product&#038;p=1785"},"modified":"2022-06-18T08:36:32","modified_gmt":"2022-06-18T06:36:32","slug":"sicher-schluesselaufbewahrung-key-safe","status":"publish","type":"product","link":"https:\/\/chastitylifestyle.club\/en\/sicher-schluesselaufbewahrung-key-safe\/","title":{"rendered":"Sichere Schl\u00fcsselaufbewahrung &#8211; Key Safe"},"content":{"rendered":"<p>Tease und Denial auf eine ganz perfide Art mit dieser transparenten Acryl-Box!<\/p>\n<p>Dieser Key Safe ist ein perfekter Ort, um den Schl\u00fcssel f\u00fcr den Keuschheitsk\u00e4fig Ihres Sklaven oder die Fesselungsvorrichtungen oder alles andere, was Sie Ihrem Partner verweigern wollen, bis er es sich verdient hat, aufzubewahren.<\/p>\n<p>Die Box ist aus widerstandsf\u00e4higem Material gefertigt und passend f\u00fcr ein Timer-Schloss oder ein Kombinations-Sicherheitsvorh\u00e4ngeschloss.<\/p>\n<p>Vielfaltige M\u00f6glichkeiten!<\/p>\n<blockquote class=\"twitter-tweet\">\n<p dir=\"ltr\" lang=\"en\">Which <a href=\"https:\/\/twitter.com\/hashtag\/keysafe?src=hash&amp;ref_src=twsrc%5Etfw\" target=\"_blank\" rel=\"noopener\">#keysafe<\/a> is your favourite? (see picture in the first comment or here &gt; <a href=\"https:\/\/t.co\/MYgKeGfbJ5\">https:\/\/t.co\/MYgKeGfbJ5<\/a>)<\/p>\n<p>\u2014 \u2764 chastitylifestyle.club \u2764 (@chastitylifest1) <a href=\"https:\/\/twitter.com\/chastitylifest1\/status\/1538046509475893249?ref_src=twsrc%5Etfw\" target=\"_blank\" rel=\"noopener\">June 18, 2022<\/a><\/p><\/blockquote>\n<p><script async src=\"https:\/\/platform.twitter.com\/widgets.js\" charset=\"utf-8\"><\/script><\/p>\n<p style=\"text-align: center;\"><a class=\"btn btn-primary btn-large\" href=\"https:\/\/bit.ly\/2NRfEAL\" target=\"_blank\" rel=\"noopener\">Preis anzeigen<\/a>\n<h3>Mit einem Timer-Schloss:<\/h3>\n<p>Necken Sie Ihren Sklaven mit diesem durchsichtigen Safe mit einem Timer-Schloss, mit dem Sie entscheiden k\u00f6nnen, wie lange er betteln muss. Verwenden Sie ihn f\u00fcr Keuschheit, Fesseln oder alles, was ein Schlie\u00dfsystem hat.<\/p>\n<p>Dieser zeitgesteuerte Schl\u00fcsselsafe ist perfekt, wenn Sie niemanden haben, der die Schl\u00fcssel aufbewahrt, aber auch Ihre Schl\u00fcsselherrin wird Ihr Leiden lieben, wenn Sie den Schl\u00fcssel t\u00e4glich sehen aber nicht nutzen k\u00f6nnen!<\/p>\n<p>Ben\u00f6tigt: Keuschheit Schl\u00fcssel Safe + <a href=\"https:\/\/bit.ly\/3dUFUox\" target=\"_blank\" rel=\"noopener\">Timer Lock<\/a><\/p>\n<h3>Mit einem Kombinationsvorh\u00e4ngeschloss:<\/h3>\n<p>Befreien Sie ihn Schritt f\u00fcr Schritt &#8211; eine Zahl nach der anderen. Oder verriegeln Sie die Box mit dem Vorh\u00e4ngeschloss und geben Sie Ihrem Sklaven Aufgaben, er wird Schritt f\u00fcr Schritt mit einer Zahlen belohnt.<\/p>\n<p>Sie ben\u00f6tigen: Keuschheitsschl\u00fcssel Safe + <a href=\"https:\/\/amzn.to\/3sHWFar\" target=\"_blank\" rel=\"noopener\">Kombinationsvorh\u00e4ngeschloss (&#8222;Zahlenschloss&#8220;)<\/a><\/p>\n<h3>Mit nummerierten Kunststoffschl\u00f6ssern:<\/h3>\n<p>Nummerierte Kunststoff-Einmal-Keuschheitsschl\u00f6sser sind ideal, um ein unartiges Spielzeug im Auge zu behalten. Jedes Schloss ist so konzipiert, dass es manipulationssicher ist; jeder Versuch, das Schloss zu entfernen, zerst\u00f6rt es. Legen Sie einfach die Keuschheitsschl\u00fcssel in die Box, befestigen Sie das einmalig nummerierte Schloss am Safe und lassen Sie das Spiel beginnen.<\/p>\n<p>Sie ben\u00f6tigen: Keuschheitsschl\u00fcssel Safe + <a href=\"https:\/\/bit.ly\/3c5KUEr\" target=\"_blank\" rel=\"noopener\">Kunststoff-Einmal-Keuschheitsschl\u00f6sser<\/a><\/p>\n<div style=\"width: 640px;\" class=\"wp-video\"><video class=\"wp-video-shortcode\" id=\"video-1785-1\" width=\"640\" height=\"480\" preload=\"metadata\" controls=\"controls\"><source type=\"video\/mp4\" src=\"https:\/\/chastitylifestyle.club\/wp-content\/uploads\/2021\/03\/Key-Safe-Trailer.mp4?_=1\" \/><a href=\"https:\/\/chastitylifestyle.club\/wp-content\/uploads\/2021\/03\/Key-Safe-Trailer.mp4\">https:\/\/chastitylifestyle.club\/wp-content\/uploads\/2021\/03\/Key-Safe-Trailer.mp4<\/a><\/video><\/div>\n<p>&nbsp;<\/p>\n<p style=\"text-align: center;\"><a class=\"btn btn-primary btn-large\" href=\"https:\/\/bit.ly\/2NRfEAL\" target=\"_blank\" rel=\"noopener\">Preis anzeigen<\/a>","protected":false},"excerpt":{"rendered":"<p>Tease und Denial auf eine ganz perfide Art mit dieser transparenten Acryl-Box! Dieser Key Safe ist ein perfekter Ort, um den Schl\u00fcssel f\u00fcr den Keuschheitsk\u00e4fig Ihres Sklaven oder die Fesselungsvorrichtungen oder alles andere, was Sie Ihrem Partner verweigern wollen, bis er es sich verdient hat, aufzubewahren. Die Box ist aus widerstandsf\u00e4higem Material gefertigt und passend f\u00fcr ein Timer-Schloss oder ein [&hellip;]<\/p>\n","protected":false},"featured_media":1786,"comment_status":"open","ping_status":"closed","template":"","meta":[],"product_brand":[],"product_cat":[111],"product_tag":[113,71,112],"class_list":{"0":"post-1785","1":"product","2":"type-product","3":"status-publish","4":"has-post-thumbnail","6":"product_cat-schluesselaufbewahrung-ausbruchssicherungen","7":"product_tag-acryl","8":"product_tag-keuschhaltung","9":"product_tag-keysafe","11":"first","12":"instock","13":"taxable","14":"shipping-taxable","15":"product-type-external"},"_links":{"self":[{"href":"https:\/\/chastitylifestyle.club\/en\/wp-json\/wp\/v2\/product\/1785","targetHints":{"allow":["GET"]}}],"collection":[{"href":"https:\/\/chastitylifestyle.club\/en\/wp-json\/wp\/v2\/product"}],"about":[{"href":"https:\/\/chastitylifestyle.club\/en\/wp-json\/wp\/v2\/types\/product"}],"replies":[{"embeddable":true,"href":"https:\/\/chastitylifestyle.club\/en\/wp-json\/wp\/v2\/comments?post=1785"}],"wp:featuredmedia":[{"embeddable":true,"href":"https:\/\/chastitylifestyle.club\/en\/wp-json\/wp\/v2\/media\/1786"}],"wp:attachment":[{"href":"https:\/\/chastitylifestyle.club\/en\/wp-json\/wp\/v2\/media?parent=1785"}],"wp:term":[{"taxonomy":"product_brand","embeddable":true,"href":"https:\/\/chastitylifestyle.club\/en\/wp-json\/wp\/v2\/product_brand?post=1785"},{"taxonomy":"product_cat","embeddable":true,"href":"https:\/\/chastitylifestyle.club\/en\/wp-json\/wp\/v2\/product_cat?post=1785"},{"taxonomy":"product_tag","embeddable":true,"href":"https:\/\/chastitylifestyle.club\/en\/wp-json\/wp\/v2\/product_tag?post=1785"}],"curies":[{"name":"wp","href":"https:\/\/api.w.org\/{rel}","templated":true}]}}