{"id":1819,"date":"2021-03-20T18:59:02","date_gmt":"2021-03-20T17:59:02","guid":{"rendered":"https:\/\/chastitylifestyle.club\/?post_type=product&#038;p=1819"},"modified":"2021-03-20T18:59:03","modified_gmt":"2021-03-20T17:59:03","slug":"peniskaefig-full-bondage-ei","status":"publish","type":"product","link":"https:\/\/chastitylifestyle.club\/en\/peniskaefig-full-bondage-ei\/","title":{"rendered":"Penisk\u00e4fig &#8222;Full Bondage Ei&#8220;"},"content":{"rendered":"<p>Nicht nur zu Ostern ein ganz besonderes \u00dcberraschungs-Ei! Ein st\u00e4hlernes Keuschheits-Ei!<\/p>\n<p>Die ungew\u00f6hnliche Form und das komplette &#8222;Verpacken&#8220; sorgen nicht nur f\u00fcr Enthaltsamkeit sondern auch f\u00fcr eine gro\u00dfe Portion Dem\u00fctigung.<\/p>\n<p>Der Dornenring l\u00e4sst sich leider nicht bedarfsweise entnehmen oder hinzuf\u00fcgen, so dass Sie sich bereits vor dem Kauf f\u00fcr die Version &#8222;Dem\u00fctigung pur&#8220; oder &#8222;Dem\u00fctigung &amp; Strafe&#8220; entscheiden sollten.<\/p>\n<p>Erh\u00e4ltliche Gr\u00f6\u00dfen (mit Angabe des Gewichts)<\/p>\n<ul>\n<li>S (mit 43 mm Ring): ungef\u00e4hr 370 g bis 390 g;<\/li>\n<li>M (mit 48 mm Ring): ungef\u00e4hr 440 g bis 460 g;<\/li>\n<li>L (mit 52 mm Ring): ungef\u00e4hr 475 g bis 495 g<\/li>\n<\/ul>\n<p>Material: Edelstahl<\/p>\n<p style=\"text-align: center;\"><a class=\"btn btn-primary btn-large\" href=\"https:\/\/amzn.to\/2NzJc5M\" target=\"_blank\" rel=\"noopener\">PREIS ANZEIGEN<\/a>\n<p>&nbsp;<\/p>","protected":false},"excerpt":{"rendered":"<p>Nicht nur zu Ostern ein ganz besonderes \u00dcberraschungs-Ei! Ein st\u00e4hlernes Keuschheits-Ei! Die ungew\u00f6hnliche Form und das komplette &#8222;Verpacken&#8220; sorgen nicht nur f\u00fcr Enthaltsamkeit sondern auch f\u00fcr eine gro\u00dfe Portion Dem\u00fctigung. Der Dornenring l\u00e4sst sich leider nicht bedarfsweise entnehmen oder hinzuf\u00fcgen, so dass Sie sich bereits vor dem Kauf f\u00fcr die Version &#8222;Dem\u00fctigung pur&#8220; oder &#8222;Dem\u00fctigung &amp; Strafe&#8220; entscheiden sollten. Erh\u00e4ltliche [&hellip;]<\/p>\n","protected":false},"featured_media":1820,"comment_status":"open","ping_status":"closed","template":"","meta":[],"product_brand":[],"product_cat":[40],"product_tag":[54,115,87,116,55],"class_list":{"0":"post-1819","1":"product","2":"type-product","3":"status-publish","4":"has-post-thumbnail","6":"product_cat-keuschheitskaefige","7":"product_tag-demuetigung","8":"product_tag-dornenring","9":"product_tag-edelstahl","10":"product_tag-eiform","11":"product_tag-strafe","13":"first","14":"instock","15":"taxable","16":"shipping-taxable","17":"product-type-external"},"_links":{"self":[{"href":"https:\/\/chastitylifestyle.club\/en\/wp-json\/wp\/v2\/product\/1819","targetHints":{"allow":["GET"]}}],"collection":[{"href":"https:\/\/chastitylifestyle.club\/en\/wp-json\/wp\/v2\/product"}],"about":[{"href":"https:\/\/chastitylifestyle.club\/en\/wp-json\/wp\/v2\/types\/product"}],"replies":[{"embeddable":true,"href":"https:\/\/chastitylifestyle.club\/en\/wp-json\/wp\/v2\/comments?post=1819"}],"wp:featuredmedia":[{"embeddable":true,"href":"https:\/\/chastitylifestyle.club\/en\/wp-json\/wp\/v2\/media\/1820"}],"wp:attachment":[{"href":"https:\/\/chastitylifestyle.club\/en\/wp-json\/wp\/v2\/media?parent=1819"}],"wp:term":[{"taxonomy":"product_brand","embeddable":true,"href":"https:\/\/chastitylifestyle.club\/en\/wp-json\/wp\/v2\/product_brand?post=1819"},{"taxonomy":"product_cat","embeddable":true,"href":"https:\/\/chastitylifestyle.club\/en\/wp-json\/wp\/v2\/product_cat?post=1819"},{"taxonomy":"product_tag","embeddable":true,"href":"https:\/\/chastitylifestyle.club\/en\/wp-json\/wp\/v2\/product_tag?post=1819"}],"curies":[{"name":"wp","href":"https:\/\/api.w.org\/{rel}","templated":true}]}}