{"id":1882,"date":"2021-04-02T09:36:32","date_gmt":"2021-04-02T07:36:32","guid":{"rendered":"https:\/\/chastitylifestyle.club\/?post_type=product&#038;p=1882"},"modified":"2021-04-02T09:36:32","modified_gmt":"2021-04-02T07:36:32","slug":"jpgeil-2021-full-bondage-peniskaefig-soft-silikon","status":"publish","type":"product","link":"https:\/\/chastitylifestyle.club\/en\/jpgeil-2021-full-bondage-peniskaefig-soft-silikon\/","title":{"rendered":"JPGeil 2021 Full Bondage Penisk\u00e4fig, Soft Silikon"},"content":{"rendered":"<p id=\"title\" class=\"a-size-large a-spacing-none\"><strong><span id=\"productTitle\" class=\"a-size-large product-title-word-break\">JPGeil 2021 Full Bondage M\u00e4nnlich Penisk\u00e4fig Soft Silikon <\/span><\/strong><\/p>\n<p class=\"a-size-large a-spacing-none\"><strong><span id=\"productTitle\" class=\"a-size-large product-title-word-break\">Keuschheitsk\u00e4fig mit in 3 Gr\u00f6\u00dfen einstellbarem Cockring\u00a0 <\/span><\/strong><\/p>\n<p class=\"a-size-large a-spacing-none\"><strong><span id=\"productTitle\" class=\"a-size-large product-title-word-break\">Cock Cage f\u00fcr Extreme Keuschhaltung Penis- &amp; Hoden Lock<br \/>\n<\/span><\/strong><\/p>\n<p class=\"a-size-large a-spacing-none\"><strong><span id=\"productTitle\" class=\"a-size-large product-title-word-break\">Keuschheitsk\u00e4fig f\u00fcr M\u00e4nner (schwarz oder wei\u00df)<\/span><\/strong><\/p>\n<ul>\n<li>Der Keuschheitsk\u00e4fig JPGeil 2021 ist bequem und angenehm zu tragen und perfekt f\u00fcr SM-Bondage, Keuschhaltung und Tease &amp; Denial Sessions innerhalb einer Female Led Relationship (FLR) geeignet.<\/li>\n<li>Das erregende, die Hoden vollst\u00e4ndig umgebene Design bietet eine v\u00f6llig andere Art von Erfahrung. Das Gef\u00fchl der Unterdr\u00fcckung und der Inbesitznahme durch die Schl\u00fcsselherrin wird deutlich sp\u00fcrbar.<\/li>\n<li>Ob Sie ein Bondage-Erlebnis oder die Kontrolle an Ihren Partner \u00fcbergeben, der JPGeil 2021 Keuschheitsk\u00e4fig wird beide stimulieren und das\u00a0 Sexuallebens bereichern.<\/li>\n<li><span class=\"a-list-item\">Der Penisk\u00e4fig Besteht aus Medizinisch Hochwertigem Silikon Material: Sicher und Weich, die Oberfl\u00e4che ist Sehr Glatt, es wird Ihre Haut Nicht Besch\u00e4digen.<\/span><\/li>\n<li><span class=\"a-list-item\">Der Cockring ist in drei Gr\u00f6\u00dfem verstellbar (45\/48 \/ 52mm)<\/span><\/li>\n<li><span class=\"a-list-item\">Der JPGeil 2021 verf\u00fcgt \u00fcber ergonomische Urin-L\u00f6cher &#8211; Bietet die atmungsaktive Verschlei\u00df Erfahrung f\u00fcr den Penis,Die \u00d6ffnung an der Eichel sorgt f\u00fcr ein problemloses Urinieren w\u00e4hrend des Tragens.<\/span><\/li>\n<li><span class=\"a-list-item\">100% wasserdicht, kann unter der Dusche getragen werden und ist mit etwas Seife und warmem Wasser leicht zu reinigen.<\/span><\/li>\n<li>Diskreter Versand<\/li>\n<\/ul>\n<p><strong>Produktname<\/strong>:Full Bondage Keuschheitsg\u00fcrtel f\u00fcr M\u00e4nner<\/p>\n<p><strong>Material<\/strong>: Silikon<\/p>\n<p><strong>Farbe<\/strong>: schwarz\/ wei\u00df<\/p>\n<p><strong>L\u00e4nge<\/strong>: 85 mm<\/p>\n<p><strong>Einstellbare Ringgr\u00f6\u00dfe<\/strong>: 45\/48 \/ 52mm<\/p>\n<p><strong>Lieferumfang<\/strong><\/p>\n<ul>\n<li>1 xSilikon K\u00e4fig<\/li>\n<li>1 x Kunststoff Einstellbare Ring<\/li>\n<li>Schl\u00fcssel und Vorh\u00e4ngeschloss<\/li>\n<\/ul>\n<p id=\"title\" class=\"a-size-large a-spacing-none\" style=\"text-align: center;\"><span id=\"productTitle\" class=\"a-size-large product-title-word-break\">\u00a0<a class=\"btn btn-primary btn-large\" href=\"https:\/\/amzn.to\/2QVMZvv\" target=\"_blank\" rel=\"noopener\">PREIS ANZEIGEN<\/a><\/span><\/p>","protected":false},"excerpt":{"rendered":"<p>JPGeil 2021 Full Bondage M\u00e4nnlich Penisk\u00e4fig Soft Silikon Keuschheitsk\u00e4fig mit in 3 Gr\u00f6\u00dfen einstellbarem Cockring\u00a0 Cock Cage f\u00fcr Extreme Keuschhaltung Penis- &amp; Hoden Lock Keuschheitsk\u00e4fig f\u00fcr M\u00e4nner (schwarz oder wei\u00df) Der Keuschheitsk\u00e4fig JPGeil 2021 ist bequem und angenehm zu tragen und perfekt f\u00fcr SM-Bondage, Keuschhaltung und Tease &amp; Denial Sessions innerhalb einer Female Led Relationship (FLR) geeignet. Das erregende, die [&hellip;]<\/p>\n","protected":false},"featured_media":1883,"comment_status":"open","ping_status":"closed","template":"","meta":[],"product_brand":[],"product_cat":[40],"product_tag":[121,120],"class_list":{"0":"post-1882","1":"product","2":"type-product","3":"status-publish","4":"has-post-thumbnail","6":"product_cat-keuschheitskaefige","7":"product_tag-hodenkaefig","8":"product_tag-silkon","10":"first","11":"instock","12":"taxable","13":"shipping-taxable","14":"product-type-external"},"_links":{"self":[{"href":"https:\/\/chastitylifestyle.club\/en\/wp-json\/wp\/v2\/product\/1882","targetHints":{"allow":["GET"]}}],"collection":[{"href":"https:\/\/chastitylifestyle.club\/en\/wp-json\/wp\/v2\/product"}],"about":[{"href":"https:\/\/chastitylifestyle.club\/en\/wp-json\/wp\/v2\/types\/product"}],"replies":[{"embeddable":true,"href":"https:\/\/chastitylifestyle.club\/en\/wp-json\/wp\/v2\/comments?post=1882"}],"wp:featuredmedia":[{"embeddable":true,"href":"https:\/\/chastitylifestyle.club\/en\/wp-json\/wp\/v2\/media\/1883"}],"wp:attachment":[{"href":"https:\/\/chastitylifestyle.club\/en\/wp-json\/wp\/v2\/media?parent=1882"}],"wp:term":[{"taxonomy":"product_brand","embeddable":true,"href":"https:\/\/chastitylifestyle.club\/en\/wp-json\/wp\/v2\/product_brand?post=1882"},{"taxonomy":"product_cat","embeddable":true,"href":"https:\/\/chastitylifestyle.club\/en\/wp-json\/wp\/v2\/product_cat?post=1882"},{"taxonomy":"product_tag","embeddable":true,"href":"https:\/\/chastitylifestyle.club\/en\/wp-json\/wp\/v2\/product_tag?post=1882"}],"curies":[{"name":"wp","href":"https:\/\/api.w.org\/{rel}","templated":true}]}}