{"id":1951,"date":"2021-06-03T14:51:09","date_gmt":"2021-06-03T12:51:09","guid":{"rendered":"https:\/\/chastitylifestyle.club\/?post_type=product&#038;p=1951"},"modified":"2024-11-11T02:39:05","modified_gmt":"2024-11-11T01:39:05","slug":"evil-shells-gemeine-cbt-strafe","status":"publish","type":"product","link":"https:\/\/chastitylifestyle.club\/en\/evil-shells-gemeine-cbt-strafe\/","title":{"rendered":"Evil Shells &#8211; gemeine CBT-Strafe"},"content":{"rendered":"<hr \/>\n<div class=\"\" data-block=\"true\" data-editor=\"4hnpm\" data-offset-key=\"652d3-0-0\">\n<div class=\"public-DraftStyleDefault-block public-DraftStyleDefault-ltr\" style=\"text-align: center;\" data-offset-key=\"652d3-0-0\"><a href=\"https:\/\/bit.ly\/3g4jOzi\" target=\"_blank\" rel=\"noopener\"><strong>LIMITED TIME PROMOTION<\/strong><\/a><\/div>\n<\/div>\n<div class=\"\" data-block=\"true\" data-editor=\"4hnpm\" data-offset-key=\"1ve6f-0-0\">\n<div class=\"public-DraftStyleDefault-block public-DraftStyleDefault-ltr\" style=\"text-align: center;\" data-offset-key=\"1ve6f-0-0\"><a href=\"https:\/\/bit.ly\/3g4jOzi\" target=\"_blank\" rel=\"noopener\"><strong>Buy 3 items, get 10% off your card! Use coupon &#8222;3ISBETTER&#8220; at checkout<\/strong><\/a><\/div>\n<\/div>\n<hr \/>\n<p>Seid ihr auf der Suche nach dem ultimativen Spielzeug f\u00fcr eure CBT-Sitzungen? Anna-Lena empfiehlt daf\u00fcr die &#8222;Evil Sehells&#8220;! Die b\u00f6sen Schalen quetschen die Hoden. an der &#8222;Kandarre&#8220; k\u00f6nnen Gewichte oder das Seil f\u00fcr das Cock-Pulling befestigt werden, die Dornen steigern den Schmerz von lustvoll bis Strafe &#8211; leise bis laut \ud83d\ude09<\/p>\n<p>F\u00fcgen Sie als Eheherrin die Evil Shells ihrem Strafen-Portfolio hinzu und es wird f\u00fcr ihn der letzte Dreh an der Schraube sein! Man braucht wirklich Eier, um mit diesem Folterger\u00e4t zu spielen &#8211; das garantieren wir.<\/p>\n<p>Entworfen f\u00fcr Devianz und erotischen Schmerz, wird diese Ball-Stretcher \/ Ball-Crusher-Kombo die Eider trennen, um jeden Hoden einzeln zu qu\u00e4len und ihm die teuflische Strafe zu geben, die er verdient.<\/p>\n<p><strong>Jede Schale hat 13 einzelne Schrauben<\/strong>, die mit dem beiliegenden Inbusschl\u00fcssel eingestellt werden k\u00f6nnen. Das ergonomische Design sorgt daf\u00fcr, dass er leicht anzulegen ist und eignet sich sowohl f\u00fcr eine Spiel-Session als auch f\u00fcr den Langzeitgebrauch. Der feste Verschluss garantiert, dass die Evil Shells an Ort und Stelle gehalten werden. Legen Sie die Hoden ihres Sklaven einfach zwischen die beiden H\u00e4lften der Nussschale, sperren Sie sie darin ein und schon sind sie v\u00f6llig schutzlos und Ihnen ausgeliefert. Dieses CBT-Ger\u00e4t mit Stacheln wird sogar mit 2 Vorh\u00e4ngeschl\u00f6ssern f\u00fcr zus\u00e4tzliche Sicherheit geliefert, so dass es kein Entkommen vor dem Schicksal gibt!<\/p>\n<p>Mit einem einzigartigen Design, das das Anbringen von Gewichten zwischen den beiden Schalen erm\u00f6glicht, ist dies wirklich gemeinste Schwanz- und Eierfolter. Durch die offene Seite k\u00f6nnen Sie sogar zusehen, wie die B\u00e4lle gepresst werden, aber es erm\u00f6glicht auch eine Luftzirkulation f\u00fcr die beste Hygiene.<\/p>\n<p>Bringen Sie die Schmerz-vs.-Lust-Assoziation auf die Spitze und entdecken Sie eine ganz neue Ebene der explosiven Befriedigung mit diesem Evil Shells CBT-Device!<\/p>\n<h3>Daten \/ Ma\u00dfe \/ Material:<\/h3>\n<ul>\n<li>Tiefe: 21 mm (ca. 0,82 Zoll) f\u00fcr jede H\u00e4lfte<\/li>\n<li>L\u00e4nge: 65 mm (ca. 2,56 Zoll)<\/li>\n<li>Breite: 45mm (ca. 1,77 Zoll)100% Edelstahl 316L und k\u00f6rpervertr\u00e4gliches Material.<\/li>\n<\/ul>\n<p style=\"text-align: center;\"><strong>Anna-Lena:<\/strong> &#8222;<em>Oft brauche ich nur die Evil Shells aus dem K\u00e4stchen zu nehmen, Vico wei\u00df was ihm dann bl\u00fcht &#8211; und wird ganz brav!<\/em>&#8222;<\/p>\n<p style=\"text-align: center;\"><a class=\"btn btn-primary btn-medium\" href=\"https:\/\/bit.ly\/3g4jOzi\" target=\"_blank\" rel=\"noopener\">Preis anzeigen<\/a>\n<hr \/>\n<div class=\"\" data-block=\"true\" data-editor=\"4hnpm\" data-offset-key=\"652d3-0-0\">\n<div class=\"public-DraftStyleDefault-block public-DraftStyleDefault-ltr\" style=\"text-align: center;\" data-offset-key=\"652d3-0-0\"><a href=\"https:\/\/bit.ly\/3g4jOzi\" target=\"_blank\" rel=\"noopener\"><strong>LIMITED TIME PROMOTION<\/strong><\/a><\/div>\n<\/div>\n<div class=\"\" data-block=\"true\" data-editor=\"4hnpm\" data-offset-key=\"1ve6f-0-0\">\n<div class=\"public-DraftStyleDefault-block public-DraftStyleDefault-ltr\" style=\"text-align: center;\" data-offset-key=\"1ve6f-0-0\"><a href=\"https:\/\/bit.ly\/3g4jOzi\" target=\"_blank\" rel=\"noopener\"><strong>Buy 3 items, get 10% off your card! Use coupon &#8222;3ISBETTER&#8220; at checkout<\/strong><\/a><\/div>\n<\/div>\n<hr \/>","protected":false},"excerpt":{"rendered":"<p>LIMITED TIME PROMOTION Buy 3 items, get 10% off your card! Use coupon &#8222;3ISBETTER&#8220; at checkout Seid ihr auf der Suche nach dem ultimativen Spielzeug f\u00fcr eure CBT-Sitzungen? Anna-Lena empfiehlt daf\u00fcr die &#8222;Evil Sehells&#8220;! Die b\u00f6sen Schalen quetschen die Hoden. an der &#8222;Kandarre&#8220; k\u00f6nnen Gewichte oder das Seil f\u00fcr das Cock-Pulling befestigt werden, die Dornen steigern den Schmerz von lustvoll [&hellip;]<\/p>\n","protected":false},"featured_media":1952,"comment_status":"open","ping_status":"closed","template":"","meta":[],"product_brand":[],"product_cat":[157,95],"product_tag":[107,131,122,55],"class_list":{"0":"post-1951","1":"product","2":"type-product","3":"status-publish","4":"has-post-thumbnail","6":"product_cat-bestrafungen","7":"product_cat-lustschmerz_cbt","8":"product_tag-cbt","9":"product_tag-lustfolter","10":"product_tag-pain","11":"product_tag-strafe","13":"first","14":"instock","15":"taxable","16":"shipping-taxable","17":"product-type-external"},"_links":{"self":[{"href":"https:\/\/chastitylifestyle.club\/en\/wp-json\/wp\/v2\/product\/1951","targetHints":{"allow":["GET"]}}],"collection":[{"href":"https:\/\/chastitylifestyle.club\/en\/wp-json\/wp\/v2\/product"}],"about":[{"href":"https:\/\/chastitylifestyle.club\/en\/wp-json\/wp\/v2\/types\/product"}],"replies":[{"embeddable":true,"href":"https:\/\/chastitylifestyle.club\/en\/wp-json\/wp\/v2\/comments?post=1951"}],"wp:featuredmedia":[{"embeddable":true,"href":"https:\/\/chastitylifestyle.club\/en\/wp-json\/wp\/v2\/media\/1952"}],"wp:attachment":[{"href":"https:\/\/chastitylifestyle.club\/en\/wp-json\/wp\/v2\/media?parent=1951"}],"wp:term":[{"taxonomy":"product_brand","embeddable":true,"href":"https:\/\/chastitylifestyle.club\/en\/wp-json\/wp\/v2\/product_brand?post=1951"},{"taxonomy":"product_cat","embeddable":true,"href":"https:\/\/chastitylifestyle.club\/en\/wp-json\/wp\/v2\/product_cat?post=1951"},{"taxonomy":"product_tag","embeddable":true,"href":"https:\/\/chastitylifestyle.club\/en\/wp-json\/wp\/v2\/product_tag?post=1951"}],"curies":[{"name":"wp","href":"https:\/\/api.w.org\/{rel}","templated":true}]}}