{"id":2118,"date":"2022-02-13T10:22:49","date_gmt":"2022-02-13T09:22:49","guid":{"rendered":"https:\/\/chastitylifestyle.club\/?post_type=product&#038;p=2118"},"modified":"2022-02-13T10:24:37","modified_gmt":"2022-02-13T09:24:37","slug":"slip-changed-man-forced-feminization","status":"publish","type":"product","link":"https:\/\/chastitylifestyle.club\/en\/slip-changed-man-forced-feminization\/","title":{"rendered":"Slip Changed Man &#8211; Forced Feminization"},"content":{"rendered":"<p>Forced Feminization wird jetzt, dank dem MEO \u201e<strong>Changed Man<\/strong>\u201c noch viel einfacher.<\/p>\n<p>Der winzig kleine Slip \u201eChanged Man\u201c dr\u00fcckt den Penis gezielt nach hinten und h\u00e4lt ihn zwischen den Beinen \u201egefangen\u201c. Gleichzeitig formt er aus den einzelnen Hoden etwas, das in der Optik, an eine Art von Vagina erinnert.<\/p>\n<p><strong>Atemberaubend. Unglaublich. 100 % SEX.<\/strong><\/p>\n<p>F\u00fcr eine sch\u00f6ne Optik (zum Beispiel zur Vorf\u00fchrung der Sissy) sollte Mann enthaart sein.<\/p>\n<p>Einen Orgasmus im \u201eChanged Man\u201c wird man sein ganzes Leben nicht mehr vergessen.<\/p>\n<ul>\n<li>Gr\u00f6\u00dfe: Universalgr\u00f6\u00dfe mit B\u00e4ndern.<\/li>\n<li>100 % Spandex. Handw\u00e4sche.<\/li>\n<\/ul>\n<p>&nbsp;<\/p>\n<p style=\"text-align: center;\"><a class=\"btn btn-primary btn-medium\" href=\"https:\/\/www.meo.de\/de\/bondage-und-bdsm-produkte\/3755-slip-changed-man-forced-feminization-ref-8959-00.html?ref=710\" target=\"_blank\" rel=\"noopener\">Preis anzeigen<\/a>\n<p>&nbsp;<\/p>\n\n\t<div  class=\"hr-title hr-full hr-center hr-double\" style=\"\"><abbr><i class=\"\"><\/i> <\/abbr><\/div>","protected":false},"excerpt":{"rendered":"<p>Forced Feminization wird jetzt, dank dem MEO \u201eChanged Man\u201c noch viel einfacher. Der winzig kleine Slip \u201eChanged Man\u201c dr\u00fcckt den Penis gezielt nach hinten und h\u00e4lt ihn zwischen den Beinen \u201egefangen\u201c. Gleichzeitig formt er aus den einzelnen Hoden etwas, das in der Optik, an eine Art von Vagina erinnert. Atemberaubend. Unglaublich. 100 % SEX. F\u00fcr eine sch\u00f6ne Optik (zum Beispiel [&hellip;]<\/p>\n","protected":false},"featured_media":2119,"comment_status":"open","ping_status":"closed","template":"","meta":[],"product_brand":[],"product_cat":[145],"product_tag":[146,85],"class_list":{"0":"post-2118","1":"product","2":"type-product","3":"status-publish","4":"has-post-thumbnail","6":"product_cat-underwear","7":"product_tag-forced-feminization","8":"product_tag-sissyfication","10":"first","11":"instock","12":"taxable","13":"shipping-taxable","14":"product-type-external"},"_links":{"self":[{"href":"https:\/\/chastitylifestyle.club\/en\/wp-json\/wp\/v2\/product\/2118","targetHints":{"allow":["GET"]}}],"collection":[{"href":"https:\/\/chastitylifestyle.club\/en\/wp-json\/wp\/v2\/product"}],"about":[{"href":"https:\/\/chastitylifestyle.club\/en\/wp-json\/wp\/v2\/types\/product"}],"replies":[{"embeddable":true,"href":"https:\/\/chastitylifestyle.club\/en\/wp-json\/wp\/v2\/comments?post=2118"}],"wp:featuredmedia":[{"embeddable":true,"href":"https:\/\/chastitylifestyle.club\/en\/wp-json\/wp\/v2\/media\/2119"}],"wp:attachment":[{"href":"https:\/\/chastitylifestyle.club\/en\/wp-json\/wp\/v2\/media?parent=2118"}],"wp:term":[{"taxonomy":"product_brand","embeddable":true,"href":"https:\/\/chastitylifestyle.club\/en\/wp-json\/wp\/v2\/product_brand?post=2118"},{"taxonomy":"product_cat","embeddable":true,"href":"https:\/\/chastitylifestyle.club\/en\/wp-json\/wp\/v2\/product_cat?post=2118"},{"taxonomy":"product_tag","embeddable":true,"href":"https:\/\/chastitylifestyle.club\/en\/wp-json\/wp\/v2\/product_tag?post=2118"}],"curies":[{"name":"wp","href":"https:\/\/api.w.org\/{rel}","templated":true}]}}