{"id":2133,"date":"2022-02-13T12:48:14","date_gmt":"2022-02-13T11:48:14","guid":{"rendered":"https:\/\/chastitylifestyle.club\/?post_type=product&#038;p=2133"},"modified":"2022-07-14T09:13:23","modified_gmt":"2022-07-14T07:13:23","slug":"cellmate-2-chastity-cage","status":"publish","type":"product","link":"https:\/\/chastitylifestyle.club\/en\/cellmate-2-chastity-cage\/","title":{"rendered":"Cellmate 2 Chastity Cage"},"content":{"rendered":"<h2>Cellmate 2.0 Keuschheitsk\u00e4fig<\/h2>\n<p>Das lang erwartete Upgrade des beliebten Cellmate Keuschheitsk\u00e4figs ist da. QIUI treibt die Innovation mit dem brandneuen Cellmate 2.0 weiter voran. Neues Design und neue Funktionen sind in den Cellmate 2 implementiert, um Verbesserungen und ein noch besseres Keuschheitserlebnis f\u00fcr die im Cellmate 2 verschlossenen M\u00e4nner und ihre Schl\u00fcsselherrinen zu bringen.<\/p>\n<h3>Features:<\/h3>\n<ul>\n<li><strong>Unibody-Design<\/strong> f\u00fcr verbesserte Haltbarkeit und bessere Wasserdichtigkeit Standard (eingebauter Akku und nicht abnehmbarer Cockring)<\/li>\n<li><strong>Automatische Timer-basierte Entriegelung<\/strong> des K\u00e4figs ist jetzt m\u00f6glich, ohne dass eine Verbindung zur QIUI-App erforderlich ist<\/li>\n<li>Neuer <strong>&#8222;Hardcore&#8220;-Spielmodus<\/strong> verf\u00fcgbar: Unterwirf Dich Deiner Herrin vollst\u00e4ndig und bedingunsglos, indem Du die Kontrolle \u00fcber den Cellmate 2 komplett abgibst (Vorsicht: Du wirst keine M\u00f6glichkeit mehr haben den Keuschheitsk\u00e4fig selbst zu entsperren!<\/li>\n<li>Entsperrung \u00fcber Bluetooth mit der <strong>QIUI-App<\/strong> (kostenloser Download f\u00fcr iOS und Andriod)<\/li>\n<li><strong>Elektrische Schockfunktion<\/strong> mit einstellbaren Kontrollen \u00fcber die Schockart und -st\u00e4rke<\/li>\n<li><strong>Zeitgesteuerte Schockfunktion<\/strong> zum Festlegen eines bestimmten Zeitpunkts, zu dem das Ger\u00e4t einen automatischen Schock ausf\u00fchrt &#8211; Sie k\u00f6nnen es als Wecker verwenden!<\/li>\n<li>Kompatibel mit <strong>drahtloser Aufladung<\/strong>, so dass Sie den K\u00e4fig nicht von Ihrem K\u00f6rper entfernen m\u00fcssen, um aufzuladen<\/li>\n<li>Der <strong>6-fach verstellbare Sicherheitsring<\/strong>, egal ob die Hoden gro\u00df oder klein sind, erm\u00f6glicht ein komfortables Tragen \u00fcber sehr lange Zeit bis hin zu dauerhaft.<\/li>\n<li>Real time <strong>Geo Location<\/strong> und Status<\/li>\n<li><strong>Solo-Modus oder mehrere Accounts<\/strong> &#8211; Jedes Konto hat eine eindeutige Benutzer-ID. Wenn dein erster Cellmate mit deinem Konto gekoppelt wird, siehst du als erstes die Nachricht, ob du ein Keuschling oder eine Schl\u00fcsselherrin sein wirst (Auswahl-M\u00f6glichkeit). Die Schl\u00fcsselherrin entscheidet, wann der Cellmate freigeschaltet wird. Du hast die M\u00f6glichkeit, Deine Kontoeinstellung jederzeit mit der Zustimmung der Schl\u00fcsselherrin auf verschlossener Sub \/ Sklave oder Schl\u00fcsselherrin zu \u00e4ndern.<\/li>\n<\/ul>\n<h3>Lieferumfang:<\/h3>\n<ul>\n<li>Cellmate 2 Keuschheitsk\u00e4fig (das Ger\u00e4t selbst)<\/li>\n<li>Ladekabel (f\u00fcr kabelgebundenes Laden)<\/li>\n<li>Kabelloser Ladeadapter<\/li>\n<li>Benutzerhandbuch<\/li>\n<\/ul>\n<p>&nbsp;<\/p>\n<p style=\"text-align: center;\"><a class=\"btn btn-primary btn-medium\" href=\"https:\/\/bit.ly\/36c9Bj5\" target=\"_blank\" rel=\"noopener\">Preis anzeigen<\/a>\n<p>&nbsp;<\/p>\n\n\t<div  class=\"hr-title hr-full hr-center hr-double\" style=\"\"><abbr><i class=\"\"><\/i> <\/abbr><\/div>","protected":false},"excerpt":{"rendered":"<p><strong>WELTWEITE KONTROLLE MIT ANDROID UND IOS<\/strong><\/p>\n<p>Mit dem Cellmate Keuschheitsger\u00e4t spielt es keine Rolle, wo Sie sind oder was Sie gerade tun. Mit diesem Keuschheitsk\u00e4fig haben Sie als Schl\u00fcsselherrin die Macht zu entscheiden, ob Ihr Untergebener aus seiner Keuschheit befreit werden darf. Auch wenn sich Ihr Untergebener in einer anderen Zeitzone befindet! In Kombination mit der App f\u00fcr Android und iOS k\u00f6nnen Sie einfach Ihr Konto einrichten und den CELLMATE mit Ihrer Benutzer-ID verkn\u00fcpfen.<\/p>\n<p>Die App funktioniert sowohl auf Android- als auch auf iOS-Ger\u00e4ten und erm\u00f6glicht es Ihnen, ein Protokoll \u00fcber Ihre Fortschritte zu f\u00fchren. Sie k\u00f6nnen den Status, den Standort und den Batteriestand in der App anzeigen, so dass Sie Ihre Fortschritte im Auge behalten und auf die beste Weise einreichen k\u00f6nnen!<\/p>\n<p>Mit dem Selbstverriegelungsmodus k\u00f6nnen Sie auch ohne Schl\u00fcsselherri die Restriktion der Keuschhaltung genie\u00dfen! Der Cellmate wird die Dauer f\u00fcr Sie kontrollieren.<\/p>","protected":false},"featured_media":2134,"comment_status":"open","ping_status":"closed","template":"","meta":[],"product_brand":[],"product_cat":[157,51,40],"product_tag":[64,169,168,170,165],"class_list":{"0":"post-2133","1":"product","2":"type-product","3":"status-publish","4":"has-post-thumbnail","6":"product_cat-bestrafungen","7":"product_cat-fernerziehung","8":"product_cat-keuschheitskaefige","9":"product_tag-app-controlled","10":"product_tag-electro","11":"product_tag-long-distance","12":"product_tag-punishment","13":"product_tag-smartphone","15":"first","16":"instock","17":"featured","18":"taxable","19":"shipping-taxable","20":"product-type-external"},"_links":{"self":[{"href":"https:\/\/chastitylifestyle.club\/en\/wp-json\/wp\/v2\/product\/2133","targetHints":{"allow":["GET"]}}],"collection":[{"href":"https:\/\/chastitylifestyle.club\/en\/wp-json\/wp\/v2\/product"}],"about":[{"href":"https:\/\/chastitylifestyle.club\/en\/wp-json\/wp\/v2\/types\/product"}],"replies":[{"embeddable":true,"href":"https:\/\/chastitylifestyle.club\/en\/wp-json\/wp\/v2\/comments?post=2133"}],"wp:featuredmedia":[{"embeddable":true,"href":"https:\/\/chastitylifestyle.club\/en\/wp-json\/wp\/v2\/media\/2134"}],"wp:attachment":[{"href":"https:\/\/chastitylifestyle.club\/en\/wp-json\/wp\/v2\/media?parent=2133"}],"wp:term":[{"taxonomy":"product_brand","embeddable":true,"href":"https:\/\/chastitylifestyle.club\/en\/wp-json\/wp\/v2\/product_brand?post=2133"},{"taxonomy":"product_cat","embeddable":true,"href":"https:\/\/chastitylifestyle.club\/en\/wp-json\/wp\/v2\/product_cat?post=2133"},{"taxonomy":"product_tag","embeddable":true,"href":"https:\/\/chastitylifestyle.club\/en\/wp-json\/wp\/v2\/product_tag?post=2133"}],"curies":[{"name":"wp","href":"https:\/\/api.w.org\/{rel}","templated":true}]}}