{"id":2192,"date":"2022-04-18T10:48:29","date_gmt":"2022-04-18T08:48:29","guid":{"rendered":"https:\/\/chastitylifestyle.club\/?post_type=product&#038;p=2192"},"modified":"2024-07-22T11:01:01","modified_gmt":"2024-07-22T09:01:01","slug":"little-devil","status":"publish","type":"product","link":"https:\/\/chastitylifestyle.club\/en\/little-devil\/","title":{"rendered":"Little Devil &#8211; App gesteuertes Elektroschock-Halsband"},"content":{"rendered":"<p>A <a href=\"https:\/\/bit.ly\/3uQwClp\" target=\"_blank\" rel=\"noopener\">Humbler<\/a> der ganz besonderen Art &#8230;.<\/p>\n<p>Little Devil &#8211; das App gesteuerte Elektroschock-Halsband &#8211; von Qiui<\/p>\n<p>Das Elektroschock-Halsband &#8222;Little Devil&#8220; wurde von Qiui entwickelt, dem Sch\u00f6pfer von weltbekannten BDSM-Ger\u00e4ten wie dem <a href=\"https:\/\/chastitylifestyle.club\/en\/product\/cellmate-2-chastity-cage\/\">Cellmate <\/a>oder der Pear Flower.<\/p>\n<p>Das Halsband ist \u00fcber Bluetooth mit dem <strong>Smartphone<\/strong> der Herrin verbunden und steuert die Elektroschocks \u00fcber eine App. Die Sicherheitsimpulsspannungstechnologie sorgt f\u00fcr Bestrafungen, ohne den K\u00f6rper des Tr\u00e4gers zu verletzen. Das Halsband kann dank eines Vorh\u00e4ngeschlosses an der Unterseite befestigt werden.<\/p>\n<p>Das Little Devil Halsband wird \u00fcber USB aufgeladen und hat eine Lebensdauer von 5 Stunden mit einer einzigen Ladung.<\/p>\n<p>Das Sechs-Achsen-Gyroskop erm\u00f6glicht fortschrittliche Spielfunktionen wie den &#8222;<strong>Still gestanden!<\/strong>&#8222;-Modus, der jede Bewegung erkennt. Wenn sich der Tr\u00e4ger bewegt, werden Elektroschocks abgegeben. Der untergeordnete Partner, der das Halsband tr\u00e4gt, ist in seinen Bewegungen eingeschr\u00e4nkt. Wenn eine Bewegung auftritt, folgt ein elektrischer Schlag. Die Intensit\u00e4t des Elektroschocks erh\u00f6ht oder verringert sich je nach der Intensit\u00e4t der Bewegung. So kann das Strafstehen intensiviert werden.<\/p>\n<p><strong>Ferngesteuerter Untergebener<\/strong>: die Herrin, die das Halsband steuert, kann die Schockintensit\u00e4t individuell einstellen. Die auf dem Telefon installierte App funktioniert als Fernbedienung f\u00fcr Sub-Bestrafungen.<\/p>\n<p>Der H\u00f6hendetektor erm\u00f6glicht einen Modus, den wir &#8222;<strong>Pet<\/strong>&#8220; nennen &#8211; der Sub kann eine bestimmte, vom App-Inhaber festgelegte H\u00f6he nicht \u00fcberschreiten (zum Beispiel Strafknien, Auf allen Vieren). Versucht er, aufzustehen, erh\u00e4lt er einen Stromschlag.<\/p>\n<p>Die unverwechselbare Optik sorgt f\u00fcr einen hohen (Wieder)erkennungswert und bietet M\u00f6glichkeiten zur zus\u00e4tzlichen Dem\u00fctigung.<\/p>\n<p>Es steht eine QIUI-App f\u00fcr IOS oder Android zum Herunterladen zur Verf\u00fcgung.<\/p>\n<p><strong><span style=\"color: #ff0000;\">ACHTUNG:<\/span> <\/strong>Dieses Ger\u00e4t sollte dem Tr\u00e4ger nicht aufgezwungen werden &#8211; es ist nur f\u00fcr kurz- bis mittelfristige BDSM-Sessions gedacht. Beide Partner m\u00fcssen zustimmen und das Spiel sollte zur Sicherheit immer unter Aufsicht geschehen!<\/p>\n<p style=\"text-align: center;\"><a class=\"btn btn-primary btn-medium\" href=\"https:\/\/bit.ly\/3vjcCa0\" target=\"_blank\" rel=\"noopener\">Preis anzeigen<\/a>","protected":false},"excerpt":{"rendered":"<p>Ein Humbler der ganz besonderen Art &#8230;. Little Devil &#8211; das App gesteuerte Elektroschock-Halsband &#8211; von Qiui Das Elektroschock-Halsband &#8222;Little Devil&#8220; wurde von Qiui entwickelt, dem Sch\u00f6pfer von weltbekannten BDSM-Ger\u00e4ten wie dem Cellmate oder der Pear Flower. Das Halsband ist \u00fcber Bluetooth mit dem Smartphone der Herrin verbunden und steuert die Elektroschocks \u00fcber eine App. Die Sicherheitsimpulsspannungstechnologie sorgt f\u00fcr Bestrafungen, [&hellip;]<\/p>\n","protected":false},"featured_media":2202,"comment_status":"open","ping_status":"closed","template":"","meta":[],"product_brand":[],"product_cat":[157,51],"product_tag":[64,159,163,54,164,158,160,162,161],"class_list":{"0":"post-2192","1":"product","2":"type-product","3":"status-publish","4":"has-post-thumbnail","6":"product_cat-bestrafungen","7":"product_cat-fernerziehung","8":"product_tag-app-controlled","9":"product_tag-bestrafungen","10":"product_tag-bluetooth","11":"product_tag-demuetigung","12":"product_tag-domestic-discipline","13":"product_tag-elektro","14":"product_tag-fernerziehung","15":"product_tag-little-devil","16":"product_tag-qiui","18":"first","19":"instock","20":"featured","21":"taxable","22":"shipping-taxable","23":"product-type-external"},"_links":{"self":[{"href":"https:\/\/chastitylifestyle.club\/en\/wp-json\/wp\/v2\/product\/2192","targetHints":{"allow":["GET"]}}],"collection":[{"href":"https:\/\/chastitylifestyle.club\/en\/wp-json\/wp\/v2\/product"}],"about":[{"href":"https:\/\/chastitylifestyle.club\/en\/wp-json\/wp\/v2\/types\/product"}],"replies":[{"embeddable":true,"href":"https:\/\/chastitylifestyle.club\/en\/wp-json\/wp\/v2\/comments?post=2192"}],"wp:featuredmedia":[{"embeddable":true,"href":"https:\/\/chastitylifestyle.club\/en\/wp-json\/wp\/v2\/media\/2202"}],"wp:attachment":[{"href":"https:\/\/chastitylifestyle.club\/en\/wp-json\/wp\/v2\/media?parent=2192"}],"wp:term":[{"taxonomy":"product_brand","embeddable":true,"href":"https:\/\/chastitylifestyle.club\/en\/wp-json\/wp\/v2\/product_brand?post=2192"},{"taxonomy":"product_cat","embeddable":true,"href":"https:\/\/chastitylifestyle.club\/en\/wp-json\/wp\/v2\/product_cat?post=2192"},{"taxonomy":"product_tag","embeddable":true,"href":"https:\/\/chastitylifestyle.club\/en\/wp-json\/wp\/v2\/product_tag?post=2192"}],"curies":[{"name":"wp","href":"https:\/\/api.w.org\/{rel}","templated":true}]}}