{"id":2243,"date":"2022-07-18T17:48:39","date_gmt":"2022-07-18T15:48:39","guid":{"rendered":"https:\/\/chastitylifestyle.club\/?post_type=product&#038;p=2243"},"modified":"2025-01-17T03:40:06","modified_gmt":"2025-01-17T02:40:06","slug":"nopacha-keuschheitsguertel-mit-anal-intruder","status":"publish","type":"product","link":"https:\/\/chastitylifestyle.club\/en\/nopacha-keuschheitsguertel-mit-anal-intruder\/","title":{"rendered":"NoPacha Keuschheitsg\u00fcrtel mit Anal-Intruder"},"content":{"rendered":"<p>Der \u201e<strong>NoPacha Anal-Intruder<\/strong>\u201c hat nicht nur heftige Auswirkungen auf Penis, Hoden und Harnr\u00f6hre, zudem kann er auch noch Schlie\u00dfmuskel, Enddarm und Prostata gleichzeitig lustvoll sexuell stimulieren. Der Clou dieses Models: Ein integrierter Keuschheitsg\u00fcrtel, der das beste Teil des Mannes sicher verschlossen h\u00e4lt und die Erektion nachhaltig unterdr\u00fcckt.<\/p>\n<p>Der Cockring des \u201eNoPacha Anal-Intruder\u201c wird zun\u00e4chst wie ein konventioneller Cockring angelegt. Sitzt dieser perfekt, wird der Keuschheitsg\u00fcrtel verschlossen. Der Steg, der unterhalb des Cockrings angebracht wurde, wird zwischen die Beine durchgef\u00fchrt. Am Ende des Stegs befindet sich eine Kugel aus massivem Edelstahl. Mit Hilfe von etwas Gleitgelt wird diese ca. 10 cm tief eingef\u00fchrt.<\/p>\n<p>Sobald sich der \u201eNoPacha Anal-Intruder\u201c in dieser Position befindet, kann das vorher abgenommene Prinzenzepter unter Zuhilfenahme von Gleit-Gels eingef\u00fchrt werden. Selbstverst\u00e4ndlich l\u00e4sst sich dieses \u201e<strong>Disziplinierungswerkzeug<\/strong>\u201c auch ohne Prinzenzepter nutzen.<\/p>\n<p>Durch den sogenannten &#8218;<strong>Cockring-Effekt<\/strong>&#8218; will zwar sofort eine Erektion entstehen, aber der Keuschheitsk\u00e4fig macht dieses unm\u00f6glich. Die Erregung nimmt extrem zu, die Edelstahlkugel reizt lustvoll die Prostata und trotzdem geht nichts. Eine Erektion wird zu 100 % unterdr\u00fcckt. Das bekannte \u201eKeuschheitsgef\u00fchl\u201c setzt umgehend ein.<\/p>\n<p>M\u00e4nner f\u00fchlen sich vollkommen \u00fcberw\u00e4ltigt von den unbekannten Lustgef\u00fchlen der doppelten Penetration und den vielen Extra-Sinnesreizen.<\/p>\n<p>Die bew\u00e4hrten Ganzmetall-Ausf\u00fchrungen von MEO lassen keine W\u00fcnsche offen, denn jedes einzelne NoPacha\u00ae-Modell wurde perfekt den m\u00e4nnlichen Genitalien angepasst.<\/p>\n<p>Weitere Details:<\/p>\n<ul>\n<li>L\u00e4nge des Prinzenzepters ca. 65 mm,<\/li>\n<li>Durchmesser 5 bis 8 mm.<\/li>\n<li>Cockring-Durchmesser wahlweise 45 mm oder 50 mm.<\/li>\n<li>Kugeldurchmesser 40 mm.<\/li>\n<\/ul>\n<p style=\"text-align: center;\"><a class=\"btn btn-primary btn-medium\" href=\"http:\/\/bit.ly\/2mvyUSW\" target=\"_blank\" rel=\"noopener\">Preis anzeigen<\/a>","protected":false},"excerpt":{"rendered":"<p>Der <strong>NoPacha Anal-Intruder<\/strong> hat nicht nur heftige Auswirkungen auf Penis, Hoden und Harnr\u00f6hre, zudem kann er auch noch Schlie\u00dfmuskel, Enddarm und Prostata gleichzeitig lustvoll sexuell stimulieren.<\/p>","protected":false},"featured_media":2244,"comment_status":"open","ping_status":"closed","template":"","meta":[],"product_brand":[],"product_cat":[123,40],"product_tag":[173,175,66,176,174],"class_list":{"0":"post-2243","1":"product","2":"type-product","3":"status-publish","4":"has-post-thumbnail","6":"product_cat-cage","7":"product_cat-keuschheitskaefige","8":"product_tag-anal-intruder","9":"product_tag-cockring","10":"product_tag-dilator","11":"product_tag-disziplinierung","12":"product_tag-keuschheitskaefig","14":"first","15":"instock","16":"taxable","17":"shipping-taxable","18":"product-type-external"},"_links":{"self":[{"href":"https:\/\/chastitylifestyle.club\/en\/wp-json\/wp\/v2\/product\/2243","targetHints":{"allow":["GET"]}}],"collection":[{"href":"https:\/\/chastitylifestyle.club\/en\/wp-json\/wp\/v2\/product"}],"about":[{"href":"https:\/\/chastitylifestyle.club\/en\/wp-json\/wp\/v2\/types\/product"}],"replies":[{"embeddable":true,"href":"https:\/\/chastitylifestyle.club\/en\/wp-json\/wp\/v2\/comments?post=2243"}],"wp:featuredmedia":[{"embeddable":true,"href":"https:\/\/chastitylifestyle.club\/en\/wp-json\/wp\/v2\/media\/2244"}],"wp:attachment":[{"href":"https:\/\/chastitylifestyle.club\/en\/wp-json\/wp\/v2\/media?parent=2243"}],"wp:term":[{"taxonomy":"product_brand","embeddable":true,"href":"https:\/\/chastitylifestyle.club\/en\/wp-json\/wp\/v2\/product_brand?post=2243"},{"taxonomy":"product_cat","embeddable":true,"href":"https:\/\/chastitylifestyle.club\/en\/wp-json\/wp\/v2\/product_cat?post=2243"},{"taxonomy":"product_tag","embeddable":true,"href":"https:\/\/chastitylifestyle.club\/en\/wp-json\/wp\/v2\/product_tag?post=2243"}],"curies":[{"name":"wp","href":"https:\/\/api.w.org\/{rel}","templated":true}]}}