{"id":2351,"date":"2022-11-20T12:54:18","date_gmt":"2022-11-20T11:54:18","guid":{"rendered":"https:\/\/chastitylifestyle.club\/?post_type=product&#038;p=2351"},"modified":"2022-11-20T12:54:18","modified_gmt":"2022-11-20T11:54:18","slug":"ball-restraints-ejaculation-delay-bs01","status":"publish","type":"product","link":"https:\/\/chastitylifestyle.club\/en\/ball-restraints-ejaculation-delay-bs01\/","title":{"rendered":"BALL RESTRAINTS &#8211; EJACULATION DELAY BS01"},"content":{"rendered":"<h1>BALL RESTRAINTS &#8211; enge Hodenh\u00fclle zur Ejakulationsverz\u00f6gerung<\/h1>\n<p>Deine Herrin erlaubt Dir endlich einmal wieder zu kommen &#8211; und Du bef\u00fcrchtest nach der langen Zeit der Enthaltsamkeit zu fr\u00fch zu kommen? Aber Hodenabbindungen sind euch zu heftig? Bitte doch Deine Herrin, f\u00fcr SIE die BALL RESTRAINTS tragen zu d\u00fcrfen!<\/p>\n<p>Die weiche, enganliegende und anschmirgsame Silikon-Hodensackh\u00fclle h\u00e4lt die Hoden eng umschlossen und sorgt durch den Silikon-Wulst f\u00fcr eine wirksame Verz\u00f6gerung der Ejakulation.<\/p>\n<p>Sobald Deine Eier sch\u00f6n aufgew\u00e4rmt sind, tr\u00e4gst Du reichlich Gleitmittel auf Deine Eier und die \u00d6ffnung des Bull Bag auf. Dann ziehst Du den Rand mit beiden H\u00e4nden auseinander und schiebst jeden Hoden einzeln hindurch, um die sanfte Dehnung und den allumfassenden Griff um Deine Hoden zu erleben.<\/p>\n<p>Jede Massage der Hoden wird durch das Gleitgel eine erregende Angelegenheit, die Dich zum Exlopdieren bringt. Dank des Ringes kannst Du es jedoch laaaange genie\u00dfen \ud83d\ude09<\/p>\n<p>Deine Herrin wird es genie\u00dfen, die Ball Restraints auch f\u00fcr w\u00e4rmende Kr\u00e4uterb\u00e4der aller Art zu nutzen!<\/p>\n<p style=\"text-align: center;\"><a class=\"btn btn-primary btn-medium\" href=\"http:\/\/bit.ly\/2mvyUSW\" target=\"_blank\" rel=\"noopener\">Preis anzeigen<\/a>\n<p>Durch die oben offene ergonomische Form k\u00f6nnen die Ball Restraints mit nahezu jedem Cock Cage kombiniert werden.<\/p>\n<p>Nat\u00fcrlich kanst Du darunter auch den ROUND BALL STRETCHER &#8211; EASY LOCK tragen. Wir lieben diese Kombination!<\/p>\n<p>Im Test haben wir die Ball Restraints mit einem au\u00dfen anliegenden Cock Ring vrwendet, um das unerlaubte Abnehmen der Hodenh\u00fclle zu verhindern. Die Wirkung war enorm!<\/p>\n<p>Unabh\u00e4ngig davon, ob der Penis hart und prall oder auch nicht erregt ist, werden Hodensack und Hoden angenehm und eng umschlossen.<\/p>\n<p>Das spezielle Etwas: Eine \u201einnere Konstruktion\u201c trennt die Eier leicht spreizend voneinander und l\u00e4sst sie nach au\u00dfen hin viel, viel praller und dicker erscheinen. Du kannst die Ball Restraints dauerhafz tragen. Im Test haben wir die Ball Restraints mit einem au\u00dfen anliegenden Cock Ring vrwendet, um das unerlaubte Abnehmen der Hodenh\u00fclle zu verhindern. Die Wirkung war enorm!<\/p>\n<p>Beim Zupacken werden Du oder Deine Herrin feststellen, dass sich der Sack-Sling prall gef\u00fcllt anf\u00fchlt und der Druck trotzdem direkt an den Hoden wahrgenommen werden kann.<\/p>\n<p style=\"text-align: center;\"><a class=\"btn btn-primary btn-large\" href=\"http:\/\/bit.ly\/2mvyUSW\" target=\"_blank\" rel=\"noopener\">Preis anzeigen<\/a>","protected":false},"excerpt":{"rendered":"<p>BALL RESTRAINTS &#8211; enge Hodenh\u00fclle zur Ejakulationsverz\u00f6gerung Deine Herrin erlaubt Dir endlich einmal wieder zu kommen &#8211; und Du bef\u00fcrchtest nach der langen Zeit der Enthaltsamkeit zu fr\u00fch zu kommen? Aber Hodenabbindungen sind euch zu heftig? Bitte doch Deine Herrin, f\u00fcr SIE die BALL RESTRAINTS tragen zu d\u00fcrfen! Die weiche, enganliegende und anschmirgsame Silikon-Hodensackh\u00fclle h\u00e4lt die Hoden eng umschlossen und [&hellip;]<\/p>\n","protected":false},"featured_media":2352,"comment_status":"open","ping_status":"closed","template":"","meta":[],"product_brand":[],"product_cat":[145],"product_tag":[139,179,180,178],"class_list":{"0":"post-2351","1":"product","2":"type-product","3":"status-publish","4":"has-post-thumbnail","6":"product_cat-underwear","7":"product_tag-cock-cage","8":"product_tag-ejakulation","9":"product_tag-ejakulationsverzoehgernd","10":"product_tag-restriktion","12":"first","13":"instock","14":"taxable","15":"shipping-taxable","16":"product-type-external"},"_links":{"self":[{"href":"https:\/\/chastitylifestyle.club\/en\/wp-json\/wp\/v2\/product\/2351","targetHints":{"allow":["GET"]}}],"collection":[{"href":"https:\/\/chastitylifestyle.club\/en\/wp-json\/wp\/v2\/product"}],"about":[{"href":"https:\/\/chastitylifestyle.club\/en\/wp-json\/wp\/v2\/types\/product"}],"replies":[{"embeddable":true,"href":"https:\/\/chastitylifestyle.club\/en\/wp-json\/wp\/v2\/comments?post=2351"}],"wp:featuredmedia":[{"embeddable":true,"href":"https:\/\/chastitylifestyle.club\/en\/wp-json\/wp\/v2\/media\/2352"}],"wp:attachment":[{"href":"https:\/\/chastitylifestyle.club\/en\/wp-json\/wp\/v2\/media?parent=2351"}],"wp:term":[{"taxonomy":"product_brand","embeddable":true,"href":"https:\/\/chastitylifestyle.club\/en\/wp-json\/wp\/v2\/product_brand?post=2351"},{"taxonomy":"product_cat","embeddable":true,"href":"https:\/\/chastitylifestyle.club\/en\/wp-json\/wp\/v2\/product_cat?post=2351"},{"taxonomy":"product_tag","embeddable":true,"href":"https:\/\/chastitylifestyle.club\/en\/wp-json\/wp\/v2\/product_tag?post=2351"}],"curies":[{"name":"wp","href":"https:\/\/api.w.org\/{rel}","templated":true}]}}