{"id":2361,"date":"2022-11-20T14:13:31","date_gmt":"2022-11-20T13:13:31","guid":{"rendered":"https:\/\/chastitylifestyle.club\/?post_type=product&#038;p=2361"},"modified":"2024-09-03T19:57:28","modified_gmt":"2024-09-03T17:57:28","slug":"oxballs-sackjack-jack-off-penishuelle-clear-frost","status":"publish","type":"product","link":"https:\/\/chastitylifestyle.club\/en\/oxballs-sackjack-jack-off-penishuelle-clear-frost\/","title":{"rendered":"Oxballs &#8211; SACKJACK Jack Off Penish\u00fclle Clear Frost"},"content":{"rendered":"<p>Die Oxbals Penish\u00fclle SACKJACK kombiniert das erregend enge Gef\u00fchl einer Penish\u00fclle mit den Eigenschaften eines Masturbators. Zu 100% aus Flex-TPR gefertigt ist die Penis H\u00fclle unglaublich flexibel und passt sich optimal an jede Penis- und Hodengr\u00f6\u00dfe an. Im Innern des SACKJACK befinden sich zahlreiche kleine Rillen, die den Penis bei jeder Bewegung intensiv massieren.<\/p>\n<p>Der SACKJACK ist mit einer flexiblen \u00d6ffnung an der Spitze ausgestattet, die f\u00fcr eine geile Eichelmassage sorgt und durch die das Urinieren problemlos m\u00f6glich ist. So kann die Penish\u00fclle \u00fcber einen langen Zeitraum getragen werden.<\/p>\n<p>Die Elastizit\u00e4t der \u00d6ffnung an der Pensspitze erm\u00f6glicht m\u00fchelos die Kombination mit einem Massagestab (zum Beispiel dem <a href=\"https:\/\/www.lovense.com\/r\/3ei283\" target=\"_blank\" rel=\"noopener\">LOVENSE Domi 2<\/a>) um den &#8222;Delinquenten&#8220; zu &#8222;melken&#8220;. Das bietet Fernerziehung ungeanhmte und extrem erregende M\u00f6glichkeiten. Die Penish\u00fclle ist dehnbar genug, um \u00fcber einen angelegten Keuschheitsk\u00e4fig gezogen zu werden.<\/p>\n<p>Zwei L\u00f6cher unter den Hoden bieten zudem die M\u00f6glichkeit, Kabel f\u00fcr Stromspiele hindurchzuf\u00fchren, so dass zus\u00e4tzlich Elektroden an den Hoden befestigt werden k\u00f6nnen. Die Penish\u00fclle l\u00e4sst sich nach der Verwendung schnell und einfach mit warmem Wasser und milder Seife reinigen.<\/p>\n<h2>Technische Daten der Oxballs Penish\u00fclle<\/h2>\n<ul>\n<li>Material: Flex-TPR, phthalatfrei<\/li>\n<li>Schaftl\u00e4nge: ca. 14 cm<\/li>\n<li>Durchmesser maximal: 6 cm<\/li>\n<li>Umfang Au\u00dfen: ca. 14 &#8211; 17,8 cm<\/li>\n<li>Umfang Innen: ca. 8,9 cm<\/li>\n<li>mit \u00d6ffnung zum Urinieren<\/li>\n<li>zwei \u00d6ffnungen unter den Hoden<\/li>\n<li>Gewicht: ca. 349 g<\/li>\n<li>Farbe(n): graphit oder clear frost<\/li>\n<\/ul>\n<p style=\"text-align: center;\"><a class=\"btn btn-primary btn-medium\" href=\"http:\/\/bit.ly\/2mvyUSW\" target=\"_blank\" rel=\"noopener\">Preis anzeigen<\/a>","protected":false},"excerpt":{"rendered":"<p>Die Oxbals Penish\u00fclle SACKJACK kombiniert das erregend enge Gef\u00fchl einer Penish\u00fclle mit den Eigenschaften eines Masturbators. Zu 100% aus Flex-TPR gefertigt ist die Penis H\u00fclle unglaublich flexibel und passt sich optimal an jede Penis- und Hodengr\u00f6\u00dfe an. Im Innern des SACKJACK befinden sich zahlreiche kleine Rillen, die den Penis bei jeder Bewegung intensiv massieren. Der SACKJACK ist mit einer flexiblen [&hellip;]<\/p>\n","protected":false},"featured_media":2362,"comment_status":"open","ping_status":"closed","template":"","meta":[],"product_brand":[],"product_cat":[151],"product_tag":[147,181,183,182],"class_list":{"0":"post-2361","1":"product","2":"type-product","3":"status-publish","4":"has-post-thumbnail","6":"product_cat-masturbator","7":"product_tag-masturbator","8":"product_tag-oxballs","9":"product_tag-penishuelle","10":"product_tag-tpr","12":"first","13":"instock","14":"taxable","15":"shipping-taxable","16":"product-type-external"},"_links":{"self":[{"href":"https:\/\/chastitylifestyle.club\/en\/wp-json\/wp\/v2\/product\/2361","targetHints":{"allow":["GET"]}}],"collection":[{"href":"https:\/\/chastitylifestyle.club\/en\/wp-json\/wp\/v2\/product"}],"about":[{"href":"https:\/\/chastitylifestyle.club\/en\/wp-json\/wp\/v2\/types\/product"}],"replies":[{"embeddable":true,"href":"https:\/\/chastitylifestyle.club\/en\/wp-json\/wp\/v2\/comments?post=2361"}],"wp:featuredmedia":[{"embeddable":true,"href":"https:\/\/chastitylifestyle.club\/en\/wp-json\/wp\/v2\/media\/2362"}],"wp:attachment":[{"href":"https:\/\/chastitylifestyle.club\/en\/wp-json\/wp\/v2\/media?parent=2361"}],"wp:term":[{"taxonomy":"product_brand","embeddable":true,"href":"https:\/\/chastitylifestyle.club\/en\/wp-json\/wp\/v2\/product_brand?post=2361"},{"taxonomy":"product_cat","embeddable":true,"href":"https:\/\/chastitylifestyle.club\/en\/wp-json\/wp\/v2\/product_cat?post=2361"},{"taxonomy":"product_tag","embeddable":true,"href":"https:\/\/chastitylifestyle.club\/en\/wp-json\/wp\/v2\/product_tag?post=2361"}],"curies":[{"name":"wp","href":"https:\/\/api.w.org\/{rel}","templated":true}]}}