{"id":2495,"date":"2023-08-13T16:26:14","date_gmt":"2023-08-13T14:26:14","guid":{"rendered":"https:\/\/chastitylifestyle.club\/?post_type=product&#038;p=2495"},"modified":"2025-03-22T13:54:42","modified_gmt":"2025-03-22T12:54:42","slug":"fufu-feminisierungs-clip-aus-stahl","status":"publish","type":"product","link":"https:\/\/chastitylifestyle.club\/en\/fufu-feminisierungs-clip-aus-stahl\/","title":{"rendered":"FuFu Feminisierungs Clip aus Stahl"},"content":{"rendered":"<p>Der FuFu Training Clip ist ein neues feminisierendes Produkt, das darauf abzielt, eine Beule zu verstecken und Erektionen zu verhindern. Es \u00e4hnelt einem Keuschheitsg\u00fcrtel, aber im Gegensatz zu den Keuschheitsk\u00e4figen mit K\u00e4fig f\u00fcr Penis und oft auch Hoden, die den gr\u00f6\u00dften Teil des aktuellen Marktes ausmachen, h\u00e4lt der Trainingsclip den Penis und die dahinter liegenden Hoden zur\u00fcck und hinterl\u00e4sst dem Tr\u00e4ger eine glatte Vorderseite, die eine weibliche Pr\u00e4sentation nachahmt. Versand erfolgt in diskreter Verpackung.<\/p>\n<p>Auf der OXY-Website findet ihr einige <a href=\"https:\/\/oxy-shop.com\/de\/products\/fufu-training-clip-sissy-clip-male-to-female-transformation?aff=152\" target=\"_blank\" rel=\"noopener\">Links zu Trainingsvideos<\/a> (reddit &amp; pornhub), bedenkt bitte, dass sie #NSFW sind!<\/p>\n<p>Der FuFu Feminisierungsclip l\u00e4sst sich hervorragend mit dem <a href=\"https:\/\/oxy-shop.com\/de\/products\/sissy-lingerie-panties-for-chastity-cages?aff=152\" target=\"_blank\" rel=\"noopener\">SISSY H\u00d6SCHEN F\u00dcR KEUSCHHEITSK\u00c4FIGE<\/a> kombinieren.<\/p>\n<p style=\"text-align: center;\"><a class=\"btn btn-primary btn-medium\" href=\"https:\/\/oxy-shop.com\/de\/products\/fufu-training-clip-sissy-clip-male-to-female-transformation?aff=152\" target=\"_blank\" rel=\"noopener\">PREIS ANZEIGEN<\/a>\n<p style=\"text-align: center;\"><a href=\"https:\/\/oxy-shop.com\/de\/products\/fufu-training-clip-sissy-clip-male-to-female-transformation?aff=152\" target=\"_blank\" rel=\"noopener\"><img loading=\"lazy\" decoding=\"async\" class=\"alignnone wp-image-2511 size-full\" src=\"https:\/\/chastitylifestyle.club\/wp-content\/uploads\/2023\/08\/Oxy-Shop_3_600x600.jpg\" alt=\"\" width=\"600\" height=\"180\" title=\"\" srcset=\"https:\/\/chastitylifestyle.club\/wp-content\/uploads\/2023\/08\/Oxy-Shop_3_600x600.jpg 600w, https:\/\/chastitylifestyle.club\/wp-content\/uploads\/2023\/08\/Oxy-Shop_3_600x600-300x90.jpg 300w\" sizes=\"auto, (max-width: 600px) 100vw, 600px\" \/><\/a><\/p>\n<p>&nbsp;<\/p>\n<p>&nbsp;<\/p>\n<p>&nbsp;<\/p>","protected":false},"excerpt":{"rendered":"<p>Der FuFuTraining Clip ist ein neues Produkt, das Erektionen maskiert und Ausbuchtungen verbirgt. Es \u00e4hnelt einem Keuschheit ger\u00e4t, nur h\u00e4lt der Trainingsclip Penis und Hoden von zur\u00fcck und hinterl\u00e4sst einen femininen Anblick.<\/p>","protected":false},"featured_media":2497,"comment_status":"open","ping_status":"closed","template":"","meta":[],"product_brand":[],"product_cat":[201],"product_tag":[198,199,200],"class_list":{"0":"post-2495","1":"product","2":"type-product","3":"status-publish","4":"has-post-thumbnail","6":"product_cat-feminisierung","7":"product_tag-feminiserung","8":"product_tag-fufu","9":"product_tag-stainless-steel","11":"first","12":"instock","13":"featured","14":"taxable","15":"shipping-taxable","16":"product-type-external"},"_links":{"self":[{"href":"https:\/\/chastitylifestyle.club\/en\/wp-json\/wp\/v2\/product\/2495","targetHints":{"allow":["GET"]}}],"collection":[{"href":"https:\/\/chastitylifestyle.club\/en\/wp-json\/wp\/v2\/product"}],"about":[{"href":"https:\/\/chastitylifestyle.club\/en\/wp-json\/wp\/v2\/types\/product"}],"replies":[{"embeddable":true,"href":"https:\/\/chastitylifestyle.club\/en\/wp-json\/wp\/v2\/comments?post=2495"}],"wp:featuredmedia":[{"embeddable":true,"href":"https:\/\/chastitylifestyle.club\/en\/wp-json\/wp\/v2\/media\/2497"}],"wp:attachment":[{"href":"https:\/\/chastitylifestyle.club\/en\/wp-json\/wp\/v2\/media?parent=2495"}],"wp:term":[{"taxonomy":"product_brand","embeddable":true,"href":"https:\/\/chastitylifestyle.club\/en\/wp-json\/wp\/v2\/product_brand?post=2495"},{"taxonomy":"product_cat","embeddable":true,"href":"https:\/\/chastitylifestyle.club\/en\/wp-json\/wp\/v2\/product_cat?post=2495"},{"taxonomy":"product_tag","embeddable":true,"href":"https:\/\/chastitylifestyle.club\/en\/wp-json\/wp\/v2\/product_tag?post=2495"}],"curies":[{"name":"wp","href":"https:\/\/api.w.org\/{rel}","templated":true}]}}