{"id":2539,"date":"2023-08-22T08:55:08","date_gmt":"2023-08-22T06:55:08","guid":{"rendered":"https:\/\/chastitylifestyle.club\/?post_type=product&#038;p=2539"},"modified":"2024-09-03T23:18:09","modified_gmt":"2024-09-03T21:18:09","slug":"nopacha-the-punisher","status":"publish","type":"product","link":"https:\/\/chastitylifestyle.club\/en\/nopacha-the-punisher\/","title":{"rendered":"NoPacha &#8211; The Punisher"},"content":{"rendered":"<div class=\"rte\">\n<h3>NoPacha &#8211; The Punisher<\/h3>\n<p><a href=\"https:\/\/de.langenscheidt.com\/englisch-deutsch\/punisher\" target=\"_blank\" rel=\"noopener\">the punisher (engl.) &#8211; Strafer, Strafende<\/a><\/p>\n<p>Keuschheitsvorrichtung und BDSM Toy in Einem! Unser NoPacha Punisher besteht aus einem doppellagigem Lederbeutel, den MEO nicht nur mit einem Rei\u00dfverschluss und Klettverschluss sowie einem abschlie\u00dfbaren Gurt, sondern auch mit innenliegenden Spikes versehen hat.<\/p>\n<p>Der NoPacha Punisher ist eine Quasi-Keuschheitsvorrichtung, in der Penis und Hoden eingeschlossen werden. Selbstbefriedigung oder Geschlechtsverkehr wird mit dem Tragen des NoPacha Punisher unm\u00f6glich und eine eventuelle sexuelle Erregung f\u00fchrt unverz\u00fcglich zu unangenehmen Schmerzen.<\/p>\n<p>Ungehorsame M\u00e4nnchen diszipliniert der Punisher sehr schnell. Zur Nacht getragen mit dem Schl\u00fcssel im Zeitschloss-gesicherten Safe sorgt er f\u00fcr besonders hei\u00dfe N\u00e4chte. Cuckolds f\u00fchrt er zu extraordin\u00e4ren &#8222;Freuden&#8220;.<\/p>\n<p><span style=\"color: #ff0000;\"><strong>VORSICHT:<\/strong><\/span> Bei angelegtem NoPacha Punisher sollte die Herrin von au\u00dfen nur sehr vorsichtig zugreifen.<\/p>\n<p>Der NoPacha Punisher l\u00e4sst sich nat\u00fcrlich auch tags\u00fcber oder abends ganz diskret unter normaler Kleidung tragen.<\/p>\n<p>Zum Lieferumfang geh\u00f6rt das hochwertige Vorh\u00e4ngeschloss von MEO.<\/p>\n<h4>Weitere Details:<\/h4>\n<ul>\n<li>SM Toy NoPacha Punisher<\/li>\n<li>Abschlie\u00dfbarer Lederbeutel f\u00fcr die Genitalien, mit innenliegenden Spikes<\/li>\n<li>Material: Leder, Edelstahl, Metall<\/li>\n<\/ul>\n<p style=\"text-align: center;\"><a class=\"btn btn-primary btn-medium\" href=\"https:\/\/www.meo.de\/de\/cbt\/3482-nopacha-punisher-bdsm-ref-8684-00.html?ref=710\" target=\"_blank\" rel=\"noopener\">PREIS ANZEIGEN<\/a>\n<\/div>","protected":false},"excerpt":{"rendered":"<p>Keuschheitsvorrichtung und BDSM Toy in Einem! Der <strong>NoPacha Punisher<\/strong> besteht aus einem doppellagigem Lederbeutel, den MEO nicht nur mit einem Rei\u00dfverschluss und Klettverschluss sowie einem abschlie\u00dfbaren Gurt, sondern auch mit innenliegenden Spikes versehen hat!<\/p>","protected":false},"featured_media":2540,"comment_status":"open","ping_status":"closed","template":"","meta":[],"product_brand":[],"product_cat":[157,95],"product_tag":[107,71,205,207,206,204,108,55],"class_list":{"0":"post-2539","1":"product","2":"type-product","3":"status-publish","4":"has-post-thumbnail","6":"product_cat-bestrafungen","7":"product_cat-lustschmerz_cbt","8":"product_tag-cbt","9":"product_tag-keuschhaltung","10":"product_tag-leder","11":"product_tag-meo","12":"product_tag-nopacha","13":"product_tag-punisher","14":"product_tag-spikes","15":"product_tag-strafe","17":"first","18":"instock","19":"taxable","20":"shipping-taxable","21":"product-type-external"},"_links":{"self":[{"href":"https:\/\/chastitylifestyle.club\/en\/wp-json\/wp\/v2\/product\/2539","targetHints":{"allow":["GET"]}}],"collection":[{"href":"https:\/\/chastitylifestyle.club\/en\/wp-json\/wp\/v2\/product"}],"about":[{"href":"https:\/\/chastitylifestyle.club\/en\/wp-json\/wp\/v2\/types\/product"}],"replies":[{"embeddable":true,"href":"https:\/\/chastitylifestyle.club\/en\/wp-json\/wp\/v2\/comments?post=2539"}],"wp:featuredmedia":[{"embeddable":true,"href":"https:\/\/chastitylifestyle.club\/en\/wp-json\/wp\/v2\/media\/2540"}],"wp:attachment":[{"href":"https:\/\/chastitylifestyle.club\/en\/wp-json\/wp\/v2\/media?parent=2539"}],"wp:term":[{"taxonomy":"product_brand","embeddable":true,"href":"https:\/\/chastitylifestyle.club\/en\/wp-json\/wp\/v2\/product_brand?post=2539"},{"taxonomy":"product_cat","embeddable":true,"href":"https:\/\/chastitylifestyle.club\/en\/wp-json\/wp\/v2\/product_cat?post=2539"},{"taxonomy":"product_tag","embeddable":true,"href":"https:\/\/chastitylifestyle.club\/en\/wp-json\/wp\/v2\/product_tag?post=2539"}],"curies":[{"name":"wp","href":"https:\/\/api.w.org\/{rel}","templated":true}]}}