{"id":2562,"date":"2023-09-10T10:43:13","date_gmt":"2023-09-10T08:43:13","guid":{"rendered":"https:\/\/chastitylifestyle.club\/?post_type=product&#038;p=2562"},"modified":"2024-12-01T01:26:38","modified_gmt":"2024-12-01T00:26:38","slug":"nopacha-diavolo","status":"publish","type":"product","link":"https:\/\/chastitylifestyle.club\/en\/nopacha-diavolo\/","title":{"rendered":"NoPacha Diavolo Keuschheitsk\u00e4fig mit Spikes"},"content":{"rendered":"<p>Totaler Kontrollverlust garantiert: Der NoPacha \u00ae Diavolo ist ein moderner Keuschheitsk\u00e4fig, der dem Mann die Selbstkontrolle \u00fcber seinen Penis und seine sexuelle Lust entzieht. Masturbieren oder Geschlechtsverkehr wird mit diesem Keuschheitsg\u00fcrtel unm\u00f6glich und eine Erektion f\u00fchrt unverz\u00fcglich zu teuflischen Lustschmerzen.<\/p>\n<p>Der NoPacha Diavolo enth\u00e4lt einen hochwertigen Schlie\u00dfmechanismus und kann, einmal angezogen, ohne Schl\u00fcssel nicht mehr abgelegt werden. Somit werden mit dem komplett verschlossenen Keuschheitsk\u00e4fig NoPacha \u00ae Diavolo s\u00e4mtliche sexuelle Aktivit\u00e4ten gnadenlos unterbunden. Die Tragedauer kann sich \u00fcber einige Stunden oder l\u00e4ngere Zeitr\u00e4ume von bis zu mehreren Monaten hinziehen. Ziel ist es, die Erektion und den Orgasmus des Mannes zu verhindern. Durch <strong>innenliegende Dornen<\/strong>, ist bereits der Ansatz einer Erektion \u00e4u\u00dferst schmerzhaft. Damit der Keuschheitsg\u00fcrtel perfekt an den Tr\u00e4ger angepasst werden kann, geh\u00f6ren zum Lieferumfang 4 anatomisch geformte Hoden-\/Penisringe (42 mm, 45 mm, 48 mm und 52 mm).<\/p>\n<p>Im Vergleich zu anderen Keuschheitsk\u00e4figen bietet der NoPacha \u00ae Diavolo Keuschheitsk\u00e4fig viele Vorteile und verhindert zudem vollst\u00e4ndig die M\u00f6glichkeit das der devote Mann masturbieren kann. Nat\u00fcrlich ist auch der Geschlechtsverkehr bzw. das Fremdgehen mit dem angelegten Keuschheitsg\u00fcrtel unm\u00f6glich! Der Keuschheitsk\u00e4fig NoPacha \u00ae Diavolo wurde aus einem Hochleistungskunststoff gefertigt, welches f\u00fcr ein leichtes Gewicht sorgt. Somit l\u00e4sst dieser K\u00e4fig keine W\u00fcnsche bei der dauerhaften oder kurzzeitigen Keuschhaltung offen.<\/p>\n<p><strong>Was muss ich bei meinem NoPacha Diavolo Keuschheitsk\u00e4fig ber\u00fccksichtigen?<\/strong><\/p>\n<p>Bei einem l\u00e4ngeren Tragen des Cock Cage d\u00fcrfen hygienische Aspekte nicht unber\u00fccksichtigt bleiben. Der K\u00e4fig sollte bei der t\u00e4glichen K\u00f6rperreinigung entfernt und mit INSTACLEAN Spray ges\u00e4ubert werden. Penis und Hoden sollten vor dem Anlegen mit unserem pflegenden Gel PLOWBOY eingerieben werden<\/p>\n\n\t\t<style type=\"text\/css\">\n\t\t\t#gallery-1 {\n\t\t\t\tmargin: auto;\n\t\t\t}\n\t\t\t#gallery-1 .gallery-item {\n\t\t\t\tfloat: left;\n\t\t\t\tmargin-top: 10px;\n\t\t\t\ttext-align: center;\n\t\t\t\twidth: 33%;\n\t\t\t}\n\t\t\t#gallery-1 img {\n\t\t\t\tborder: 2px solid #cfcfcf;\n\t\t\t}\n\t\t\t#gallery-1 .gallery-caption {\n\t\t\t\tmargin-left: 0;\n\t\t\t}\n\t\t\t\/* see gallery_shortcode() in wp-includes\/media.php *\/\n\t\t<\/style>\n\t\t<div id='gallery-1' class='gallery galleryid-2562 gallery-columns-3 gallery-size-thumbnail'><dl class='gallery-item'>\n\t\t\t<dt class='gallery-icon landscape'>\n\t\t\t\t<a href='https:\/\/chastitylifestyle.club\/en\/?attachment_id=2568'><img loading=\"lazy\" decoding=\"async\" width=\"150\" height=\"150\" src=\"https:\/\/chastitylifestyle.club\/wp-content\/uploads\/2023\/09\/keuschheitsguertel-nopacha-diavolo-ref-3279-03-150x150.jpg\" class=\"attachment-thumbnail size-thumbnail\" alt=\"\" srcset=\"https:\/\/chastitylifestyle.club\/wp-content\/uploads\/2023\/09\/keuschheitsguertel-nopacha-diavolo-ref-3279-03-150x150.jpg 150w, https:\/\/chastitylifestyle.club\/wp-content\/uploads\/2023\/09\/keuschheitsguertel-nopacha-diavolo-ref-3279-03-300x300.jpg 300w, https:\/\/chastitylifestyle.club\/wp-content\/uploads\/2023\/09\/keuschheitsguertel-nopacha-diavolo-ref-3279-03-768x768.jpg 768w, https:\/\/chastitylifestyle.club\/wp-content\/uploads\/2023\/09\/keuschheitsguertel-nopacha-diavolo-ref-3279-03-672x672.jpg 672w, https:\/\/chastitylifestyle.club\/wp-content\/uploads\/2023\/09\/keuschheitsguertel-nopacha-diavolo-ref-3279-03-600x600.jpg 600w, https:\/\/chastitylifestyle.club\/wp-content\/uploads\/2023\/09\/keuschheitsguertel-nopacha-diavolo-ref-3279-03-100x100.jpg 100w, https:\/\/chastitylifestyle.club\/wp-content\/uploads\/2023\/09\/keuschheitsguertel-nopacha-diavolo-ref-3279-03.jpg 800w\" sizes=\"auto, (max-width: 150px) 100vw, 150px\" title=\"\"><\/a>\n\t\t\t<\/dt><\/dl><dl class='gallery-item'>\n\t\t\t<dt class='gallery-icon landscape'>\n\t\t\t\t<a href='https:\/\/chastitylifestyle.club\/en\/?attachment_id=2567'><img loading=\"lazy\" decoding=\"async\" width=\"150\" height=\"150\" src=\"https:\/\/chastitylifestyle.club\/wp-content\/uploads\/2023\/09\/keuschheitsguertel-nopacha-diavolo-ref-3279-02-1-150x150.jpg\" class=\"attachment-thumbnail size-thumbnail\" alt=\"\" srcset=\"https:\/\/chastitylifestyle.club\/wp-content\/uploads\/2023\/09\/keuschheitsguertel-nopacha-diavolo-ref-3279-02-1-150x150.jpg 150w, https:\/\/chastitylifestyle.club\/wp-content\/uploads\/2023\/09\/keuschheitsguertel-nopacha-diavolo-ref-3279-02-1-300x300.jpg 300w, https:\/\/chastitylifestyle.club\/wp-content\/uploads\/2023\/09\/keuschheitsguertel-nopacha-diavolo-ref-3279-02-1-768x768.jpg 768w, https:\/\/chastitylifestyle.club\/wp-content\/uploads\/2023\/09\/keuschheitsguertel-nopacha-diavolo-ref-3279-02-1-672x672.jpg 672w, https:\/\/chastitylifestyle.club\/wp-content\/uploads\/2023\/09\/keuschheitsguertel-nopacha-diavolo-ref-3279-02-1-600x600.jpg 600w, https:\/\/chastitylifestyle.club\/wp-content\/uploads\/2023\/09\/keuschheitsguertel-nopacha-diavolo-ref-3279-02-1-100x100.jpg 100w, https:\/\/chastitylifestyle.club\/wp-content\/uploads\/2023\/09\/keuschheitsguertel-nopacha-diavolo-ref-3279-02-1.jpg 800w\" sizes=\"auto, (max-width: 150px) 100vw, 150px\" title=\"\"><\/a>\n\t\t\t<\/dt><\/dl><dl class='gallery-item'>\n\t\t\t<dt class='gallery-icon landscape'>\n\t\t\t\t<a href='https:\/\/chastitylifestyle.club\/en\/?attachment_id=2566'><img loading=\"lazy\" decoding=\"async\" width=\"150\" height=\"150\" src=\"https:\/\/chastitylifestyle.club\/wp-content\/uploads\/2023\/09\/keuschheitsguertel-nopacha-diavolo-ref-3279-01-150x150.jpg\" class=\"attachment-thumbnail size-thumbnail\" alt=\"\" srcset=\"https:\/\/chastitylifestyle.club\/wp-content\/uploads\/2023\/09\/keuschheitsguertel-nopacha-diavolo-ref-3279-01-150x150.jpg 150w, https:\/\/chastitylifestyle.club\/wp-content\/uploads\/2023\/09\/keuschheitsguertel-nopacha-diavolo-ref-3279-01-300x300.jpg 300w, https:\/\/chastitylifestyle.club\/wp-content\/uploads\/2023\/09\/keuschheitsguertel-nopacha-diavolo-ref-3279-01-768x768.jpg 768w, https:\/\/chastitylifestyle.club\/wp-content\/uploads\/2023\/09\/keuschheitsguertel-nopacha-diavolo-ref-3279-01-672x672.jpg 672w, https:\/\/chastitylifestyle.club\/wp-content\/uploads\/2023\/09\/keuschheitsguertel-nopacha-diavolo-ref-3279-01-600x600.jpg 600w, https:\/\/chastitylifestyle.club\/wp-content\/uploads\/2023\/09\/keuschheitsguertel-nopacha-diavolo-ref-3279-01-100x100.jpg 100w, https:\/\/chastitylifestyle.club\/wp-content\/uploads\/2023\/09\/keuschheitsguertel-nopacha-diavolo-ref-3279-01.jpg 800w\" sizes=\"auto, (max-width: 150px) 100vw, 150px\" title=\"\"><\/a>\n\t\t\t<\/dt><\/dl><br style=\"clear: both\" \/><dl class='gallery-item'>\n\t\t\t<dt class='gallery-icon landscape'>\n\t\t\t\t<a href='https:\/\/chastitylifestyle.club\/en\/?attachment_id=2565'><img loading=\"lazy\" decoding=\"async\" width=\"150\" height=\"150\" src=\"https:\/\/chastitylifestyle.club\/wp-content\/uploads\/2023\/09\/keuschheitsguertel-nopacha-diavolo-ref-3279-00-150x150.jpg\" class=\"attachment-thumbnail size-thumbnail\" alt=\"\" srcset=\"https:\/\/chastitylifestyle.club\/wp-content\/uploads\/2023\/09\/keuschheitsguertel-nopacha-diavolo-ref-3279-00-150x150.jpg 150w, https:\/\/chastitylifestyle.club\/wp-content\/uploads\/2023\/09\/keuschheitsguertel-nopacha-diavolo-ref-3279-00-300x300.jpg 300w, https:\/\/chastitylifestyle.club\/wp-content\/uploads\/2023\/09\/keuschheitsguertel-nopacha-diavolo-ref-3279-00-768x768.jpg 768w, https:\/\/chastitylifestyle.club\/wp-content\/uploads\/2023\/09\/keuschheitsguertel-nopacha-diavolo-ref-3279-00-672x672.jpg 672w, https:\/\/chastitylifestyle.club\/wp-content\/uploads\/2023\/09\/keuschheitsguertel-nopacha-diavolo-ref-3279-00-600x600.jpg 600w, https:\/\/chastitylifestyle.club\/wp-content\/uploads\/2023\/09\/keuschheitsguertel-nopacha-diavolo-ref-3279-00-100x100.jpg 100w, https:\/\/chastitylifestyle.club\/wp-content\/uploads\/2023\/09\/keuschheitsguertel-nopacha-diavolo-ref-3279-00.jpg 800w\" sizes=\"auto, (max-width: 150px) 100vw, 150px\" title=\"\"><\/a>\n\t\t\t<\/dt><\/dl><dl class='gallery-item'>\n\t\t\t<dt class='gallery-icon landscape'>\n\t\t\t\t<a href='https:\/\/chastitylifestyle.club\/en\/?attachment_id=2564'><img loading=\"lazy\" decoding=\"async\" width=\"150\" height=\"150\" src=\"https:\/\/chastitylifestyle.club\/wp-content\/uploads\/2023\/09\/keuschheitsguertel-nopacha-diavolo-ref-3279-04-150x150.jpg\" class=\"attachment-thumbnail size-thumbnail\" alt=\"\" srcset=\"https:\/\/chastitylifestyle.club\/wp-content\/uploads\/2023\/09\/keuschheitsguertel-nopacha-diavolo-ref-3279-04-150x150.jpg 150w, https:\/\/chastitylifestyle.club\/wp-content\/uploads\/2023\/09\/keuschheitsguertel-nopacha-diavolo-ref-3279-04-300x300.jpg 300w, https:\/\/chastitylifestyle.club\/wp-content\/uploads\/2023\/09\/keuschheitsguertel-nopacha-diavolo-ref-3279-04-768x768.jpg 768w, https:\/\/chastitylifestyle.club\/wp-content\/uploads\/2023\/09\/keuschheitsguertel-nopacha-diavolo-ref-3279-04-672x672.jpg 672w, https:\/\/chastitylifestyle.club\/wp-content\/uploads\/2023\/09\/keuschheitsguertel-nopacha-diavolo-ref-3279-04-600x600.jpg 600w, https:\/\/chastitylifestyle.club\/wp-content\/uploads\/2023\/09\/keuschheitsguertel-nopacha-diavolo-ref-3279-04-100x100.jpg 100w, https:\/\/chastitylifestyle.club\/wp-content\/uploads\/2023\/09\/keuschheitsguertel-nopacha-diavolo-ref-3279-04.jpg 800w\" sizes=\"auto, (max-width: 150px) 100vw, 150px\" title=\"\"><\/a>\n\t\t\t<\/dt><\/dl><dl class='gallery-item'>\n\t\t\t<dt class='gallery-icon landscape'>\n\t\t\t\t<a href='https:\/\/chastitylifestyle.club\/en\/?attachment_id=2563'><img loading=\"lazy\" decoding=\"async\" width=\"150\" height=\"150\" src=\"https:\/\/chastitylifestyle.club\/wp-content\/uploads\/2023\/09\/keuschheitsguertel-nopacha-diavolo-ref-3279-02-150x150.jpg\" class=\"attachment-thumbnail size-thumbnail\" alt=\"MEO NoPacha Diavolo Keuschheitsk\u00e4fig mit Spikes\" srcset=\"https:\/\/chastitylifestyle.club\/wp-content\/uploads\/2023\/09\/keuschheitsguertel-nopacha-diavolo-ref-3279-02-150x150.jpg 150w, https:\/\/chastitylifestyle.club\/wp-content\/uploads\/2023\/09\/keuschheitsguertel-nopacha-diavolo-ref-3279-02-300x300.jpg 300w, https:\/\/chastitylifestyle.club\/wp-content\/uploads\/2023\/09\/keuschheitsguertel-nopacha-diavolo-ref-3279-02-768x768.jpg 768w, https:\/\/chastitylifestyle.club\/wp-content\/uploads\/2023\/09\/keuschheitsguertel-nopacha-diavolo-ref-3279-02-672x672.jpg 672w, https:\/\/chastitylifestyle.club\/wp-content\/uploads\/2023\/09\/keuschheitsguertel-nopacha-diavolo-ref-3279-02-600x600.jpg 600w, https:\/\/chastitylifestyle.club\/wp-content\/uploads\/2023\/09\/keuschheitsguertel-nopacha-diavolo-ref-3279-02-100x100.jpg 100w, https:\/\/chastitylifestyle.club\/wp-content\/uploads\/2023\/09\/keuschheitsguertel-nopacha-diavolo-ref-3279-02-480x480.jpg 480w, https:\/\/chastitylifestyle.club\/wp-content\/uploads\/2023\/09\/keuschheitsguertel-nopacha-diavolo-ref-3279-02-44x44.jpg 44w, https:\/\/chastitylifestyle.club\/wp-content\/uploads\/2023\/09\/keuschheitsguertel-nopacha-diavolo-ref-3279-02.jpg 800w\" sizes=\"auto, (max-width: 150px) 100vw, 150px\" title=\"\"><\/a>\n\t\t\t<\/dt><\/dl><br style=\"clear: both\" \/>\n\t\t<\/div>\n\n<h3>Datenblatt:<\/h3>\n<ul>\n<li>NoPacha \u00ae Diavolo Keuschheitk\u00e4fig aus Kunststoff<\/li>\n<li>Sicherer Keuschheitsg\u00fcrtel f\u00fcr M\u00e4nner<\/li>\n<li>Garantierte Keuschheit &#8211; 24\/7 &#8211; Langzeit<\/li>\n<li>Jeder Keuschheitsg\u00fcrtel wird mit unterschiedlich gro\u00dfen Penisringen geliefert<\/li>\n<li>NOPACHA \u00ae ist eine eingetragene Marke von MEO Deutschland.<\/li>\n<li>Du willst einen Keuschheitsg\u00fcrtel kaufen? Suchst Du einen Keuschheitsg\u00fcrtel f\u00fcr Anf\u00e4nger? Oder einen Keuschheitsg\u00fcrtel f\u00fcr die dauerhafte Benutzung? Dann ist ein abschlie\u00dfbarer sicherer Keuschheitsg\u00fcrtel von NoPacha \u00ae die richtige Wahl. Er ist ein Bestseller im MEO BDSM Online Shop und ausgew\u00e4hlt als bester Keuschheitsk\u00e4fig mit h\u00f6chster Kundenzufriedenheit.<\/li>\n<li>Damit der Penis ungehindert und ohne zu scheuern im Keuschheitsg\u00fcrtel gleiten kann, empfiehlt sich der Gebrauch unseres pflegenden Gels PLOWBOY mit Aloe Vera und Vitamin E.<\/li>\n<li>Der Keuschheitsg\u00fcrtel sollte w\u00e4hrend einer Tragepause mit VERYCLEAN Spray gereinigt werden.<\/li>\n<li>Zu unseren Keuschheitsg\u00fcrteln empfehlen wir unsere Stimulatoren aus der CUMELOT \u00ae Serie zur gelegentlichen Zwangsentsamung des devoten Mannes.<\/li>\n<li>Abmessungen Ringe: 44 mm, 48 mm, 50 mm, 52 mm.<br \/>\nInnendurchmesser des Penisk\u00e4figs ca. 40 mm und Tiefe 50 mm.<\/li>\n<\/ul>\n<p style=\"text-align: center;\"><a class=\"btn btn-primary btn-large\" href=\"https:\/\/www.meo.de\/de\/moderne-keuschheitsguertel\/7671-keuschheitsguertel-nopacha-diavolo-ref-3279-00.html?ref=710\" target=\"_blank\" rel=\"noopener\">Preis anzeigen<\/a>","protected":false},"excerpt":{"rendered":"<p>Totaler Kontrollverlust garantiert: Der NoPacha \u00ae Diavolo ist ein moderner Keuschheitsk\u00e4fig, der dem Mann die Selbstkontrolle \u00fcber seinen Penis und seine sexuelle Lust entzieht. Masturbieren oder Geschlechtsverkehr wird mit diesem Keuschheitsg\u00fcrtel unm\u00f6glich und eine Erektion f\u00fchrt unverz\u00fcglich zu teuflischen Lustschmerzen.<\/p>","protected":false},"featured_media":2563,"comment_status":"open","ping_status":"closed","template":"","meta":[],"product_brand":[],"product_cat":[40,95,124],"product_tag":[221,222,108],"class_list":{"0":"post-2562","1":"product","2":"type-product","3":"status-publish","4":"has-post-thumbnail","6":"product_cat-keuschheitskaefige","7":"product_cat-lustschmerz_cbt","8":"product_cat-tube","9":"product_tag-innendornen","10":"product_tag-kunststoff","11":"product_tag-spikes","13":"first","14":"instock","15":"taxable","16":"shipping-taxable","17":"product-type-external"},"_links":{"self":[{"href":"https:\/\/chastitylifestyle.club\/en\/wp-json\/wp\/v2\/product\/2562","targetHints":{"allow":["GET"]}}],"collection":[{"href":"https:\/\/chastitylifestyle.club\/en\/wp-json\/wp\/v2\/product"}],"about":[{"href":"https:\/\/chastitylifestyle.club\/en\/wp-json\/wp\/v2\/types\/product"}],"replies":[{"embeddable":true,"href":"https:\/\/chastitylifestyle.club\/en\/wp-json\/wp\/v2\/comments?post=2562"}],"wp:featuredmedia":[{"embeddable":true,"href":"https:\/\/chastitylifestyle.club\/en\/wp-json\/wp\/v2\/media\/2563"}],"wp:attachment":[{"href":"https:\/\/chastitylifestyle.club\/en\/wp-json\/wp\/v2\/media?parent=2562"}],"wp:term":[{"taxonomy":"product_brand","embeddable":true,"href":"https:\/\/chastitylifestyle.club\/en\/wp-json\/wp\/v2\/product_brand?post=2562"},{"taxonomy":"product_cat","embeddable":true,"href":"https:\/\/chastitylifestyle.club\/en\/wp-json\/wp\/v2\/product_cat?post=2562"},{"taxonomy":"product_tag","embeddable":true,"href":"https:\/\/chastitylifestyle.club\/en\/wp-json\/wp\/v2\/product_tag?post=2562"}],"curies":[{"name":"wp","href":"https:\/\/api.w.org\/{rel}","templated":true}]}}