{"id":2649,"date":"2024-01-22T17:51:07","date_gmt":"2024-01-22T16:51:07","guid":{"rendered":"https:\/\/chastitylifestyle.club\/?post_type=product&#038;p=2649"},"modified":"2024-11-17T14:05:28","modified_gmt":"2024-11-17T13:05:28","slug":"oxballs-meatlocker-chastity","status":"publish","type":"product","link":"https:\/\/chastitylifestyle.club\/en\/oxballs-meatlocker-chastity\/","title":{"rendered":"Oxballs &#8211; MEATLOCKER Chastity"},"content":{"rendered":"<p><strong>Get Locked!<\/strong> MEATLOCKER von Oxballs ist der erste Penisk\u00e4fig der alles weg packt. Mit &#8222;gepiercter&#8220; Eichel bzw. Hodensack und dem gro\u00dfen, fleischigen Eiern sieht er zudem herrlich bizarr aus! Er l\u00e4sst sich leicht anlegen und bequem lange tragen. Die Kombination aus Silikon und TPR sorgt f\u00fcr eine tolle Passform, den guten Halt und die n\u00f6tige Dehnung.<\/p>\n<p>Du m\u00f6chtest unbedingt das Gef\u00fchl von Keuschheit erfahren, allerdings sind Dir unsere strengen Keuschheitsg\u00fcrtel zu ultimativ? Dann ist der MEATPACKER genau das Richtige um einen ersten Eindruck f\u00fcr das Gef\u00fchl eines angelegten Keuschheitsg\u00fcrtels zu bekommen.<\/p>\n<p><strong>Sinn und Zweck dieser genialen Erfindung?<\/strong><\/p>\n<p>Du bekommst schon Panik bei dem Gedanken, dass jemand einen unserer heftigen Keuschheitsg\u00fcrtel an Dir anbringt, ihn abschlie\u00dft und den Schl\u00fcssel wegwirft? Das Du komplett ausgeliefert bist und Dich nie wieder befreien kannst? Aber trotzdem macht Dich der Gedanke doch irgendwie an ? Unsere richtigen Keuschheitsg\u00fcrtel sind Dir zu kompliziert und zu technisch? Dann hol Dir den wunderbaren MEATPACKER!<\/p>\n<p>Bist Du nackt, sieht der Penisk\u00e4fig atemberaubend sexy aus. Unter der Kleidung sieht es einfach nur wie eine gute Ausbuchtung aus, keiner kann auch nur erahnen, was Du unter der Hose tr\u00e4gst.<\/p>\n<p><strong>Was macht den MEATLOCKER so besonders?<\/strong><\/p>\n<p>MEATLOCKER ist ein Penisk\u00e4fig von Oxballs, er umh\u00fcllt den Penis und Hodensack mit superdehnbarem, gummiartigem PLUS+SILICONE\u2122. Er im Handumdrehen anzulegen und kann bequem auch \u00fcber eine l\u00e4ngere Zeit getragen werden. MEATLOCKER dehnt sich und schmiegt sich an Deine Juwelen wie ein pefekt sitzender Handschuh! Der Tragekomfort wird durch die Abflussl\u00f6cher unter den Hoden zus\u00e4tzlich erh\u00f6ht.<\/p>\n<p><strong>Wie soll ich den Oxballs MEATLOCKER reinigen?<\/strong><\/p>\n<p>Einfach mit Wasser sowie Seife abwaschen und mit einem Toy-Cleaner wie VERYCLEAN reinigen. Lass den Oxballs Meatlocker trocknen und danach kannst du ihn verstauen.<\/p>\n<p>Vor jeder Benutzung solltest du den Oxballs Meatlocker kurz unter warmem Wasser absp\u00fclen.<\/p>\n<p><strong>Welches Gleitmittel kann ich mit dem MEATLOCKER verwenden?<\/strong><\/p>\n<p>Du solltest nur Gleitgel auf Wasserbasis wie Aquameo verwenden um Sch\u00e4den am Material zu vermeiden.<\/p>\n<p><strong>Wie lagere ich am besten meine Sextoys? <\/strong><\/p>\n<p>Trocken, dunkel und separiert! Am besten wickelst du jedes Toy einzeln in ein Tuch, steckst sie einzeln in ein Toy-Bag oder ganz einfach Baumwollsocken, damit diese nicht miteinander in Kontakt kommen. Sextoys bestehen aus unterschiedlichen Materialien, da kann es zu chemischen Reaktionen kommen, dem sogenannten \u201cSchmelzen\u201d und die Toys werden besch\u00e4digt.<\/p>\n<p style=\"text-align: center;\"><a class=\"btn btn-primary btn-large\" href=\"https:\/\/t.adcell.com\/p\/click?promoId=85931&amp;slotId=52316&amp;param0=https%3A%2F%2Fwww.mystic-store.com%2Ffetisch-sm-bedarf%2Fkeuschheit%2Fkeuschheitsguertel-fuer-herren%2Fleder-sonstige%2Foxballs-meatlocker-chastity.html%3Fnumber%3DSU19780.021\" target=\"_blank\" rel=\"noopener\">Preis anzeigen<\/a>\n<h3>Weitere Details:<\/h3>\n<ul>\n<li>Original Design copyright OXBALLS<\/li>\n<li>Abmessungen: Breite: 10,8 cm, H\u00f6he: 12 cm, Tiefe: 4,4 cm &#8211; 9,5 cm, Umfang des Hauptlochs: 9,9 cm, Schaftloch Umfang: 7,9 cm, Hodenloch-Umfang: 11,9 cm<\/li>\n<li>mit Prince Albert-Piercing und Hoden-&#8222;Piercing&#8220;<\/li>\n<li>Material: PLUS+SILICONE\u2122 TPR \/ Silikon-Mischung<\/li>\n<li>Farben: schwarz, rot wei\u00df, transparent, blau, hot pink, lila<\/li>\n<li>Gewicht: 120 Gramm<\/li>\n<\/ul>\n<h3>Bewertung<\/h3>\n<p>Das von OXBALLS gewohnte elastische und extrem angenehme Material macht schnell s\u00fcchtig danach, den MEATLOCKER dauerhaft bzw. f\u00fcr l\u00e4ngere Zeit tragen zu d\u00fcrfen! Eine gut platzierte \u00d6ffnung erm\u00f6glicht das Urinieren. Und nat\u00fcrlich d\u00fcrfen auch die unteren \u00d6ffnungen nicht fehlen, um &#8211; wie beim <a href=\"https:\/\/amzn.to\/3Hu67I0\" target=\"_blank\" rel=\"noopener\">OXBALLS NUTTER Ball Sling Electro<\/a> &#8211; die Elektroden punktgenau an den Hoden zu platzieren, um je nach Laune der Herrin zu stimulieren oder zu bestrafen. Nat\u00fcrlich l\u00e4sst sich das Gleitgel vor dem Anlegen des OXBALLS MEATLOCKER auch durch w\u00e4rmende Salben austauschen<\/p>\n<p>Besonders im Zusammenspiel mit dem <a href=\"https:\/\/www.lovense.com\/r\/veizeb\" target=\"_blank\" rel=\"noopener\">Lovense DIAMO<\/a> revolutioniert er das Tease &amp; Denial Game in der Beziehung!<\/p>\n<p><strong><span style=\"color: #ff00ff;\">FAZIT: absolut empfehlenswert &#8211; mein Toy of the Year 2023!<\/span><\/strong><\/p>\n<p style=\"text-align: center;\"><a class=\"btn btn-primary btn-large\" href=\"https:\/\/t.adcell.com\/p\/click?promoId=85931&amp;slotId=52316&amp;param0=https%3A%2F%2Fwww.mystic-store.com%2Ffetisch-sm-bedarf%2Fkeuschheit%2Fkeuschheitsguertel-fuer-herren%2Fleder-sonstige%2Foxballs-meatlocker-chastity.html%3Fnumber%3DSU19780.021\" target=\"_blank\" rel=\"noopener\">Preis anzeigen<\/a>\n\n\t<div  class=\"hr-title hr-full hr-center hr-double\" style=\"\"><abbr><i class=\"\"><\/i> Oxballs - MEATLOCKER Chastity<\/abbr><\/div>","protected":false},"excerpt":{"rendered":"<p><strong>Get Locked!<\/strong> MEATLOCKER von Oxballs ist der erste Penisk\u00e4fig der alles weg packt. Mit &#8222;gepiercter&#8220; Eichel bzw. Hodensack und dem gro\u00dfen, fleischigen Eiern sieht er zudem herrlich bizarr aus! Er l\u00e4sst sich leicht anlegen und bequem lange tragen. Die Kombination aus Silikon und TPR sorgt f\u00fcr eine tolle Passform, den guten Halt und die n\u00f6tige Dehnung.<\/p>","protected":false},"featured_media":2661,"comment_status":"open","ping_status":"closed","template":"","meta":[],"product_brand":[],"product_cat":[124],"product_tag":[169,212,181,213],"class_list":{"0":"post-2649","1":"product","2":"type-product","3":"status-publish","4":"has-post-thumbnail","6":"product_cat-tube","7":"product_tag-electro","8":"product_tag-meatlocker","9":"product_tag-oxballs","10":"product_tag-sack-sling","12":"first","13":"instock","14":"taxable","15":"shipping-taxable","16":"product-type-external"},"_links":{"self":[{"href":"https:\/\/chastitylifestyle.club\/en\/wp-json\/wp\/v2\/product\/2649","targetHints":{"allow":["GET"]}}],"collection":[{"href":"https:\/\/chastitylifestyle.club\/en\/wp-json\/wp\/v2\/product"}],"about":[{"href":"https:\/\/chastitylifestyle.club\/en\/wp-json\/wp\/v2\/types\/product"}],"replies":[{"embeddable":true,"href":"https:\/\/chastitylifestyle.club\/en\/wp-json\/wp\/v2\/comments?post=2649"}],"wp:featuredmedia":[{"embeddable":true,"href":"https:\/\/chastitylifestyle.club\/en\/wp-json\/wp\/v2\/media\/2661"}],"wp:attachment":[{"href":"https:\/\/chastitylifestyle.club\/en\/wp-json\/wp\/v2\/media?parent=2649"}],"wp:term":[{"taxonomy":"product_brand","embeddable":true,"href":"https:\/\/chastitylifestyle.club\/en\/wp-json\/wp\/v2\/product_brand?post=2649"},{"taxonomy":"product_cat","embeddable":true,"href":"https:\/\/chastitylifestyle.club\/en\/wp-json\/wp\/v2\/product_cat?post=2649"},{"taxonomy":"product_tag","embeddable":true,"href":"https:\/\/chastitylifestyle.club\/en\/wp-json\/wp\/v2\/product_tag?post=2649"}],"curies":[{"name":"wp","href":"https:\/\/api.w.org\/{rel}","templated":true}]}}