{"id":2738,"date":"2024-03-03T08:54:58","date_gmt":"2024-03-03T07:54:58","guid":{"rendered":"https:\/\/chastitylifestyle.club\/?post_type=product&#038;p=2738"},"modified":"2025-06-05T22:36:58","modified_gmt":"2025-06-05T20:36:58","slug":"nopacha-punisher-2-0","status":"publish","type":"product","link":"https:\/\/chastitylifestyle.club\/en\/nopacha-punisher-2-0\/","title":{"rendered":"NoPacha\u00ae Punisher 2.0"},"content":{"rendered":"<h3 id=\"product-name\">NoPacha\u00ae Punisher 2.0 &#8211; Das Upgrade auf das Du gewartet hast!<\/h3>\n<p>Wir haben bereits den <a href=\"https:\/\/chastitylifestyle.club\/en\/product\/nopacha-the-punisher\/\" target=\"_blank\" rel=\"noopener\">NoPacha Punisher 1.0<\/a> kennen- und liebengelernt! F\u00fcr den Delinquenten sicherlich eine Hassliebe, wir haben die Version in die Kategorie <a href=\"https:\/\/chastitylifestyle.club\/en\/product-category\/bestrafungen\/\" target=\"_blank\" rel=\"noopener\"><strong>BESTRAFUNGEN<\/strong><\/a> gepackt.<\/p>\n<p><span class=\"css-1qaijid r-bcqeeo r-qvutc0 r-poiln3\"> <span id=\"copy-emoji\" class=\"efont\">\u2714\ufe0f<\/span> drei Gr\u00f6\u00dfen <\/span><\/p>\n<p><span class=\"css-1qaijid r-bcqeeo r-qvutc0 r-poiln3\"><span id=\"copy-emoji\" class=\"efont\">\u2714\ufe0f<\/span> Rei\u00dfverschluss separat verschlie\u00dfbar <\/span><\/p>\n<p><span class=\"css-1qaijid r-bcqeeo r-qvutc0 r-poiln3\"><span id=\"copy-emoji\" class=\"efont\">\u2714\ufe0f<\/span> kompatibel zum elektrischen Zeitschloss <\/span><\/p>\n<p><span class=\"css-1qaijid r-bcqeeo r-qvutc0 r-poiln3\"> <span id=\"copy-emoji\" class=\"efont\">\u2714\ufe0f<\/span> kombiniert Keuschhaltung &amp; CBT <\/span><\/p>\n<p><span class=\"css-1qaijid r-bcqeeo r-qvutc0 r-poiln3\"><span id=\"copy-emoji\" class=\"efont\">\u2714\ufe0f<\/span> <a href=\"https:\/\/www.meo.de\/de\/bdsm-sextoys\/7889-nopachar-punisher-20-das-upgrade-auf-das-du-gewartet-hast-ref-3496.html?ref=710\" target=\"_blank\" rel=\"noopener\">Jetzt im Angebot<\/a><\/span><\/p>\n<p>MEO hat zugeh\u00f6rt und nach viel Kundenfeedback pr\u00e4sentiert MEO stolz den NoPacha\u00ae Punisher 2.0, ein Accessoire, dass die Intensit\u00e4t in einer BDSM-Beziehung neu definiert. In bew\u00e4hrter Tradition vereint der Punisher 2.0 Keuschheit, CBT und Cock Bondage zu einem verf\u00fchrerischen Zusammenspiel, das sowohl dominante als auch unterw\u00fcrfige Personen gleicherma\u00dfen in seinen Bann zieht.<\/p>\n<h4><strong>Dominanz neu definiert:<\/strong><\/h4>\n<p>Entdecke den NoPacha\u00ae Punisher 2.0 &#8211; jetzt in drei individuellen Gr\u00f6\u00dfen f\u00fcr eine noch perfektere Passform, ganz nach Deinen W\u00fcnschen!<\/p>\n<p>Die Meisterklasse der Verarbeitung: Hergestellt aus doppellagigem, sorgf\u00e4ltig verarbeitetem Leder verbindet dieser robuste Beutel Funktionalit\u00e4t mit \u00c4sthetik. Ausgestattet mit einem Rei\u00dfverschluss, Klettverschluss und einem abschlie\u00dfbaren Gurt bietet der NoPacha \u00ae Punisher 2.0 h\u00f6chste Sicherheit bei gutem Tragekomfort. Das eigentliche Highlight ist jedoch der innovative, abschlie\u00dfbare Rei\u00dfverschluss, der den unbefugten Zugriff auf die m\u00e4nnlichen Genitalien endg\u00fcltig verhindert. Schutz, Komfort und Sicherheit auf einem v\u00f6llig neuen Niveau.<\/p>\n<p style=\"text-align: center;\"><a class=\"btn btn-primary btn-large\" href=\"https:\/\/www.meo.de\/de\/bdsm-sextoys\/7889-nopachar-punisher-20-das-upgrade-auf-das-du-gewartet-hast-ref-3496.html?ref=710\" target=\"_blank\" rel=\"noopener\">Preis anzeigen<\/a>\n<h4><strong>Jetzt ist auch der Rei\u00dfverschluss abschlie\u00dfbar!<\/strong><\/h4>\n<p>Der Rei\u00dfverschlussschlitten verf\u00fcgt \u00fcber ein integriertes Schl\u00fcsselschloss. Das hat den Vorteil, dass der Rei\u00dfverschluss direkt und ohne zus\u00e4tzliche Vorrichtungen gesichert werden kann. Durch das schlanke und \u00e4sthetisch ansprechende Design des integrierten Schl\u00fcsselschlosses verbindet dieser Rei\u00dfverschluss Sicherheit mit Eleganz. Ideal f\u00fcr unsere Zwecke, bei denen der unerlaubte Zugriff auf die m\u00e4nnlichen Genitalien und das Design im Vordergrund stehen. Der passende Schl\u00fcssel zum Abschlie\u00dfen des Rei\u00dfverschlusses ist selbstverst\u00e4ndlich im Lieferumfang enthalten.<\/p>\n<h4>Versteckt im Inneren des Lederbeutels lauert noch das gewisse Etwas:<\/h4>\n<p>Spikes, die jeden Anflug von Erregung mit einem stechenden Schmerz quittieren. Eine st\u00e4ndige Erinnerung daran, wie nah Lust und Schmerz beieinander liegen.<\/p>\n<h4><strong>NoPacha \u00ae Punisher 2.0: Grenzenloses Verlangen durch Keuschheit und Kontrolle!<\/strong><\/h4>\n<p><a href=\"https:\/\/chastitylifestyle.club\/wp-content\/uploads\/2024\/03\/nopacha-punisher-bdsm-ref-8684-01.jpg\"><img loading=\"lazy\" decoding=\"async\" class=\"alignleft wp-image-2740 size-thumbnail\" src=\"https:\/\/chastitylifestyle.club\/wp-content\/uploads\/2024\/03\/nopacha-punisher-bdsm-ref-8684-01-150x150.jpg\" alt=\"NoPacha Punisher 2.0\" width=\"150\" height=\"150\" title=\"\" srcset=\"https:\/\/chastitylifestyle.club\/wp-content\/uploads\/2024\/03\/nopacha-punisher-bdsm-ref-8684-01-150x150.jpg 150w, https:\/\/chastitylifestyle.club\/wp-content\/uploads\/2024\/03\/nopacha-punisher-bdsm-ref-8684-01-300x300.jpg 300w, https:\/\/chastitylifestyle.club\/wp-content\/uploads\/2024\/03\/nopacha-punisher-bdsm-ref-8684-01-768x768.jpg 768w, https:\/\/chastitylifestyle.club\/wp-content\/uploads\/2024\/03\/nopacha-punisher-bdsm-ref-8684-01-672x672.jpg 672w, https:\/\/chastitylifestyle.club\/wp-content\/uploads\/2024\/03\/nopacha-punisher-bdsm-ref-8684-01-600x600.jpg 600w, https:\/\/chastitylifestyle.club\/wp-content\/uploads\/2024\/03\/nopacha-punisher-bdsm-ref-8684-01-100x100.jpg 100w, https:\/\/chastitylifestyle.club\/wp-content\/uploads\/2024\/03\/nopacha-punisher-bdsm-ref-8684-01.jpg 800w\" sizes=\"auto, (max-width: 150px) 100vw, 150px\" \/><\/a>Selbstbefriedigung? Geschlechtsverkehr? Mit dem NoPacha \u00ae Punisher werden diese Aktivit\u00e4ten zu schier un\u00fcberwindbaren Herausforderungen.<strong><span style=\"color: #ff00ff;\"> Und sollte der Benutzer doch einmal sexuell erregt sein, sorgen die innenliegenden Spikes f\u00fcr sofortige Konsequenzen!<\/span><\/strong> Hier ist besondere Vorsicht geboten, um unn\u00f6tige Schmerzen zu vermeiden. Der dominante Master oder die strenge Herrin sollte also nie zu fest zupacken.<\/p>\n<p>Unauff\u00e4llig in seiner Erscheinung ist der Punisher 2.0 diskret genug, um im Alltag unsichtbar unter einer normalen Hose oder einer engeren Jeans getragen zu werden.<\/p>\n<p>Zu jedem NoPacha\u00ae Punisher 2.0 liefert MEO das passende kleine Vorh\u00e4ngeschloss mit zwei Schl\u00fcsseln und einem weiteren Schl\u00fcssel f\u00fcr den abschlie\u00dfbaren Rei\u00dfverschluss. Und f\u00fcr alle, die ihre Lust auf die n\u00e4chste Stufe heben wollen, ist der Punisher 2.0 mit dem elektronischen Zeitschloss <a href=\"https:\/\/www.meo.de\/de\/zeitschloss-self-bondage\/4154-zeitschloss-bondage-meobond-fuer-bdsm-und-keuschheitsguertel-ref-9321.html?ref=710\" target=\"_blank\" rel=\"noopener\">MEObond\u00ae<\/a> kompatibel &#8211; f\u00fcr stundenlange, ja sogar tagelange, intensive Kontrolle der m\u00e4nnlichen Lust!<\/p>\n<p>Der NoPacha\u00ae Punisher 2.0: Erlebe Dominanz, Unterwerfung und Keuschheit in einer v\u00f6llig neuen Dimension. Ein noch intensiveres Wechselspiel aus Lust, Schmerz und Kontrolle erwartet Dich!<\/p>\n<h3>Weitere Details:<\/h3>\n<ul>\n<li><strong>NoPacha\u00ae Punisher 2.0<\/strong><\/li>\n<li>BDSM-Sex-Toy der <strong>Extraklasse<\/strong><\/li>\n<li><strong>Abschlie\u00dfbarer<\/strong> <strong>Lederbeutel<\/strong> f\u00fcr die Genitalien, jetzt in drei Gr\u00f6\u00dfen und mit innovativem abschlie\u00dfbarem Rei\u00dfverschluss.<\/li>\n<li>Mit passendem Vorh\u00e4ngeschloss inkl. 2 Schl\u00fcsseln sowie einem Schl\u00fcssel f\u00fcr den <strong>abschlie\u00dfbaren Rei\u00dfverschluss<\/strong>.<\/li>\n<li>Materialien: <strong>Hochwertiges Leder<\/strong>, Edelstahl und Messing (Vorh\u00e4ngeschloss) f\u00fcr maximale Haltbarkeit und Sicherheit.<\/li>\n<li><strong>Small<\/strong>: Gesamtl\u00e4nge: ca. 11 cm, L\u00e4nge ohne Gurt: 8 cm, Breite 8 cm, \u00d6ffnung (Klettverschluss) 4,5- 5,5 cm<\/li>\n<li><strong>Medium<\/strong>: Gesamtl\u00e4nge: ca. 11 cm, L\u00e4nge ohne Gurt: 8 cm , Breite 8,5 cm , \u00d6ffnung( Klettverschluss) 4,5- 5,5 cm<\/li>\n<li><strong>Large:<\/strong> Gesamtl\u00e4nge: ca. 12 cm, L\u00e4nge ohne Gurt: 9 cm, Breite 9 cm, \u00d6ffnung( Klettverschluss) 4,5- 5,5 cm<\/li>\n<\/ul>\n<p style=\"text-align: center;\"><a class=\"btn btn-primary btn-large\" href=\"https:\/\/www.meo.de\/de\/bdsm-sextoys\/7889-nopachar-punisher-20-das-upgrade-auf-das-du-gewartet-hast-ref-3496.html?ref=710\" target=\"_blank\" rel=\"noopener\">Preis anzeigen<\/a>\n<p>&nbsp;<\/p>\n<p style=\"text-align: center;\">\n\t<div  class=\"hr-title hr-full hr-center hr-double\" style=\"\"><abbr><i class=\"\"><\/i> NoPacha\u00ae Punisher 2.0 - Das Upgrade auf das Du gewartet hast!<\/abbr><\/div>","protected":false},"excerpt":{"rendered":"<p>NoPacha\u00ae Punisher 2.0: \u2714\ufe0f drei Gr\u00f6\u00dfen \u2714\ufe0f Rei\u00dfverschluss separat verschlie\u00dfbar \u2714\ufe0f kompatibel zum elektrischen Zeitschloss\u2714\ufe0f kombiniert Keuschhaltung &amp; CBT<\/p>","protected":false},"featured_media":2741,"comment_status":"open","ping_status":"closed","template":"","meta":[],"product_brand":[],"product_cat":[157],"product_tag":[207,206],"class_list":{"0":"post-2738","1":"product","2":"type-product","3":"status-publish","4":"has-post-thumbnail","6":"product_cat-bestrafungen","7":"product_tag-meo","8":"product_tag-nopacha","10":"first","11":"instock","12":"taxable","13":"shipping-taxable","14":"product-type-external"},"_links":{"self":[{"href":"https:\/\/chastitylifestyle.club\/en\/wp-json\/wp\/v2\/product\/2738","targetHints":{"allow":["GET"]}}],"collection":[{"href":"https:\/\/chastitylifestyle.club\/en\/wp-json\/wp\/v2\/product"}],"about":[{"href":"https:\/\/chastitylifestyle.club\/en\/wp-json\/wp\/v2\/types\/product"}],"replies":[{"embeddable":true,"href":"https:\/\/chastitylifestyle.club\/en\/wp-json\/wp\/v2\/comments?post=2738"}],"wp:featuredmedia":[{"embeddable":true,"href":"https:\/\/chastitylifestyle.club\/en\/wp-json\/wp\/v2\/media\/2741"}],"wp:attachment":[{"href":"https:\/\/chastitylifestyle.club\/en\/wp-json\/wp\/v2\/media?parent=2738"}],"wp:term":[{"taxonomy":"product_brand","embeddable":true,"href":"https:\/\/chastitylifestyle.club\/en\/wp-json\/wp\/v2\/product_brand?post=2738"},{"taxonomy":"product_cat","embeddable":true,"href":"https:\/\/chastitylifestyle.club\/en\/wp-json\/wp\/v2\/product_cat?post=2738"},{"taxonomy":"product_tag","embeddable":true,"href":"https:\/\/chastitylifestyle.club\/en\/wp-json\/wp\/v2\/product_tag?post=2738"}],"curies":[{"name":"wp","href":"https:\/\/api.w.org\/{rel}","templated":true}]}}