{"id":2789,"date":"2024-12-01T01:25:04","date_gmt":"2024-12-01T00:25:04","guid":{"rendered":"https:\/\/chastitylifestyle.club\/?post_type=product&#038;p=2789"},"modified":"2024-12-01T01:25:05","modified_gmt":"2024-12-01T00:25:05","slug":"diavolo-der-teuflische-peniskaefig","status":"publish","type":"product","link":"https:\/\/chastitylifestyle.club\/en\/diavolo-der-teuflische-peniskaefig\/","title":{"rendered":"DIAVOLO &#8211; der teuflische Penisk\u00e4fig"},"content":{"rendered":"<p><strong>Totaler Kontrollverlust garantiert:<\/strong> Der <span style=\"color: #ff00ff;\"><strong>NoPacha \u00ae Diavolo<\/strong><\/span> ist ein moderner Keuschheitsk\u00e4fig, der dem Mann die Selbstkontrolle \u00fcber seinen Penis und seine sexuelle Lust entzieht. Masturbieren oder Geschlechtsverkehr wird mit diesem Penisk\u00e4fig unm\u00f6glich und eine Erektion f\u00fchrt unverz\u00fcglich zu teuflischen Lustschmerzen.<\/p>\n<p>Der K\u00e4fig enth\u00e4lt einen hochwertigen Schlie\u00dfmechanismus und kann, einmal angezogen, ohne Schl\u00fcssel nicht mehr abgelegt werden. Somit werden mit dem komplett verschlossenen Penisk\u00e4fig <span style=\"color: #ff00ff;\"><strong>NoPacha \u00ae Diavolo<\/strong><\/span> s\u00e4mtliche sexuelle Aktivit\u00e4ten gnadenlos unterbunden. Die Tragedauer kann sich \u00fcber einige Stunden oder l\u00e4ngere Zeitr\u00e4ume von bis zu mehreren Monaten hinziehen. Ziel ist es, die Erektion und den Orgasmus des Mannes zu verhindern. Durch innenliegende Dornen, ist bereits der Ansatz einer Erektion \u00e4u\u00dferst schmerzhaft. Damit der Keuschheitsg\u00fcrtel perfekt an den Tr\u00e4ger angepasst werden kann, geh\u00f6ren zum Lieferumfang 4 anatomisch geformte Hoden-\/Penisringe (42 mm, 45 mm, 48 mm und 52 mm).<\/p>\n<p>Im Vergleich zu anderen Keuschheitsg\u00fcrteln bietet der <span style=\"color: #ff00ff;\"><strong>NoPacha \u00ae Diavolo<\/strong><\/span> Keuschheitsg\u00fcrtel viele Vorteile und verhindert zudem vollst\u00e4ndig die M\u00f6glichkeit das der devote Mann masturbieren kann. Nat\u00fcrlich ist auch der Geschlechtsverkehr bzw. das Fremdgehen mit dem angelegten Keuschheitsg\u00fcrtel unm\u00f6glich! Der <span style=\"color: #ff00ff;\"><strong>NoPacha \u00ae Diavolo<\/strong><\/span> wurde aus einem Hochleistungskunststoff gefertigt, welches f\u00fcr ein leichtes Gewicht sorgt. Somit l\u00e4sst dieser Keuschheitsg\u00fcrtel keine W\u00fcnsche bei der dauerhaften oder kurzzeitigen Keuschhaltung offen.<\/p>\n<p><strong>Was muss ich bei einem Keuschheitsg\u00fcrtel ber\u00fccksichtigen?<\/strong><\/p>\n<p>Bei einem l\u00e4ngeren Tragen des Keuschheitsg\u00fcrtels d\u00fcrfen hygienische Aspekte nicht unber\u00fccksichtigt bleiben. Der Keuschheitsg\u00fcrtel sollte bei der t\u00e4glichen K\u00f6rperreinigung entfernt und mit INSTACLEAN Spray ges\u00e4ubert werden. Penis und Hoden sollten vor dem Anlegen mit unserem pflegenden Gel PLOWBOY eingerieben werden.<\/p>\n<p><strong><span style=\"color: #ff00ff;\">Weitere Details:<\/span><\/strong><\/p>\n<ul>\n<li><strong><span style=\"color: #ff00ff;\">NoPacha \u00ae Diavolo<\/span><\/strong> Keuschheitsk\u00e4fig aus Kunststoff<\/li>\n<li>Sicherer Keuschheitsg\u00fcrtel f\u00fcr M\u00e4nner<\/li>\n<li>Garantierte Keuschheit &#8211; 24\/7 &#8211; Langzeit<\/li>\n<li>Jeder Keuschheitsg\u00fcrtel wird mit unterschiedlich gro\u00dfen Penisringen geliefert<\/li>\n<li>Abmessungen Ringe: 44 mm, 48 mm, 50 mm, 52 mm.<br \/>\nInnendurchmesser des Penisk\u00e4figs ca. 40 mm und Tiefe 50 mm.<\/li>\n<\/ul>\n<p style=\"text-align: center;\"><a class=\"btn btn-primary btn-large\" href=\"https:\/\/www.meo.de\/de\/moderne-keuschheitsguertel\/7671-keuschheitsguertel-nopacha-diavolo-ref-3279-00.html?ref=710\" target=\"_blank\" rel=\"noopener\">Preis anzeigen<\/a>","protected":false},"excerpt":{"rendered":"<p>Totaler Kontrollverlust garantiert: Der NoPacha \u00ae Diavolo ist ein moderner Keuschheitsk\u00e4fig, der dem Mann die Selbstkontrolle \u00fcber seinen Penis und seine sexuelle Lust entzieht. Masturbieren oder Geschlechtsverkehr wird mit diesem Penisk\u00e4fig unm\u00f6glich und eine Erektion f\u00fchrt unverz\u00fcglich zu teuflischen Lustschmerzen. Der K\u00e4fig enth\u00e4lt einen hochwertigen Schlie\u00dfmechanismus und kann, einmal angezogen, ohne Schl\u00fcssel nicht mehr abgelegt werden. Somit werden mit dem [&hellip;]<\/p>\n","protected":false},"featured_media":3007,"comment_status":"open","ping_status":"closed","template":"","meta":[],"product_brand":[],"product_cat":[40,95],"product_tag":[206],"class_list":{"0":"post-2789","1":"product","2":"type-product","3":"status-publish","4":"has-post-thumbnail","6":"product_cat-keuschheitskaefige","7":"product_cat-lustschmerz_cbt","8":"product_tag-nopacha","10":"first","11":"instock","12":"taxable","13":"shipping-taxable","14":"product-type-external"},"_links":{"self":[{"href":"https:\/\/chastitylifestyle.club\/en\/wp-json\/wp\/v2\/product\/2789","targetHints":{"allow":["GET"]}}],"collection":[{"href":"https:\/\/chastitylifestyle.club\/en\/wp-json\/wp\/v2\/product"}],"about":[{"href":"https:\/\/chastitylifestyle.club\/en\/wp-json\/wp\/v2\/types\/product"}],"replies":[{"embeddable":true,"href":"https:\/\/chastitylifestyle.club\/en\/wp-json\/wp\/v2\/comments?post=2789"}],"wp:featuredmedia":[{"embeddable":true,"href":"https:\/\/chastitylifestyle.club\/en\/wp-json\/wp\/v2\/media\/3007"}],"wp:attachment":[{"href":"https:\/\/chastitylifestyle.club\/en\/wp-json\/wp\/v2\/media?parent=2789"}],"wp:term":[{"taxonomy":"product_brand","embeddable":true,"href":"https:\/\/chastitylifestyle.club\/en\/wp-json\/wp\/v2\/product_brand?post=2789"},{"taxonomy":"product_cat","embeddable":true,"href":"https:\/\/chastitylifestyle.club\/en\/wp-json\/wp\/v2\/product_cat?post=2789"},{"taxonomy":"product_tag","embeddable":true,"href":"https:\/\/chastitylifestyle.club\/en\/wp-json\/wp\/v2\/product_tag?post=2789"}],"curies":[{"name":"wp","href":"https:\/\/api.w.org\/{rel}","templated":true}]}}