{"id":3201,"date":"2025-11-23T17:15:09","date_gmt":"2025-11-23T16:15:09","guid":{"rendered":"https:\/\/chastitylifestyle.club\/?post_type=product&#038;p=3201"},"modified":"2025-11-23T17:16:01","modified_gmt":"2025-11-23T16:16:01","slug":"the-flex","status":"publish","type":"product","link":"https:\/\/chastitylifestyle.club\/en\/the-flex\/","title":{"rendered":"The Flex"},"content":{"rendered":"<p><strong>&#8222;The Flex&#8220; by Albion &#8211; vielseitiger und verstellbarer Keuschheitsk\u00e4fig<\/strong><\/p>\n<p>Gewinner des Oxy Design-Wettbewerbs 2021.<\/p>\n<p>Die Gewinner dieses Wettbewerbs konnten ihre Projekte dank unseres Designteams und unserer Fertigungskapazit\u00e4ten verwirklichen. Eine Idee, eine Zeichnung, eine Zusammenarbeit, um ein fertiges Produkt zu erhalten, das getragen werden kann.<\/p>\n<p>Der vielseitige K\u00e4fig ist wirklich clever konstruiert, sodass mit einem einzigen Keuschheitsger\u00e4t mehrere <strong>Strafen<\/strong> verh\u00e4ngt werden k\u00f6nnen. Dank drei Schlitzen an verschiedenen Positionen sowie einer Gr\u00f6\u00dfenanpassung k\u00f6nnen die Stacheln fixiert werden, um eine bessere Fixierung und eine Verkleinerung des &#8222;Spielraums&#8220; f\u00fcr den Penis zu erzielen.<\/p>\n<p>Sei kreativ, w\u00fcrfle und entscheide \u00fcber die Strafe, die du erhalten sollst \u2013 wird es Slot 1, 2 oder 3 sein? Dieses Keuschheitsger\u00e4t ist ein Geschenk an den Schl\u00fcsselhalter, der nach Belieben mit Gr\u00f6\u00dfenanpassungen und Schmerzen f\u00fcr den Tr\u00e4ger spielen kann.<\/p>\n<h3>Wie funktioniert das?<\/h3>\n<p>Ein Einsatz ist ein zus\u00e4tzliches Zubeh\u00f6rteil \u2013 er ist beim Kauf des vielseitigen Keuschheitsg\u00fcrtels im Lieferumfang enthalten.<\/p>\n<p>An der Oberseite des K\u00e4figs befinden sich drei Schlitze, die bis zur H\u00e4lfte des Umfangs reichen und das Einsetzen von Eins\u00e4tzen erm\u00f6glichen. Die Eins\u00e4tze werden mit einer gebogenen Stange fixiert, die in einen Ring an der Oberseite des K\u00e4figs eingef\u00fchrt und an der Unterseite arretiert wird.<\/p>\n<p>Ein fester Scheibeneinsatz kann verwendet werden, um die L\u00e4nge des K\u00e4figs zu reduzieren, er kann in jeder Slot-Position verwendet werden. Kann allein oder in Verbindung mit den Stacheleins\u00e4tzen verwendet werden.<\/p>\n<p style=\"text-align: center;\"><div class=\"su-button-center\"><a href=\"https:\/\/www.oxy-shop.com\/products\/adjustable-chastity-size-accessories-by-david?aff=152\" class=\"su-button su-button-style-default\" style=\"color:#FFFFFF;background-color:#ef2dd8;border-color:#c024ad;border-radius:10px\" target=\"_blank\" rel=\"noopener noreferrer\"><span style=\"color:#FFFFFF;padding:6px 16px;font-size:13px;line-height:20px;border-color:#f46ce4;border-radius:10px;text-shadow:none\"><i class=\"sui sui-lock\" style=\"font-size:13px;color:#FFFFFF\"><\/i> The Flex &#8211; Preis anzeigen<\/span><\/a><\/div>\n<h3>Material und Lieferumfang<\/h3>\n<p>3D-gedruckt aus Nylon, robust und stabil. Hergestellt aus k\u00f6rpervertr\u00e4glichem Material, verursacht keine Verletzungen oder Reizungen.<br \/>\nIdeal f\u00fcr kurze Sitzungen und langfristige Keuschheitsziele.<br \/>\nEnth\u00e4lt einen K\u00e4fig, 1 Ring, 1 integriertes Schloss, 3 Spike-Eins\u00e4tze, 1 Schlitz-Einsatz, 1 gebogene Stange.<\/p>\n<h3>Farbe &amp; Farben<\/h3>\n<p>Wir verwenden hochwertige Farbe f\u00fcr Pink &amp; Schwarz. Die Farbe ist eine k\u00f6rpervertr\u00e4gliche, gl\u00e4nzende Beschichtung, wie sie auch in der Automobilindustrie verwendet wird. Es gibt eine Grundierung mit der Farbe, gefolgt von einer Klarlackschicht f\u00fcr einen gl\u00e4nzenden Beschichtungseffekt. Sie ist wasserfest.<\/p>\n<h3>Abmessungen:<\/h3>\n<p>Gesamtl\u00e4nge des Ger\u00e4ts (einschlie\u00dflich Ring, Spalt und Rohr): 120 mm \/ 4,73&#8243;<br \/>\nL\u00e4nge des K\u00e4figrohrs: 74 mm \/ 2,9&#8243;<br \/>\nInnendurchmesser: 36 mm \/ 1,4&#8243;<\/p>\n<p style=\"text-align: center;\"><div class=\"su-button-center\"><a href=\"https:\/\/www.oxy-shop.com\/products\/adjustable-chastity-size-accessories-by-david?aff=152\" class=\"su-button su-button-style-default\" style=\"color:#FFFFFF;background-color:#ef2dd8;border-color:#c024ad;border-radius:10px\" target=\"_blank\" rel=\"noopener noreferrer\"><span style=\"color:#FFFFFF;padding:6px 16px;font-size:13px;line-height:20px;border-color:#f46ce4;border-radius:10px;text-shadow:none\"><i class=\"sui sui-lock\" style=\"font-size:13px;color:#FFFFFF\"><\/i> The Flex &#8211; Preis anzeigen<\/span><\/a><\/div>\n<h4>Einzeln erh\u00e4ltliche Ringgr\u00f6\u00dfen:<\/h4>\n<ul>\n<li>1,49&#8220; \/ 38 mm Ring<\/li>\n<li>1,57&#8220; \/ 40 mm Ring<\/li>\n<li>1,77&#8220; \/ 45 mm Ring<\/li>\n<li>1,97&#8220; \/ 50 mm Ring<\/li>\n<li>2,16&#8220; \/ 55 mm Ring<\/li>\n<li>2,36&#8243; \/ 60 mm Ring<\/li>\n<\/ul>\n<h4>Ringgr\u00f6\u00dfen, die in Packungen erh\u00e4ltlich sind:<\/h4>\n<ul>\n<li><b>Size XS-M :<\/b>1.49&#8220; \/ 38mm ring + 1.57&#8220; \/ 40mm ring + 1.77&#8220; \/ 45mm ring<\/li>\n<li><b>Size M-L :<\/b>1.57&#8220; \/ 40mm ring +\u00a01.77&#8220; \/ 45mm ring\u00a0+\u00a01.97&#8220; \/ 50mm ring<\/li>\n<li><b>Size L-XXL:<\/b>1.97&#8220; \/ 50mm ring + 2.16&#8220; \/ 55mm ring + 2.36&#8243; \/ 60mm ring<\/li>\n<\/ul>\n<h3>Verf\u00fcgbare Farben:<\/h3>\n<p>Rosa, Schwarz<\/p>\n<p style=\"text-align: center;\"><div class=\"su-button-center\"><a href=\"https:\/\/www.oxy-shop.com\/products\/adjustable-chastity-size-accessories-by-david?aff=152\" class=\"su-button su-button-style-default\" style=\"color:#FFFFFF;background-color:#ef2dd8;border-color:#c024ad;border-radius:10px\" target=\"_blank\" rel=\"noopener noreferrer\"><span style=\"color:#FFFFFF;padding:6px 16px;font-size:13px;line-height:20px;border-color:#f46ce4;border-radius:10px;text-shadow:none\"><i class=\"sui sui-lock\" style=\"font-size:13px;color:#FFFFFF\"><\/i> The Flex &#8211; Preis anzeigen<\/span><\/a><\/div>","protected":false},"excerpt":{"rendered":"<p>&#8222;The Flex&#8220; by Albion &#8211; vielseitiger und verstellbarer Keuschheitsk\u00e4fig Gewinner des Oxy Design-Wettbewerbs 2021. Die Gewinner dieses Wettbewerbs konnten ihre Projekte dank unseres Designteams und unserer Fertigungskapazit\u00e4ten verwirklichen. Eine Idee, eine Zeichnung, eine Zusammenarbeit, um ein fertiges Produkt zu erhalten, das getragen werden kann. Der vielseitige K\u00e4fig ist wirklich clever konstruiert, sodass mit einem einzigen Keuschheitsger\u00e4t mehrere Strafen verh\u00e4ngt werden [&hellip;]<\/p>\n","protected":false},"featured_media":3202,"comment_status":"open","ping_status":"closed","template":"","meta":[],"product_brand":[],"product_cat":[40],"product_tag":[],"class_list":{"0":"post-3201","1":"product","2":"type-product","3":"status-publish","4":"has-post-thumbnail","6":"product_cat-keuschheitskaefige","8":"first","9":"instock","10":"taxable","11":"shipping-taxable","12":"product-type-external"},"_links":{"self":[{"href":"https:\/\/chastitylifestyle.club\/en\/wp-json\/wp\/v2\/product\/3201","targetHints":{"allow":["GET"]}}],"collection":[{"href":"https:\/\/chastitylifestyle.club\/en\/wp-json\/wp\/v2\/product"}],"about":[{"href":"https:\/\/chastitylifestyle.club\/en\/wp-json\/wp\/v2\/types\/product"}],"replies":[{"embeddable":true,"href":"https:\/\/chastitylifestyle.club\/en\/wp-json\/wp\/v2\/comments?post=3201"}],"wp:featuredmedia":[{"embeddable":true,"href":"https:\/\/chastitylifestyle.club\/en\/wp-json\/wp\/v2\/media\/3202"}],"wp:attachment":[{"href":"https:\/\/chastitylifestyle.club\/en\/wp-json\/wp\/v2\/media?parent=3201"}],"wp:term":[{"taxonomy":"product_brand","embeddable":true,"href":"https:\/\/chastitylifestyle.club\/en\/wp-json\/wp\/v2\/product_brand?post=3201"},{"taxonomy":"product_cat","embeddable":true,"href":"https:\/\/chastitylifestyle.club\/en\/wp-json\/wp\/v2\/product_cat?post=3201"},{"taxonomy":"product_tag","embeddable":true,"href":"https:\/\/chastitylifestyle.club\/en\/wp-json\/wp\/v2\/product_tag?post=3201"}],"curies":[{"name":"wp","href":"https:\/\/api.w.org\/{rel}","templated":true}]}}