{"id":3221,"date":"2026-01-20T19:08:51","date_gmt":"2026-01-20T18:08:51","guid":{"rendered":"https:\/\/chastitylifestyle.club\/?post_type=product&#038;p=3221"},"modified":"2026-01-20T19:08:52","modified_gmt":"2026-01-20T18:08:52","slug":"nopacha-black-berlin-x","status":"publish","type":"product","link":"https:\/\/chastitylifestyle.club\/en\/nopacha-black-berlin-x\/","title":{"rendered":"NoPacha Black Berlin X"},"content":{"rendered":"<h2 id=\"product-name\">Keuschheitsg\u00fcrtel aus Edelstahl f\u00fcr M\u00e4nner<\/h2>\n<p>Der NoPacha Black Berlin X: Ein Keuschheitsg\u00fcrtel, der Deinen Sub bereuen l\u00e4sst, \u00fcberhaupt einen Penis zu besitzen. Er unterbindet jede Erektion konsequent und erf\u00fcllt damit alle Anforderungen eines verantwortungsvollen \u201eKey Holders\u201c.<\/p>\n<p>Dank des flach integrierten Verschlusses tr\u00e4gt der NoPacha Black Berlin X nicht auf. So kann er diskret und bequem <strong>24\/7<\/strong> unter der normalen Kleidung getragen werden.<\/p>\n<p>Die widerstandsf\u00e4hige Edelstahlkonstruktion ist perfekt an die m\u00e4nnliche Anatomie angepasst und gilt als absolut ausbruchsicher. Ein kleiner Schlitz an der Spitze erm\u00f6glicht das Urinieren, w\u00e4hrend zwei Ventilations\u00f6ffnungen f\u00fcr die notwendige Luftzirkulation im geschlossenen G\u00fcrtel sorgen.<\/p>\n<p>Durch sein durchdachtes Design und das rostfreie Material ist der NoPacha Black Berlin X ideal f\u00fcr M\u00e4nner, die den Keuschheitsg\u00fcrtel \u00fcber einen langen Zeitraum tragen m\u00f6chten.<\/p>\n<ul>\n<li aria-level=\"1\">Diskreter Keuschheitsg\u00fcrtel f\u00fcr l\u00e4ngeres Tragen<\/li>\n<li aria-level=\"1\">Material: Edelstahl (Keuschheitsg\u00fcrtel), Messing (Schloss)<\/li>\n<li aria-level=\"1\">Mit integriertem Schloss und zwei Schl\u00fcsseln<\/li>\n<li aria-level=\"1\">Abmessungen: Penis-\/Hodenring ovaler Durchmesser ca. 5 cm in der Breite und 4,5 cm in der H\u00f6he.<\/li>\n<li aria-level=\"1\">Penisk\u00e4fig ist ca. 8 cm lang und verf\u00fcgt \u00fcber einen Durchmesser von ca. 33 mm.<\/li>\n<li aria-level=\"1\">Gewicht ca. 350 Gramm<\/li>\n<\/ul>\n<p style=\"text-align: center;\"><div class=\"su-button-center\"><a href=\"https:\/\/www.meo.de\/de\/sichere-keuschheitsk%C3%A4fige\/5785-nopacha-black-berlin-x-keuschheitsguertel-aus-edelstahl-fuer-maenner-ref-1547-00.html5-t02.html?ref=710\" class=\"su-button su-button-style-default\" style=\"color:#FFFFFF;background-color:#ef2dd8;border-color:#c024ad;border-radius:10px\" target=\"_blank\" rel=\"noopener noreferrer\"><span style=\"color:#FFFFFF;padding:6px 16px;font-size:13px;line-height:20px;border-color:#f46ce4;border-radius:10px;text-shadow:none\"><i class=\"sui sui-lock\" style=\"font-size:13px;color:#FFFFFF\"><\/i> I want this!<\/span><\/a><\/div>","protected":false},"excerpt":{"rendered":"<p>Der NoPacha Black Berlin X ist ein Keuschheitsg\u00fcrtel, der keine Erektionen zul\u00e4sst. Er wird den Sub dazu bringen, seinen Penis zu verfluchen, erf\u00fcllt aber gleichzeitig alle Erwartungen eines gewissenhaften \u201eKey Holders\u201c!<\/p>","protected":false},"featured_media":3222,"comment_status":"open","ping_status":"closed","template":"","meta":[],"product_brand":[],"product_cat":[40],"product_tag":[87,207,206],"class_list":{"0":"post-3221","1":"product","2":"type-product","3":"status-publish","4":"has-post-thumbnail","6":"product_cat-keuschheitskaefige","7":"product_tag-edelstahl","8":"product_tag-meo","9":"product_tag-nopacha","11":"first","12":"instock","13":"product-type-external"},"_links":{"self":[{"href":"https:\/\/chastitylifestyle.club\/en\/wp-json\/wp\/v2\/product\/3221","targetHints":{"allow":["GET"]}}],"collection":[{"href":"https:\/\/chastitylifestyle.club\/en\/wp-json\/wp\/v2\/product"}],"about":[{"href":"https:\/\/chastitylifestyle.club\/en\/wp-json\/wp\/v2\/types\/product"}],"replies":[{"embeddable":true,"href":"https:\/\/chastitylifestyle.club\/en\/wp-json\/wp\/v2\/comments?post=3221"}],"wp:featuredmedia":[{"embeddable":true,"href":"https:\/\/chastitylifestyle.club\/en\/wp-json\/wp\/v2\/media\/3222"}],"wp:attachment":[{"href":"https:\/\/chastitylifestyle.club\/en\/wp-json\/wp\/v2\/media?parent=3221"}],"wp:term":[{"taxonomy":"product_brand","embeddable":true,"href":"https:\/\/chastitylifestyle.club\/en\/wp-json\/wp\/v2\/product_brand?post=3221"},{"taxonomy":"product_cat","embeddable":true,"href":"https:\/\/chastitylifestyle.club\/en\/wp-json\/wp\/v2\/product_cat?post=3221"},{"taxonomy":"product_tag","embeddable":true,"href":"https:\/\/chastitylifestyle.club\/en\/wp-json\/wp\/v2\/product_tag?post=3221"}],"curies":[{"name":"wp","href":"https:\/\/api.w.org\/{rel}","templated":true}]}}