{"id":3297,"date":"2026-02-21T16:15:43","date_gmt":"2026-02-21T15:15:43","guid":{"rendered":"https:\/\/chastitylifestyle.club\/?post_type=product&#038;p=3297"},"modified":"2026-02-21T16:15:44","modified_gmt":"2026-02-21T15:15:44","slug":"mister-pain","status":"publish","type":"product","link":"https:\/\/chastitylifestyle.club\/en\/mister-pain\/","title":{"rendered":"Mister Pain"},"content":{"rendered":"<h2 class=\"product--title\">Keuschheitsger\u00e4t mit Harnr\u00f6hrenplug<\/h2>\n<h3>Keuschheitsk\u00e4fig mit Arretiermechanismus und Penisring<\/h3>\n<p><img loading=\"lazy\" decoding=\"async\" class=\"alignleft wp-image-3303 size-thumbnail\" src=\"https:\/\/chastitylifestyle.club\/wp-content\/uploads\/2026\/02\/Mister-Pain-1-150x150.jpg\" alt=\"\" width=\"150\" height=\"150\" title=\"\" srcset=\"https:\/\/chastitylifestyle.club\/wp-content\/uploads\/2026\/02\/Mister-Pain-1-150x150.jpg 150w, https:\/\/chastitylifestyle.club\/wp-content\/uploads\/2026\/02\/Mister-Pain-1-12x12.jpg 12w, https:\/\/chastitylifestyle.club\/wp-content\/uploads\/2026\/02\/Mister-Pain-1-100x100.jpg 100w, https:\/\/chastitylifestyle.club\/wp-content\/uploads\/2026\/02\/Mister-Pain-1.jpg 300w\" sizes=\"auto, (max-width: 150px) 100vw, 150px\" \/>Der exquisite und verf\u00fchrerische Keuschheitsk\u00e4fig mit Harnr\u00f6hrenr\u00f6hre ist ein bemerkenswertes St\u00fcck intimes Zubeh\u00f6r, das entwickelt wurde, um die Grenzen des Vergn\u00fcgens, des Kraftaustauschs und der sinnlichen Kontrolle zu erkunden. Dieses sorgf\u00e4ltig gefertigte Ger\u00e4t ist ein Beweis f\u00fcr die Kunst des Powerplays, bietet ein unvergessliches Erlebnis f\u00fcr Anf\u00e4nger und erfahrene Enthusiasten. Hergestellt aus hochwertigem, hypoallergenem Edelstahl, bietet dieser Keuschheitsk\u00e4fig eine verf\u00fchrerische Kombination aus Haltbarkeit und Komfort. Seine glatte und polierte Oberfl\u00e4che sorgt f\u00fcr ein luxuri\u00f6ses Gef\u00fchl auf der Haut, wodurch es ideal f\u00fcr l\u00e4ngeres Tragen und Erkundung unterw\u00fcrfiger Fantasien ist. Der sichere Verriegelungsmechanismus sorgt daf\u00fcr, dass die W\u00fcnsche des Tr\u00e4gers unter Verschluss bleiben und die vollst\u00e4ndige Kontrolle in den H\u00e4nden des dominanten Partners liegen.<\/p>\n<p style=\"text-align: center;\"><div class=\"su-button-center\"><a href=\"https:\/\/chastitylifestyle.club\/en\/MisterPain\/\" class=\"su-button su-button-style-default\" style=\"color:#FFFFFF;background-color:#ef2dd8;border-color:#c024ad;border-radius:10px\" target=\"_blank\" rel=\"noopener noreferrer\"><span style=\"color:#FFFFFF;padding:6px 16px;font-size:13px;line-height:20px;border-color:#f46ce4;border-radius:10px;text-shadow:none\"><i class=\"sui sui-lock\" style=\"font-size:13px;color:#FFFFFF\"><\/i> Calling Mr. Pain<\/span><\/a><\/div>\n<h3>Intensive Stimulation und eine schlanke, ergonomische Passform<\/h3>\n<p>Dieser Keuschheitsk\u00e4fig geht \u00fcber traditionelle Designs hina<a href=\"https:\/\/chastitylifestyle.club\/wp-content\/uploads\/2026\/02\/Mister-Pain-2.jpg\"><img loading=\"lazy\" decoding=\"async\" class=\"alignright wp-image-3304 size-thumbnail\" src=\"https:\/\/chastitylifestyle.club\/wp-content\/uploads\/2026\/02\/Mister-Pain-2-150x150.jpg\" alt=\"\" width=\"150\" height=\"150\" title=\"\" srcset=\"https:\/\/chastitylifestyle.club\/wp-content\/uploads\/2026\/02\/Mister-Pain-2-150x150.jpg 150w, https:\/\/chastitylifestyle.club\/wp-content\/uploads\/2026\/02\/Mister-Pain-2-12x12.jpg 12w, https:\/\/chastitylifestyle.club\/wp-content\/uploads\/2026\/02\/Mister-Pain-2-100x100.jpg 100w, https:\/\/chastitylifestyle.club\/wp-content\/uploads\/2026\/02\/Mister-Pain-2.jpg 300w\" sizes=\"auto, (max-width: 150px) 100vw, 150px\" \/><\/a>us und verf\u00fcgt \u00fcber einen integrierten Harnr\u00f6hrenschlauch, der dem intimen Spielen eine aufregende Dimension verleiht. Der Harnr\u00f6hrenschlauch stimuliert die empfindlichsten Bereiche und liefert exquisite Empfindungen, die Leidenschaft und Vergn\u00fcgen entz\u00fcnden. Hergestellt aus medizinischem Edelstahl, sorgt das Rohr f\u00fcr Sicherheit und einfache Reinigung. \u00c4sthetisch ansprechend, dieser Keuschheitsk\u00e4fig mit Harnr\u00f6hrenr\u00f6hre verf\u00fcgt \u00fcber ein aufwendiges und fesselndes Design. Seine schlanke und ergonomische Form betont nicht nur den K\u00f6rperbau des Tr\u00e4gers, sondern sorgt auch f\u00fcr eine gute Passform, die sowohl sicher als auch bequem ist.<\/p>\n<p style=\"text-align: center;\"><div class=\"su-button-center\"><a href=\"https:\/\/chastitylifestyle.club\/en\/MisterPain\/\" class=\"su-button su-button-style-default\" style=\"color:#FFFFFF;background-color:#ef2dd8;border-color:#c024ad;border-radius:10px\" target=\"_blank\" rel=\"noopener noreferrer\"><span style=\"color:#FFFFFF;padding:6px 16px;font-size:13px;line-height:20px;border-color:#f46ce4;border-radius:10px;text-shadow:none\"><i class=\"sui sui-lock\" style=\"font-size:13px;color:#FFFFFF\"><\/i> Calling Mr. Pain<\/span><\/a><\/div>\n<h3>Hygienisches und bel\u00fcftetes Design<\/h3>\n<p><a href=\"https:\/\/chastitylifestyle.club\/wp-content\/uploads\/2026\/02\/Mister-Pain-3.jpg\"><img loading=\"lazy\" decoding=\"async\" class=\"alignleft wp-image-3305 size-thumbnail\" src=\"https:\/\/chastitylifestyle.club\/wp-content\/uploads\/2026\/02\/Mister-Pain-3-150x150.jpg\" alt=\"\" width=\"150\" height=\"150\" title=\"\" srcset=\"https:\/\/chastitylifestyle.club\/wp-content\/uploads\/2026\/02\/Mister-Pain-3-150x150.jpg 150w, https:\/\/chastitylifestyle.club\/wp-content\/uploads\/2026\/02\/Mister-Pain-3-12x12.jpg 12w, https:\/\/chastitylifestyle.club\/wp-content\/uploads\/2026\/02\/Mister-Pain-3-100x100.jpg 100w, https:\/\/chastitylifestyle.club\/wp-content\/uploads\/2026\/02\/Mister-Pain-3.jpg 300w\" sizes=\"auto, (max-width: 150px) 100vw, 150px\" \/><\/a>Mit seinem diskreten Design kann dieser Keuschheitsk\u00e4fig unter der Kleidung versteckt werden, was eine geheime Kontrolle und verlockende Vorfreude erm\u00f6glicht. Egal, ob Sie sich an einem Fernstromaustausch oder einer intimen Szene zu Hause beteiligen, dieses Ger\u00e4t h\u00e4lt W\u00fcnsche bis zum Moment der Ver\u00f6ffentlichung verschlossen, verst\u00e4rkt die Vorfreude und vertieft die Verbindung zwischen dominanten und unterw\u00fcrfigen Partnern. Sicherheit und Hygiene sind von gr\u00f6\u00dfter Bedeutung, und dieser Keuschheitsk\u00e4fig wurde nach diesen Prinzipien entwickelt. Das Bel\u00fcftungsdesign f\u00f6rdert den Luftstrom, verhindert Beschwerden oder unerw\u00fcnschte Feuchtigkeitsansammlungen, w\u00e4hrend die glatten Kanten und abgerundeten Konturen das Risiko von Scheuern oder Irritationen minimieren. Dar\u00fcber hinaus ist das Ger\u00e4t leicht zu reinigen und zu pflegen, was eine hygienische und sichere Erfahrung gew\u00e4hrleistet.<\/p>\n<p style=\"text-align: center;\"><div class=\"su-button-center\"><a href=\"https:\/\/chastitylifestyle.club\/en\/MisterPain\/\" class=\"su-button su-button-style-default\" style=\"color:#FFFFFF;background-color:#ef2dd8;border-color:#c024ad;border-radius:10px\" target=\"_blank\" rel=\"noopener noreferrer\"><span style=\"color:#FFFFFF;padding:6px 16px;font-size:13px;line-height:20px;border-color:#f46ce4;border-radius:10px;text-shadow:none\"><i class=\"sui sui-lock\" style=\"font-size:13px;color:#FFFFFF\"><\/i> Calling Mr. Pain<\/span><\/a><\/div>\n<p>&nbsp;<\/p>\n<h3 class=\"a-spacing-mini\">Umfassen Sie die Welt des Power-Spiels<\/h3>\n<p><a href=\"https:\/\/chastitylifestyle.club\/wp-content\/uploads\/2026\/02\/Mister-Pain-4.jpg\"><img loading=\"lazy\" decoding=\"async\" class=\"alignright wp-image-3306 size-thumbnail\" src=\"https:\/\/chastitylifestyle.club\/wp-content\/uploads\/2026\/02\/Mister-Pain-4-150x150.jpg\" alt=\"\" width=\"150\" height=\"150\" title=\"\" srcset=\"https:\/\/chastitylifestyle.club\/wp-content\/uploads\/2026\/02\/Mister-Pain-4-150x150.jpg 150w, https:\/\/chastitylifestyle.club\/wp-content\/uploads\/2026\/02\/Mister-Pain-4-12x12.jpg 12w, https:\/\/chastitylifestyle.club\/wp-content\/uploads\/2026\/02\/Mister-Pain-4-100x100.jpg 100w, https:\/\/chastitylifestyle.club\/wp-content\/uploads\/2026\/02\/Mister-Pain-4.jpg 300w\" sizes=\"auto, (max-width: 150px) 100vw, 150px\" \/><\/a>Umfassen Sie die Machtdynamik von Kraft und Sinnlichkeit und entsperren Sie eine Welt der Freude und Unterwerfung mit dem abschlie\u00dfbaren Keuschheitsk\u00e4fig mit Harnr\u00f6hrenr\u00f6hre. Egal, ob Sie die Tiefen Ihrer W\u00fcnsche erkunden, sich auf spielerische Zur\u00fcckhaltung einlassen oder die Kontrolle Ihrem dominanten Partner \u00fcbergeben, dieses exquisite Ger\u00e4t wird Sie auf eine aufregende Reise voller Leidenschaft und Verletzlichkeit mitnehmen. Entdecken Sie die Ekstase, die jenseits der Freiheit liegt, und g\u00f6nnen Sie sich mit diesem au\u00dfergew\u00f6hnlichen St\u00fcck intimer Kunstfertigkeit der fesselnden Welt des Keuschheitsspiels.<\/p>\n<p style=\"text-align: center;\"><div class=\"su-button-center\"><a href=\"https:\/\/chastitylifestyle.club\/en\/MisterPain\/\" class=\"su-button su-button-style-default\" style=\"color:#FFFFFF;background-color:#ef2dd8;border-color:#c024ad;border-radius:10px\" target=\"_blank\" rel=\"noopener noreferrer\"><span style=\"color:#FFFFFF;padding:6px 16px;font-size:13px;line-height:20px;border-color:#f46ce4;border-radius:10px;text-shadow:none\"><i class=\"sui sui-lock\" style=\"font-size:13px;color:#FFFFFF\"><\/i> Calling Mr. Pain<\/span><\/a><\/div>","protected":false},"excerpt":{"rendered":"<div class=\"content--description clearfix\">\n<div class=\"content--title\">Keuschheitsger\u00e4t mit Harnr\u00f6hrenplug<\/div>\n<div class=\"product--description\">\n<p>Harnr\u00f6hrenplug und Keuschheitsk\u00e4fig aus Edelstahl<\/p>\n<ul>\n<li>Durchmesser: ca. 40 mm, 45mm, 50mm<\/li>\n<li>Material: Edelstahl<\/li>\n<\/ul>\n<\/div>\n<\/div>","protected":false},"featured_media":3298,"comment_status":"open","ping_status":"closed","template":"","meta":[],"product_brand":[],"product_cat":[40],"product_tag":[66,263],"class_list":{"0":"post-3297","1":"product","2":"type-product","3":"status-publish","4":"has-post-thumbnail","6":"product_cat-keuschheitskaefige","7":"product_tag-dilator","8":"product_tag-mr-pain","10":"first","11":"instock","12":"taxable","13":"shipping-taxable","14":"product-type-external"},"_links":{"self":[{"href":"https:\/\/chastitylifestyle.club\/en\/wp-json\/wp\/v2\/product\/3297","targetHints":{"allow":["GET"]}}],"collection":[{"href":"https:\/\/chastitylifestyle.club\/en\/wp-json\/wp\/v2\/product"}],"about":[{"href":"https:\/\/chastitylifestyle.club\/en\/wp-json\/wp\/v2\/types\/product"}],"replies":[{"embeddable":true,"href":"https:\/\/chastitylifestyle.club\/en\/wp-json\/wp\/v2\/comments?post=3297"}],"wp:featuredmedia":[{"embeddable":true,"href":"https:\/\/chastitylifestyle.club\/en\/wp-json\/wp\/v2\/media\/3298"}],"wp:attachment":[{"href":"https:\/\/chastitylifestyle.club\/en\/wp-json\/wp\/v2\/media?parent=3297"}],"wp:term":[{"taxonomy":"product_brand","embeddable":true,"href":"https:\/\/chastitylifestyle.club\/en\/wp-json\/wp\/v2\/product_brand?post=3297"},{"taxonomy":"product_cat","embeddable":true,"href":"https:\/\/chastitylifestyle.club\/en\/wp-json\/wp\/v2\/product_cat?post=3297"},{"taxonomy":"product_tag","embeddable":true,"href":"https:\/\/chastitylifestyle.club\/en\/wp-json\/wp\/v2\/product_tag?post=3297"}],"curies":[{"name":"wp","href":"https:\/\/api.w.org\/{rel}","templated":true}]}}